{"id":97,"date":"2019-02-13T09:08:44","date_gmt":"2019-02-13T09:08:44","guid":{"rendered":"http:\/\/modernebiotechnologie.de\/?page_id=97"},"modified":"2020-01-29T11:35:40","modified_gmt":"2020-01-29T10:35:40","slug":"thisted","status":"publish","type":"page","link":"http:\/\/modernebiotechnologie.de\/?page_id=97","title":{"rendered":"Thisted 17.04. \u2013 21.04.2018"},"content":{"rendered":"\n<div class=\"wp-block-button\"><a class=\"wp-block-button__link has-background\" href=\"http:\/\/modernebiotechnologie.de\/wp-content\/uploads\/2019\/03\/Diashow-Thisted-2018.mp4\" style=\"background-color:#00577d\">Diashow<\/a><\/div>\n\n\n\n<p>Die Erasmus+ Gruppe traf sich am Gymnasium in Thisted, D\u00e4nemark zur Vorbereitung zweier Unterrichtsmodule zum Projektthema Nachhaltigkeit. Zum einen wurde ein Modul zur Herstellung von Biowasserstoff durch anaerobe Fermentation erarbeitet. Im Focus eines zweiten in Thisted vorbereiteten Moduls steht die Herstellung nachhaltiger, elektrischer Energie mittels einer mikrobiellen Brennstoffzelle.<\/p>\n\n\n\n<figure class=\"wp-block-image\"><img decoding=\"async\" src=\"http:\/\/www.sustainabilitybybiotechnology.com\/wp-content\/uploads\/2019\/02\/7650954064_IMG_2523-1024x764.jpg\" alt=\"\"\/><\/figure>\n\n\n\n<p><br> Im n\u00e4chsten Laborworkshop, der im November 2018 in Wien stattfinden wird, sollen beide Module experimentell evaluiert werden, um diese schlie\u00dflich in den Unterricht und die Lehrerfortbildung implementieren zu k\u00f6nnen. Im Wiener Workshop wird der Schwerpunkt der Laborarbeit daher auf der Herstellung von Biowasserstoff durch Fermentation, das Betreiben einer Brennstoffzelle mit dem hergestellten Wasserstoff und das Betreiben einer Windm\u00fchle mit der erzeugten elektrischen Energie sein.<br> Ferner wird mittels Hefe elektrische Energie in einer mikrobiellen Brennstoffzelle erzeugt werden, um schlie\u00dflich zu testen, welche Verbraucher sich durch die so erzeugte Energie betreiben lassen.<\/p>\n\n\n\n<div class=\"wp-block-image\"><figure class=\"aligncenter is-resized\"><img loading=\"lazy\" decoding=\"async\" src=\"http:\/\/www.sustainabilitybybiotechnology.com\/wp-content\/uploads\/2018\/04\/7650954064_IMG_2494.jpg\" alt=\"\" width=\"750\" height=\"509\"\/><\/figure><\/div>\n\n\n\n<p>Die Sch\u00fclerinnen und Sch\u00fcler \u00fcbersetzten die Unterrichtsmodule in ihre Muttersprache. Sie gewannen hierdurch auch das biochemische und biophysikalische Hintergrundwissen, um anhand dieser Technologien nachhaltig Energie zu erzeugen.<br>\nEin Ausflug zum Nationalen Test Zentrum f\u00fcr Windm\u00fchlen in \u00d8sterild zeigte die Dimension heutiger nachhaltiger Energieproduktion, die bis zu sieben Megawatt Strom produzieren k\u00f6nnen.<\/p>\n\n\n\n<p>Um die d\u00e4nische Kultur n\u00e4her kennenzulernen wurden die angereisten Sch\u00fclerinnen und Sch\u00fcler in Gastfamilien untergebracht. Alle Teilnehmer \u00fcbten sich in Aktivit\u00e4ten wie Stand Up Paddling, Mountain Bike fahren oder Wandern im Nationalpark von Thy. Au\u00dferdem besuchte die Gruppe das Bunker Museum in Hanstholm, einem beeindruckenden Relikt aus dem zweiten Weltkrieg.<\/p>\n","protected":false},"excerpt":{"rendered":"<p>Die Erasmus+ Gruppe traf sich am Gymnasium in Thisted, D\u00e4nemark zur Vorbereitung zweier Unterrichtsmodule zum Projektthema Nachhaltigkeit. Zum einen wurde ein Modul zur Herstellung von Biowasserstoff durch anaerobe Fermentation erarbeitet. Im Focus eines zweiten in Thisted vorbereiteten Moduls steht die Herstellung nachhaltiger, elektrischer Energie mittels einer mikrobiellen Brennstoffzelle. Im n\u00e4chsten Laborworkshop, der im November 2018 [&hellip;]<\/p>\n","protected":false},"author":2,"featured_media":322,"parent":84,"menu_order":0,"comment_status":"closed","ping_status":"closed","template":"","meta":{"footnotes":""},"_links":{"self":[{"href":"http:\/\/modernebiotechnologie.de\/index.php?rest_route=\/wp\/v2\/pages\/97"}],"collection":[{"href":"http:\/\/modernebiotechnologie.de\/index.php?rest_route=\/wp\/v2\/pages"}],"about":[{"href":"http:\/\/modernebiotechnologie.de\/index.php?rest_route=\/wp\/v2\/types\/page"}],"author":[{"embeddable":true,"href":"http:\/\/modernebiotechnologie.de\/index.php?rest_route=\/wp\/v2\/users\/2"}],"replies":[{"embeddable":true,"href":"http:\/\/modernebiotechnologie.de\/index.php?rest_route=%2Fwp%2Fv2%2Fcomments&post=97"}],"version-history":[{"count":7,"href":"http:\/\/modernebiotechnologie.de\/index.php?rest_route=\/wp\/v2\/pages\/97\/revisions"}],"predecessor-version":[{"id":1152,"href":"http:\/\/modernebiotechnologie.de\/index.php?rest_route=\/wp\/v2\/pages\/97\/revisions\/1152"}],"up":[{"embeddable":true,"href":"http:\/\/modernebiotechnologie.de\/index.php?rest_route=\/wp\/v2\/pages\/84"}],"wp:featuredmedia":[{"embeddable":true,"href":"http:\/\/modernebiotechnologie.de\/index.php?rest_route=\/wp\/v2\/media\/322"}],"wp:attachment":[{"href":"http:\/\/modernebiotechnologie.de\/index.php?rest_route=%2Fwp%2Fv2%2Fmedia&parent=97"}],"curies":[{"name":"wp","href":"https:\/\/api.w.org\/{rel}","templated":true}]}}