{"id":93,"date":"2019-02-13T09:08:05","date_gmt":"2019-02-13T09:08:05","guid":{"rendered":"http:\/\/modernebiotechnologie.de\/?page_id=93"},"modified":"2020-01-29T11:36:41","modified_gmt":"2020-01-29T10:36:41","slug":"miskolc","status":"publish","type":"page","link":"http:\/\/modernebiotechnologie.de\/?page_id=93","title":{"rendered":"Miskolc 26.09. \u2013 30.09.2017"},"content":{"rendered":"\n<div class=\"wp-block-button\"><a class=\"wp-block-button__link has-background\" href=\"http:\/\/modernebiotechnologie.de\/wp-content\/uploads\/2019\/04\/Diashow-Miskolc-2017.mp4\" style=\"background-color:#00577d\">Diashow<\/a><\/div>\n\n\n\n<p> Am Dienstag, den 26.09.2017 flogen wir von Frankfurt nach Budapest. Als wir dort ankamen, hatten wir eine noch 2-st\u00fcndige Zugfahrt nach Miskolc vor uns, der mit 160.000 Einwohnern drittgr\u00f6\u00dften Stadt Ungarns. Am Bahnhof wurden die Sch\u00fcler herzlich von den Gastfamilien begr\u00fc\u00dft.<\/p>\n\n\n\n<figure class=\"wp-block-image\"><img loading=\"lazy\" decoding=\"async\" width=\"1024\" height=\"682\" src=\"http:\/\/modernebiotechnologie.de\/wp-content\/uploads\/2019\/02\/MG_0094-min-2-1024x682.jpg\" alt=\"\" class=\"wp-image-186\" srcset=\"http:\/\/modernebiotechnologie.de\/wp-content\/uploads\/2019\/02\/MG_0094-min-2-1024x682.jpg 1024w, http:\/\/modernebiotechnologie.de\/wp-content\/uploads\/2019\/02\/MG_0094-min-2-300x200.jpg 300w, http:\/\/modernebiotechnologie.de\/wp-content\/uploads\/2019\/02\/MG_0094-min-2-768x511.jpg 768w\" sizes=\"(max-width: 1024px) 100vw, 1024px\" \/><\/figure>\n\n\n\n<p>Das Projekttreffen begann mit einer\nPressekonferenz, bei der die lokalen Zeitungsredaktionen anwesend waren. \n\nZur Einf\u00fchrung in die intensive Arbeitsphase wurde vom ungarischen\nGastgeber ein wissenschaftlicher Vortrag gehalten. Thema war die\nUmweltproblematik ausgel\u00f6st durch Kunststoffe z.B. in den Ozeanen, deren\ngesundheitlichen Folgen und die Alternative durch biotechnologisch hergestellte,\nbiologisch abbaubare Kunststoffe wie z.B. Polymilchs\u00e4ure (PLA). In einer\nBrainstorming-Phase diskutierten wir gemeinsam, wie man einen selbstgebauten\nFermenter f\u00fcr die Laborarbeit konstruieren kann und wie man die Fermentation\ndurch Messung der optischen Dichte, Glukose- und Milchs\u00e4urekonzentration steuern\nkann.\n\n\n\n<\/p>\n\n\n\n<div class=\"wp-block-image\"><figure class=\"aligncenter is-resized\"><img loading=\"lazy\" decoding=\"async\" src=\"http:\/\/modernebiotechnologie.de\/wp-content\/uploads\/2019\/02\/IMG_0041-1-1024x682.jpg\" alt=\"\" class=\"wp-image-187\" width=\"747\" height=\"497\" srcset=\"http:\/\/modernebiotechnologie.de\/wp-content\/uploads\/2019\/02\/IMG_0041-1-1024x682.jpg 1024w, http:\/\/modernebiotechnologie.de\/wp-content\/uploads\/2019\/02\/IMG_0041-1-300x200.jpg 300w, http:\/\/modernebiotechnologie.de\/wp-content\/uploads\/2019\/02\/IMG_0041-1-768x511.jpg 768w\" sizes=\"(max-width: 747px) 100vw, 747px\" \/><\/figure><\/div>\n\n\n\n<p>Nach dieser Einf\u00fchrung wurden die Arbeitsaufgaben auf kleine internationale Gruppen verteilt. Jede Arbeitsgruppe \u00fcbersetzte die Laborprotokolle f\u00fcr die Herstellung von Milchs\u00e4ure in einer anaeroben Fermentation und chemischen Polymerisation aus der Arbeitssprache Englisch in ihre Muttersprache. W\u00e4hrend des anschlie\u00dfenden Laborworkshops in Hamburg im Februar 2018 soll das erarbeitete Unterrichtsmodul evaluiert werden, indem wir den Produktionsprozess von Milchs\u00e4ure entweder in einem professionellen oder selbstgebauten Fermenter durchf\u00fchren. Am Freitag fuhren wir mit dem Bus nach Budapest und machten eine Bootsfahrt auf der Donau. Wir besuchten die Kathedrale und das Schloss im Stadtteil Buda. Der Abend endete mit einem Abschiedsessen im Budapester Stadtteil Pest. Nachdem wir uns beim Gastgeberteam f\u00fcr die hervorragende Gastfreundschaft bedankt hatten, endete das Treffen sp\u00e4t in der Nacht. <\/p>\n","protected":false},"excerpt":{"rendered":"<p>Am Dienstag, den 26.09.2017 flogen wir von Frankfurt nach Budapest. Als wir dort ankamen, hatten wir eine noch 2-st\u00fcndige Zugfahrt nach Miskolc vor uns, der mit 160.000 Einwohnern drittgr\u00f6\u00dften Stadt Ungarns. Am Bahnhof wurden die Sch\u00fcler herzlich von den Gastfamilien begr\u00fc\u00dft. Das Projekttreffen begann mit einer Pressekonferenz, bei der die lokalen Zeitungsredaktionen anwesend waren. Zur [&hellip;]<\/p>\n","protected":false},"author":2,"featured_media":0,"parent":84,"menu_order":0,"comment_status":"closed","ping_status":"closed","template":"","meta":{"footnotes":""},"_links":{"self":[{"href":"http:\/\/modernebiotechnologie.de\/index.php?rest_route=\/wp\/v2\/pages\/93"}],"collection":[{"href":"http:\/\/modernebiotechnologie.de\/index.php?rest_route=\/wp\/v2\/pages"}],"about":[{"href":"http:\/\/modernebiotechnologie.de\/index.php?rest_route=\/wp\/v2\/types\/page"}],"author":[{"embeddable":true,"href":"http:\/\/modernebiotechnologie.de\/index.php?rest_route=\/wp\/v2\/users\/2"}],"replies":[{"embeddable":true,"href":"http:\/\/modernebiotechnologie.de\/index.php?rest_route=%2Fwp%2Fv2%2Fcomments&post=93"}],"version-history":[{"count":9,"href":"http:\/\/modernebiotechnologie.de\/index.php?rest_route=\/wp\/v2\/pages\/93\/revisions"}],"predecessor-version":[{"id":1154,"href":"http:\/\/modernebiotechnologie.de\/index.php?rest_route=\/wp\/v2\/pages\/93\/revisions\/1154"}],"up":[{"embeddable":true,"href":"http:\/\/modernebiotechnologie.de\/index.php?rest_route=\/wp\/v2\/pages\/84"}],"wp:attachment":[{"href":"http:\/\/modernebiotechnologie.de\/index.php?rest_route=%2Fwp%2Fv2%2Fmedia&parent=93"}],"curies":[{"name":"wp","href":"https:\/\/api.w.org\/{rel}","templated":true}]}}