{"id":91,"date":"2019-02-13T09:07:31","date_gmt":"2019-02-13T09:07:31","guid":{"rendered":"http:\/\/modernebiotechnologie.de\/?page_id=91"},"modified":"2019-07-18T07:27:21","modified_gmt":"2019-07-18T07:27:21","slug":"ausblick-2019","status":"publish","type":"page","link":"http:\/\/modernebiotechnologie.de\/?page_id=91","title":{"rendered":"Besuch der chinesischen G\u00e4ste in Pforzheim"},"content":{"rendered":"\n<p>Am Montagabend, den 15.07.2019 kamen die 11 chinesischen Austauschsch\u00fcler und ihre Begleitlehrerin in Frankfurt an.&nbsp;<\/p>\n<p><img loading=\"lazy\" decoding=\"async\" class=\"wp-image-633 aligncenter\" src=\"http:\/\/modernebiotechnologie.de\/wp-content\/uploads\/2019\/07\/IMG_4004-1024x768.jpg\" alt=\"\" width=\"800\" height=\"600\" srcset=\"http:\/\/modernebiotechnologie.de\/wp-content\/uploads\/2019\/07\/IMG_4004-1024x768.jpg 1024w, http:\/\/modernebiotechnologie.de\/wp-content\/uploads\/2019\/07\/IMG_4004-300x225.jpg 300w, http:\/\/modernebiotechnologie.de\/wp-content\/uploads\/2019\/07\/IMG_4004-768x576.jpg 768w\" sizes=\"(max-width: 800px) 100vw, 800px\" \/><\/p>\n\n\n\n<p>Nach anderthalb Stunden Fahrt erreichten wir den vereinbarten Treffpunkt und die Gastfamilien hie\u00dfen die chinesischen G\u00e4ste bei einem herrlichen Sonnenuntergang herzlich willkommen.<\/p>\n<p><img loading=\"lazy\" decoding=\"async\" class=\"wp-image-634 aligncenter\" src=\"http:\/\/modernebiotechnologie.de\/wp-content\/uploads\/2019\/07\/IMG_4015-1024x768.jpg\" alt=\"\" width=\"800\" height=\"600\" srcset=\"http:\/\/modernebiotechnologie.de\/wp-content\/uploads\/2019\/07\/IMG_4015-1024x768.jpg 1024w, http:\/\/modernebiotechnologie.de\/wp-content\/uploads\/2019\/07\/IMG_4015-300x225.jpg 300w, http:\/\/modernebiotechnologie.de\/wp-content\/uploads\/2019\/07\/IMG_4015-768x576.jpg 768w\" sizes=\"(max-width: 800px) 100vw, 800px\" \/><\/p>\n\n\n\n<p>Am folgenden Morgen wurden unsere G\u00e4ste mit einem Willkommensfr\u00fchst\u00fcck in der Schule begr\u00fc\u00dft.<\/p>\n<p><img decoding=\"async\" class=\"wp-image-635 aligncenter\" src=\"http:\/\/modernebiotechnologie.de\/wp-content\/uploads\/2019\/07\/IMG_4021-1024x768.jpg\" alt=\"\" width=\"800\" height=\"\" srcset=\"http:\/\/modernebiotechnologie.de\/wp-content\/uploads\/2019\/07\/IMG_4021-1024x768.jpg 1024w, http:\/\/modernebiotechnologie.de\/wp-content\/uploads\/2019\/07\/IMG_4021-300x225.jpg 300w, http:\/\/modernebiotechnologie.de\/wp-content\/uploads\/2019\/07\/IMG_4021-768x576.jpg 768w\" sizes=\"(max-width: 1024px) 100vw, 1024px\" \/><\/p>\n\n\n\n<p>Am Dienstag organisierten die Sch\u00fcler der Klasse BTG12 und die Mitglieder der AG das Experiment zum Genetischen Fingerabdruck.<\/p>\n<p><img decoding=\"async\" class=\"wp-image-649 aligncenter\" src=\"http:\/\/modernebiotechnologie.de\/wp-content\/uploads\/2019\/07\/IMG_4029-1024x768.jpg\" alt=\"\" width=\"800\" height=\"\" srcset=\"http:\/\/modernebiotechnologie.de\/wp-content\/uploads\/2019\/07\/IMG_4029-1024x768.jpg 1024w, http:\/\/modernebiotechnologie.de\/wp-content\/uploads\/2019\/07\/IMG_4029-300x225.jpg 300w, http:\/\/modernebiotechnologie.de\/wp-content\/uploads\/2019\/07\/IMG_4029-768x576.jpg 768w\" sizes=\"(max-width: 1024px) 100vw, 1024px\" \/><\/p>\n\n\n\n<p><img decoding=\"async\" class=\"size-large wp-image-650 aligncenter\" src=\"http:\/\/modernebiotechnologie.de\/wp-content\/uploads\/2019\/07\/IMG_4170-1024x768.jpg\" alt=\"\" width=\"800\" height=\"\" srcset=\"http:\/\/modernebiotechnologie.de\/wp-content\/uploads\/2019\/07\/IMG_4170-1024x768.jpg 1024w, http:\/\/modernebiotechnologie.de\/wp-content\/uploads\/2019\/07\/IMG_4170-300x225.jpg 300w, http:\/\/modernebiotechnologie.de\/wp-content\/uploads\/2019\/07\/IMG_4170-768x576.jpg 768w\" sizes=\"(max-width: 1024px) 100vw, 1024px\" \/><\/p>\n\n\n\n<p>Am Donnerstag morgen stellten sich die chinesischen Sch\u00fcler anhand vorbereiteter Pr\u00e4sentationen selbst vor. Neben den eigenen Hobbys und Interessen z\u00e4hlten auch allgemeine Informationen \u00fcber China und Nanjing zu den Pr\u00e4sentationsinhalten.<\/p>\n<p><img decoding=\"async\" class=\"size-large wp-image-675 aligncenter\" src=\"http:\/\/modernebiotechnologie.de\/wp-content\/uploads\/2019\/07\/IMG_4231-e1563434694486-1024x768.jpg\" alt=\"\" width=\"800\" height=\"\" srcset=\"http:\/\/modernebiotechnologie.de\/wp-content\/uploads\/2019\/07\/IMG_4231-e1563434694486-1024x768.jpg 1024w, http:\/\/modernebiotechnologie.de\/wp-content\/uploads\/2019\/07\/IMG_4231-e1563434694486-300x225.jpg 300w, http:\/\/modernebiotechnologie.de\/wp-content\/uploads\/2019\/07\/IMG_4231-e1563434694486-768x576.jpg 768w\" sizes=\"(max-width: 1024px) 100vw, 1024px\" \/><\/p>\n\n\n\n\n\n\n","protected":false},"excerpt":{"rendered":"<p>Am Montagabend, den 15.07.2019 kamen die 11 chinesischen Austauschsch\u00fcler und ihre Begleitlehrerin in Frankfurt an.&nbsp; Nach anderthalb Stunden Fahrt erreichten wir den vereinbarten Treffpunkt und die Gastfamilien hie\u00dfen die chinesischen G\u00e4ste bei einem herrlichen Sonnenuntergang herzlich willkommen. Am folgenden Morgen wurden unsere G\u00e4ste mit einem Willkommensfr\u00fchst\u00fcck in der Schule begr\u00fc\u00dft. Am Dienstag organisierten die Sch\u00fcler [&hellip;]<\/p>\n","protected":false},"author":2,"featured_media":0,"parent":82,"menu_order":0,"comment_status":"closed","ping_status":"closed","template":"","meta":{"footnotes":""},"_links":{"self":[{"href":"http:\/\/modernebiotechnologie.de\/index.php?rest_route=\/wp\/v2\/pages\/91"}],"collection":[{"href":"http:\/\/modernebiotechnologie.de\/index.php?rest_route=\/wp\/v2\/pages"}],"about":[{"href":"http:\/\/modernebiotechnologie.de\/index.php?rest_route=\/wp\/v2\/types\/page"}],"author":[{"embeddable":true,"href":"http:\/\/modernebiotechnologie.de\/index.php?rest_route=\/wp\/v2\/users\/2"}],"replies":[{"embeddable":true,"href":"http:\/\/modernebiotechnologie.de\/index.php?rest_route=%2Fwp%2Fv2%2Fcomments&post=91"}],"version-history":[{"count":7,"href":"http:\/\/modernebiotechnologie.de\/index.php?rest_route=\/wp\/v2\/pages\/91\/revisions"}],"predecessor-version":[{"id":678,"href":"http:\/\/modernebiotechnologie.de\/index.php?rest_route=\/wp\/v2\/pages\/91\/revisions\/678"}],"up":[{"embeddable":true,"href":"http:\/\/modernebiotechnologie.de\/index.php?rest_route=\/wp\/v2\/pages\/82"}],"wp:attachment":[{"href":"http:\/\/modernebiotechnologie.de\/index.php?rest_route=%2Fwp%2Fv2%2Fmedia&parent=91"}],"curies":[{"name":"wp","href":"https:\/\/api.w.org\/{rel}","templated":true}]}}