{"id":80,"date":"2019-02-13T09:04:30","date_gmt":"2019-02-13T09:04:30","guid":{"rendered":"http:\/\/modernebiotechnologie.de\/?page_id=80"},"modified":"2019-02-14T16:52:10","modified_gmt":"2019-02-14T16:52:10","slug":"china-austausch","status":"publish","type":"page","link":"http:\/\/modernebiotechnologie.de\/?page_id=80","title":{"rendered":"China-Austausch"},"content":{"rendered":"\n<p>Seit 2013 findet ein vierw\u00f6chiger deutsch-chinesischer\nSch\u00fcleraustausch mit der Nanjing Foreign Language School statt. Dieser Austausch\nwird vom Rotary Club Pforzheim gef\u00f6rdert. Zw\u00f6lf chinesische\nSch\u00fcler werden vom 16. Juli bis 26. Juli 2019 zu Gast in Pforzheim sein. F\u00fcnf\nSch\u00fclermentoren der JWS besuchen im September 2019 zwei Wochen lang den\nUnterricht an der Partnerschule und werden anschlie\u00dfend zwei Wochen lang in\neinem chinesischen Biotechnologie Unternehmen ein Praktikum absolvieren.<\/p>\n","protected":false},"excerpt":{"rendered":"<p>Seit 2013 findet ein vierw\u00f6chiger deutsch-chinesischer Sch\u00fcleraustausch mit der Nanjing Foreign Language School statt. Dieser Austausch wird vom Rotary Club Pforzheim gef\u00f6rdert. Zw\u00f6lf chinesische Sch\u00fcler werden vom 16. Juli bis 26. Juli 2019 zu Gast in Pforzheim sein. F\u00fcnf Sch\u00fclermentoren der JWS besuchen im September 2019 zwei Wochen lang den Unterricht an der Partnerschule und [&hellip;]<\/p>\n","protected":false},"author":2,"featured_media":0,"parent":72,"menu_order":0,"comment_status":"closed","ping_status":"closed","template":"","meta":{"footnotes":""},"_links":{"self":[{"href":"http:\/\/modernebiotechnologie.de\/index.php?rest_route=\/wp\/v2\/pages\/80"}],"collection":[{"href":"http:\/\/modernebiotechnologie.de\/index.php?rest_route=\/wp\/v2\/pages"}],"about":[{"href":"http:\/\/modernebiotechnologie.de\/index.php?rest_route=\/wp\/v2\/types\/page"}],"author":[{"embeddable":true,"href":"http:\/\/modernebiotechnologie.de\/index.php?rest_route=\/wp\/v2\/users\/2"}],"replies":[{"embeddable":true,"href":"http:\/\/modernebiotechnologie.de\/index.php?rest_route=%2Fwp%2Fv2%2Fcomments&post=80"}],"version-history":[{"count":2,"href":"http:\/\/modernebiotechnologie.de\/index.php?rest_route=\/wp\/v2\/pages\/80\/revisions"}],"predecessor-version":[{"id":342,"href":"http:\/\/modernebiotechnologie.de\/index.php?rest_route=\/wp\/v2\/pages\/80\/revisions\/342"}],"up":[{"embeddable":true,"href":"http:\/\/modernebiotechnologie.de\/index.php?rest_route=\/wp\/v2\/pages\/72"}],"wp:attachment":[{"href":"http:\/\/modernebiotechnologie.de\/index.php?rest_route=%2Fwp%2Fv2%2Fmedia&parent=80"}],"curies":[{"name":"wp","href":"https:\/\/api.w.org\/{rel}","templated":true}]}}