{"id":788,"date":"2019-09-19T12:20:23","date_gmt":"2019-09-19T12:20:23","guid":{"rendered":"http:\/\/modernebiotechnologie.de\/?page_id=788"},"modified":"2020-01-29T19:03:02","modified_gmt":"2020-01-29T18:03:02","slug":"china-aufenthalt-2019","status":"publish","type":"page","link":"http:\/\/modernebiotechnologie.de\/?page_id=788","title":{"rendered":"Unser Gegenbesuch in China"},"content":{"rendered":"\n<p>Am 6. September 2019 landeten die Sch\u00fcler Jovana Topalovska, Katharina Liebig, Doreen Beyer und Luka Obradovic in Nanjing, um den diesj\u00e4hrigen Sch\u00fcleraustausch mit unserer Partnerschule, der Nanjing Foreign Language School, in China anzutreten. In ihrer ersten Woche hatten die Sch\u00fcler die Gelegenheit praktische Erfahrung in dem biotechnologischen Unternehmen Nan Jing Zhongshan Pharmaceutical CO. LTD zu sammeln. Darunter fiel auch die Herstellung eines Medikaments zur Behandlung der Leber und Nieren. Die weitere Zeit des Austausches werden die Sch\u00fcler die Kultur von China in speziellen Unterrichtsstunden kennenlernen und ihre Austauschsch\u00fclerin in der Schule begleiten.<br><br><\/p>\n\n\n\n<div class=\"wp-block-image\"><figure class=\"aligncenter\"><img loading=\"lazy\" decoding=\"async\" width=\"1024\" height=\"768\" src=\"http:\/\/modernebiotechnologie.de\/wp-content\/uploads\/2019\/10\/IMG_20190908_133213_1-1024x768.jpg\" alt=\"\" class=\"wp-image-830\" srcset=\"http:\/\/modernebiotechnologie.de\/wp-content\/uploads\/2019\/10\/IMG_20190908_133213_1-1024x768.jpg 1024w, http:\/\/modernebiotechnologie.de\/wp-content\/uploads\/2019\/10\/IMG_20190908_133213_1-300x225.jpg 300w, http:\/\/modernebiotechnologie.de\/wp-content\/uploads\/2019\/10\/IMG_20190908_133213_1-768x576.jpg 768w\" sizes=\"(max-width: 1024px) 100vw, 1024px\" \/><figcaption><em>Besuch einer Balllettschule in Yicheng.<\/em><\/figcaption><\/figure><\/div>\n\n\n\n<div class=\"wp-block-image\"><figure class=\"aligncenter is-resized\"><img loading=\"lazy\" decoding=\"async\" src=\"http:\/\/modernebiotechnologie.de\/wp-content\/uploads\/2019\/10\/IMG_20190930_143851-768x1024.jpg\" alt=\"\" class=\"wp-image-829\" width=\"744\" height=\"992\" srcset=\"http:\/\/modernebiotechnologie.de\/wp-content\/uploads\/2019\/10\/IMG_20190930_143851-768x1024.jpg 768w, http:\/\/modernebiotechnologie.de\/wp-content\/uploads\/2019\/10\/IMG_20190930_143851-225x300.jpg 225w\" sizes=\"(max-width: 744px) 100vw, 744px\" \/><figcaption><em>Deutsche Sch\u00fcler vor dem Motto der Schule.<\/em><\/figcaption><\/figure><\/div>\n\n\n\n<div class=\"wp-block-image\"><figure class=\"aligncenter is-resized\"><img loading=\"lazy\" decoding=\"async\" src=\"http:\/\/modernebiotechnologie.de\/wp-content\/uploads\/2019\/10\/IMG_20190911_135150-1024x768.jpg\" alt=\"\" class=\"wp-image-831\" width=\"743\" height=\"557\" srcset=\"http:\/\/modernebiotechnologie.de\/wp-content\/uploads\/2019\/10\/IMG_20190911_135150-1024x768.jpg 1024w, http:\/\/modernebiotechnologie.de\/wp-content\/uploads\/2019\/10\/IMG_20190911_135150-300x225.jpg 300w, http:\/\/modernebiotechnologie.de\/wp-content\/uploads\/2019\/10\/IMG_20190911_135150-768x576.jpg 768w\" sizes=\"(max-width: 743px) 100vw, 743px\" \/><\/figure><\/div>\n\n\n\n<div class=\"wp-block-image\"><figure class=\"aligncenter is-resized\"><img loading=\"lazy\" decoding=\"async\" src=\"http:\/\/modernebiotechnologie.de\/wp-content\/uploads\/2019\/10\/IMG_20190911_141758-768x1024.jpg\" alt=\"\" class=\"wp-image-827\" width=\"742\" height=\"989\" srcset=\"http:\/\/modernebiotechnologie.de\/wp-content\/uploads\/2019\/10\/IMG_20190911_141758-768x1024.jpg 768w, http:\/\/modernebiotechnologie.de\/wp-content\/uploads\/2019\/10\/IMG_20190911_141758-225x300.jpg 225w\" sizes=\"(max-width: 742px) 100vw, 742px\" \/><figcaption><em>Arbeiten im Labor <\/em><\/figcaption><\/figure><\/div>\n\n\n\n<div class=\"wp-block-image\"><figure class=\"aligncenter is-resized\"><img loading=\"lazy\" decoding=\"async\" src=\"http:\/\/modernebiotechnologie.de\/wp-content\/uploads\/2019\/10\/IMG_20190918_094303-1024x768.jpg\" alt=\"\" class=\"wp-image-828\" width=\"744\" height=\"558\" srcset=\"http:\/\/modernebiotechnologie.de\/wp-content\/uploads\/2019\/10\/IMG_20190918_094303-1024x768.jpg 1024w, http:\/\/modernebiotechnologie.de\/wp-content\/uploads\/2019\/10\/IMG_20190918_094303-300x225.jpg 300w, http:\/\/modernebiotechnologie.de\/wp-content\/uploads\/2019\/10\/IMG_20190918_094303-768x576.jpg 768w\" sizes=\"(max-width: 744px) 100vw, 744px\" \/><figcaption><em>Kulture Aktivit\u00e4ten, chinesisches paper cutting.<\/em><\/figcaption><\/figure><\/div>\n","protected":false},"excerpt":{"rendered":"<p>Am 6. September 2019 landeten die Sch\u00fcler Jovana Topalovska, Katharina Liebig, Doreen Beyer und Luka Obradovic in Nanjing, um den diesj\u00e4hrigen Sch\u00fcleraustausch mit unserer Partnerschule, der Nanjing Foreign Language School, in China anzutreten. In ihrer ersten Woche hatten die Sch\u00fcler die Gelegenheit praktische Erfahrung in dem biotechnologischen Unternehmen Nan Jing Zhongshan Pharmaceutical CO. LTD zu [&hellip;]<\/p>\n","protected":false},"author":2,"featured_media":0,"parent":0,"menu_order":0,"comment_status":"closed","ping_status":"closed","template":"","meta":{"footnotes":""},"_links":{"self":[{"href":"http:\/\/modernebiotechnologie.de\/index.php?rest_route=\/wp\/v2\/pages\/788"}],"collection":[{"href":"http:\/\/modernebiotechnologie.de\/index.php?rest_route=\/wp\/v2\/pages"}],"about":[{"href":"http:\/\/modernebiotechnologie.de\/index.php?rest_route=\/wp\/v2\/types\/page"}],"author":[{"embeddable":true,"href":"http:\/\/modernebiotechnologie.de\/index.php?rest_route=\/wp\/v2\/users\/2"}],"replies":[{"embeddable":true,"href":"http:\/\/modernebiotechnologie.de\/index.php?rest_route=%2Fwp%2Fv2%2Fcomments&post=788"}],"version-history":[{"count":8,"href":"http:\/\/modernebiotechnologie.de\/index.php?rest_route=\/wp\/v2\/pages\/788\/revisions"}],"predecessor-version":[{"id":1245,"href":"http:\/\/modernebiotechnologie.de\/index.php?rest_route=\/wp\/v2\/pages\/788\/revisions\/1245"}],"wp:attachment":[{"href":"http:\/\/modernebiotechnologie.de\/index.php?rest_route=%2Fwp%2Fv2%2Fmedia&parent=788"}],"curies":[{"name":"wp","href":"https:\/\/api.w.org\/{rel}","templated":true}]}}