{"id":589,"date":"2022-12-24T17:05:09","date_gmt":"2022-12-24T16:05:09","guid":{"rendered":"http:\/\/modernebiotechnologie.de\/?page_id=589"},"modified":"2023-12-12T20:58:04","modified_gmt":"2023-12-12T19:58:04","slug":"erasmus-team-traf-sich-fuer-ihr-erstes-projektmeeting-in-daenemark","status":"publish","type":"page","link":"http:\/\/modernebiotechnologie.de\/?page_id=589","title":{"rendered":"Erasmus+ Team traf sich f\u00fcr ihr  erstes Projektmeeting in D\u00e4nemark"},"content":{"rendered":"\n<p>Das Erasmus+ Team welches aus Sch\u00fclerinnen und Sch\u00fclern und Lehrerinnen und Lehrern aus D\u00e4nemark, Deutschland, Frankreich, Griechenland, Litauen, Polen, Slowakei und der Tschechischen Republik besteht, hat sich f\u00fcr das erste Projektmeeting in Thisted zusammengefunden. Vom 17.09.-27.09.2022 wurde in D\u00e4nemark der Grundstein f\u00fcr das neue Projekt \u201eEurop\u00e4ische Herausforderungen in moderner Gentechnik durch Crispr\/Cas9\u201c gelegt, welches zwei Jahre andauern wird.<\/p>\n<p><img loading=\"lazy\" decoding=\"async\" class=\"aligncenter wp-image-2450 size-full\" src=\"http:\/\/modernebiotechnologie.de\/wp-content\/uploads\/2022\/11\/bild-1.jpg\" alt=\"\" width=\"1385\" height=\"772\" srcset=\"http:\/\/modernebiotechnologie.de\/wp-content\/uploads\/2022\/11\/bild-1.jpg 1385w, http:\/\/modernebiotechnologie.de\/wp-content\/uploads\/2022\/11\/bild-1-300x167.jpg 300w, http:\/\/modernebiotechnologie.de\/wp-content\/uploads\/2022\/11\/bild-1-1024x571.jpg 1024w, http:\/\/modernebiotechnologie.de\/wp-content\/uploads\/2022\/11\/bild-1-768x428.jpg 768w\" sizes=\"(max-width: 1385px) 100vw, 1385px\" \/><\/p>\n<p>(Gruppenfoto des Erasmus+ Teams)<br \/>Im ersten Projektmeeting haben Sch\u00fclermentoren aus D\u00e4nemark, Deutschland und Frankreich den europ\u00e4ischen Sch\u00fcler\/innen und Lehrer\/innen die Grundlagen \u00fcber Crispr\/Cas9 und Gentechnik im Allgemeinen Vermittelt. Neben dem theoretischen Unterricht zum Thema Crispr, h\u00f6rte das internationale Team auch durch Vortr\u00e4ge von Organisator Dr. J\u00fcrgen Braun, Dr. Murray Brockman ehemaliger Schulleiter der GSSM in South Carolina USA und Doktorand Issa Ismael Issa von der Universit\u00e4t Aalborg zum Thema Crispr\/Cas9.<\/p>\n<p><img loading=\"lazy\" decoding=\"async\" class=\"alignnone wp-image-2451 size-full\" src=\"http:\/\/modernebiotechnologie.de\/wp-content\/uploads\/2022\/11\/bild-2.jpg\" alt=\"\" width=\"1024\" height=\"768\" srcset=\"http:\/\/modernebiotechnologie.de\/wp-content\/uploads\/2022\/11\/bild-2.jpg 1024w, http:\/\/modernebiotechnologie.de\/wp-content\/uploads\/2022\/11\/bild-2-300x225.jpg 300w, http:\/\/modernebiotechnologie.de\/wp-content\/uploads\/2022\/11\/bild-2-768x576.jpg 768w\" sizes=\"(max-width: 1024px) 100vw, 1024px\" \/><\/p>\n<p>(Murray Brockman \u00fcber Crispr\/Cas9 als Immunabwehrsystem bei Bakterien)<br \/>Um die neuen Teilnehmer in die Laborarbeit einzuf\u00fchren und ihnen das rollierende <br \/>Mentorensystem zu pr\u00e4sentieren, haben wir ein Experiment zum Genetischen Fingerabdruck durchgef\u00fchrt um den T\u00e4ter aus f\u00fcnf Verd\u00e4chtigen zu identifizieren. Im Experiment haben wir mit der Mikropipette und dem Verfahren der Gel-Elektrophorese gearbeitet. Diese sind auch essentielle Laborger\u00e4te und Verfahren in den n\u00e4chsten Workshops mit Crispr\/Cas9. Im Experiment zum Genetischen Fingerabdruck war es unser Ziel Plasmid DNA mit dem alten Verfahren, den Restriktionsenzymen zu schneiden.<\/p>\n<p><img loading=\"lazy\" decoding=\"async\" class=\"alignnone wp-image-2461 size-full\" src=\"http:\/\/modernebiotechnologie.de\/wp-content\/uploads\/2022\/11\/bild3-1.png\" alt=\"\" width=\"1287\" height=\"547\" srcset=\"http:\/\/modernebiotechnologie.de\/wp-content\/uploads\/2022\/11\/bild3-1.png 1287w, http:\/\/modernebiotechnologie.de\/wp-content\/uploads\/2022\/11\/bild3-1-300x128.png 300w, http:\/\/modernebiotechnologie.de\/wp-content\/uploads\/2022\/11\/bild3-1-1024x435.png 1024w, http:\/\/modernebiotechnologie.de\/wp-content\/uploads\/2022\/11\/bild3-1-768x326.png 768w\" sizes=\"(max-width: 1287px) 100vw, 1287px\" \/><\/p>\n<p>(Bandenmuster der Plasmid DNA in der Gel-Elektrophorese nach dem Restriktionsverdau)<br \/>Alle Teilnehmer waren w\u00e4hrend des Austausches in Gastfamilien untergebracht, wo Sie die typische d\u00e4nische Kultur kennengelernt haben und das typisch d\u00e4nische Familienleben genossen haben.<\/p>\n<p><img loading=\"lazy\" decoding=\"async\" class=\"alignnone wp-image-2453 size-full\" src=\"http:\/\/modernebiotechnologie.de\/wp-content\/uploads\/2022\/11\/bild-4.jpg\" alt=\"\" width=\"1024\" height=\"768\" srcset=\"http:\/\/modernebiotechnologie.de\/wp-content\/uploads\/2022\/11\/bild-4.jpg 1024w, http:\/\/modernebiotechnologie.de\/wp-content\/uploads\/2022\/11\/bild-4-300x225.jpg 300w, http:\/\/modernebiotechnologie.de\/wp-content\/uploads\/2022\/11\/bild-4-768x576.jpg 768w\" sizes=\"(max-width: 1024px) 100vw, 1024px\" \/><\/p>\n<p>(Nach der Laborarbeit haben wir mit der gesamten Gruppe den Hafen von Thisted bei einem Spaziergang erkundet)<br \/>Nach erfolgreich getaner Laborarbeit stand auch der Besuch der Sehensw\u00fcrdigkeiten J\u00fctlands an. So fand zum Beispiel ein Besuch des Bunkermuseums in Hantholm, einer <br \/>Verteidigungsanlage des zweiten Weltkriegs am Atlantikwall statt. Eine andere regional typische Vergn\u00fcgung war die Surfstunde am Strand von \u201eCold Hawaii\u201c, dem Nationalpark J\u00fctlands. In einer letzten Umfrage haben wir die sozialen Vorteile diskutiert, die uns das Projekt geboten hat sowie die wissenschaftlichen F\u00e4higkeiten, die wir erlernt haben.<\/p>\n<p><img loading=\"lazy\" decoding=\"async\" class=\"alignnone wp-image-2371 size-full\" src=\"http:\/\/modernebiotechnologie.de\/wp-content\/uploads\/2022\/09\/Essen.jpg\" alt=\"\" width=\"1200\" height=\"1600\" srcset=\"http:\/\/modernebiotechnologie.de\/wp-content\/uploads\/2022\/09\/Essen.jpg 1200w, http:\/\/modernebiotechnologie.de\/wp-content\/uploads\/2022\/09\/Essen-225x300.jpg 225w, http:\/\/modernebiotechnologie.de\/wp-content\/uploads\/2022\/09\/Essen-768x1024.jpg 768w, http:\/\/modernebiotechnologie.de\/wp-content\/uploads\/2022\/09\/Essen-1152x1536.jpg 1152w\" sizes=\"(max-width: 1200px) 100vw, 1200px\" \/><\/p>\n<p>(Gemeinsames Essen)<br \/>Das Erasmustreffen fand einen gelungenen Abschluss in einer Abschlussfeier, die an der Schule stattgefunden hatte und zu der wir ein traditionelles d\u00e4nisches Gericht genossen und eine Diashow mit den Highlights der Woche begutachteten. Wir freuen uns alle Teilnehmer zum n\u00e4chsten Erasmus Treffen in Evreux wiederzusehen.\u00a0<\/p>\n","protected":false},"excerpt":{"rendered":"<p>Das Erasmus+ Team welches aus Sch\u00fclerinnen und Sch\u00fclern und Lehrerinnen und Lehrern aus D\u00e4nemark, Deutschland, Frankreich, Griechenland, Litauen, Polen, Slowakei und der Tschechischen Republik besteht, hat sich f\u00fcr das erste Projektmeeting in Thisted zusammengefunden. Vom 17.09.-27.09.2022 wurde in D\u00e4nemark der Grundstein f\u00fcr das neue Projekt \u201eEurop\u00e4ische Herausforderungen in moderner Gentechnik durch Crispr\/Cas9\u201c gelegt, welches zwei [&hellip;]<\/p>\n","protected":false},"author":2,"featured_media":496,"parent":0,"menu_order":0,"comment_status":"closed","ping_status":"closed","template":"","meta":{"footnotes":""},"_links":{"self":[{"href":"http:\/\/modernebiotechnologie.de\/index.php?rest_route=\/wp\/v2\/pages\/589"}],"collection":[{"href":"http:\/\/modernebiotechnologie.de\/index.php?rest_route=\/wp\/v2\/pages"}],"about":[{"href":"http:\/\/modernebiotechnologie.de\/index.php?rest_route=\/wp\/v2\/types\/page"}],"author":[{"embeddable":true,"href":"http:\/\/modernebiotechnologie.de\/index.php?rest_route=\/wp\/v2\/users\/2"}],"replies":[{"embeddable":true,"href":"http:\/\/modernebiotechnologie.de\/index.php?rest_route=%2Fwp%2Fv2%2Fcomments&post=589"}],"version-history":[{"count":2,"href":"http:\/\/modernebiotechnologie.de\/index.php?rest_route=\/wp\/v2\/pages\/589\/revisions"}],"predecessor-version":[{"id":2476,"href":"http:\/\/modernebiotechnologie.de\/index.php?rest_route=\/wp\/v2\/pages\/589\/revisions\/2476"}],"wp:featuredmedia":[{"embeddable":true,"href":"http:\/\/modernebiotechnologie.de\/index.php?rest_route=\/wp\/v2\/media\/496"}],"wp:attachment":[{"href":"http:\/\/modernebiotechnologie.de\/index.php?rest_route=%2Fwp%2Fv2%2Fmedia&parent=589"}],"curies":[{"name":"wp","href":"https:\/\/api.w.org\/{rel}","templated":true}]}}