{"id":332,"date":"2019-02-14T16:29:08","date_gmt":"2019-02-14T16:29:08","guid":{"rendered":"http:\/\/modernebiotechnologie.de\/?page_id=332"},"modified":"2020-02-20T23:30:08","modified_gmt":"2020-02-20T22:30:08","slug":"ag","status":"publish","type":"page","link":"http:\/\/modernebiotechnologie.de\/?page_id=332","title":{"rendered":"AG"},"content":{"rendered":"\n<p class=\"has-drop-cap\">Die Biotech- AG ist eine \nArbeitsgemeinschaft f\u00fcr besonders bef\u00e4higte Sch\u00fcler, die im \nnaturwissenschaftlichen Bereich t\u00e4tig sind. Wir, die Mitglieder, sind \nSch\u00fcler der gymnasialen Z\u00fcge der Johanna-Wittum-Schule. Unsere Arbeitsgemeinschaft zeichnen\n unsere internationalen Projekte, wie zum Beispiel die \nSchulpartnerschaften mit China, Amerika und mehreren europ\u00e4ischen \nL\u00e4ndern im Rahmen von Erasmus+ Projekten aus.\n Unser reger Austausch auf europ\u00e4ischer Basis ist sehr beliebt, da man \nviel Neues lernt und einem T\u00fcren ge\u00f6ffnet werden. Zudem macht es viel \nSpa\u00df mit anderen interessierten Sch\u00fclern zu arbeiten, das Wissen \nauszutauschen und internationale Freundschaften zu kn\u00fcpfen. Wir treffen \nuns an ausgew\u00e4hlten Samstagen in der Schule, an denen wir uns an \nverschiedene Projekte wagen. Getrennt wird die Spreu vom Weizen in \nAdelsheim, wo intensiv gearbeitet wird, um Experimente durchzuf\u00fchren und\n die verschiedenen Zweige der AG zu aktualisieren und zu optimieren. <\/p>\n\n\n\n<figure class=\"wp-block-image\"><img loading=\"lazy\" decoding=\"async\" width=\"1024\" height=\"680\" src=\"http:\/\/modernebiotechnologie.de\/wp-content\/uploads\/2020\/02\/DSC_7436-1-1024x680.jpg\" alt=\"\" class=\"wp-image-1296\" srcset=\"http:\/\/modernebiotechnologie.de\/wp-content\/uploads\/2020\/02\/DSC_7436-1-1024x680.jpg 1024w, http:\/\/modernebiotechnologie.de\/wp-content\/uploads\/2020\/02\/DSC_7436-1-300x199.jpg 300w, http:\/\/modernebiotechnologie.de\/wp-content\/uploads\/2020\/02\/DSC_7436-1-768x510.jpg 768w\" sizes=\"(max-width: 1024px) 100vw, 1024px\" \/><\/figure>\n","protected":false},"excerpt":{"rendered":"<p>Die Biotech- AG ist eine Arbeitsgemeinschaft f\u00fcr besonders bef\u00e4higte Sch\u00fcler, die im naturwissenschaftlichen Bereich t\u00e4tig sind. Wir, die Mitglieder, sind Sch\u00fcler der gymnasialen Z\u00fcge der Johanna-Wittum-Schule. Unsere Arbeitsgemeinschaft zeichnen unsere internationalen Projekte, wie zum Beispiel die Schulpartnerschaften mit China, Amerika und mehreren europ\u00e4ischen L\u00e4ndern im Rahmen von Erasmus+ Projekten aus. Unser reger Austausch auf europ\u00e4ischer [&hellip;]<\/p>\n","protected":false},"author":2,"featured_media":0,"parent":0,"menu_order":0,"comment_status":"closed","ping_status":"closed","template":"","meta":{"footnotes":""},"_links":{"self":[{"href":"http:\/\/modernebiotechnologie.de\/index.php?rest_route=\/wp\/v2\/pages\/332"}],"collection":[{"href":"http:\/\/modernebiotechnologie.de\/index.php?rest_route=\/wp\/v2\/pages"}],"about":[{"href":"http:\/\/modernebiotechnologie.de\/index.php?rest_route=\/wp\/v2\/types\/page"}],"author":[{"embeddable":true,"href":"http:\/\/modernebiotechnologie.de\/index.php?rest_route=\/wp\/v2\/users\/2"}],"replies":[{"embeddable":true,"href":"http:\/\/modernebiotechnologie.de\/index.php?rest_route=%2Fwp%2Fv2%2Fcomments&post=332"}],"version-history":[{"count":3,"href":"http:\/\/modernebiotechnologie.de\/index.php?rest_route=\/wp\/v2\/pages\/332\/revisions"}],"predecessor-version":[{"id":1297,"href":"http:\/\/modernebiotechnologie.de\/index.php?rest_route=\/wp\/v2\/pages\/332\/revisions\/1297"}],"wp:attachment":[{"href":"http:\/\/modernebiotechnologie.de\/index.php?rest_route=%2Fwp%2Fv2%2Fmedia&parent=332"}],"curies":[{"name":"wp","href":"https:\/\/api.w.org\/{rel}","templated":true}]}}