{"id":3209,"date":"2026-02-12T21:03:53","date_gmt":"2026-02-12T20:03:53","guid":{"rendered":"http:\/\/modernebiotechnologie.de\/?page_id=3209"},"modified":"2026-02-12T21:03:53","modified_gmt":"2026-02-12T20:03:53","slug":"rotary-foerdert-austausch-mit-indien","status":"publish","type":"page","link":"http:\/\/modernebiotechnologie.de\/?page_id=3209","title":{"rendered":"Rotary f\u00f6rdert Austausch mit Indien"},"content":{"rendered":"\n<p>Unterst\u00fctzt durch den Rotary Club Pforzheim hat die Johanna-Wittum-Schule im Jahr 2021 eine Schulpartnerschaft mit dem Modern College of Arts, Science and Commerce in Pune, Indien initiiert. Ziel der Partnerschaft ist ein Erfahrungsaustausch auf dem Gebiet der Biotechnologie.<\/p>\n\n\n\n<p>Nach der erfolgreichen Teilnahme der indischen Sch\u00fcler beim Internationalen Biotechnologie Kongress der Johanna-Wittum-Schule im Januar 2025 in Pforzheim, fand der Gegenbesuch vom 1.12. bis 10.12.2025 in Pune statt. Die Sch\u00fcler Helene Imhoff, Paula Br\u00e4uner, Fabian Klingel und Lukas Braun sowie Biotechnologie Lehrer Braun waren zu Gast in Indien. Die Sch\u00fcler lebten in Gastfamilien des Rotary Clubs Shaniwarwara in Pune. \u201eWir f\u00fchlten uns in den Familien wie ein zus\u00e4tzliches Kind\u201c, so berichtet Helene Imhoff \u00fcber die gro\u00dfe Gastfreundschaft in den indischen Familien.<\/p>\n\n\n\n<figure class=\"wp-block-image size-large\"><img loading=\"lazy\" decoding=\"async\" width=\"1024\" height=\"768\" src=\"http:\/\/modernebiotechnologie.de\/wp-content\/uploads\/2026\/02\/Rotary-Gruppenbild-1024x768.jpg\" alt=\"\" class=\"wp-image-3210\" srcset=\"http:\/\/modernebiotechnologie.de\/wp-content\/uploads\/2026\/02\/Rotary-Gruppenbild-1024x768.jpg 1024w, http:\/\/modernebiotechnologie.de\/wp-content\/uploads\/2026\/02\/Rotary-Gruppenbild-300x225.jpg 300w, http:\/\/modernebiotechnologie.de\/wp-content\/uploads\/2026\/02\/Rotary-Gruppenbild-768x576.jpg 768w, http:\/\/modernebiotechnologie.de\/wp-content\/uploads\/2026\/02\/Rotary-Gruppenbild-1536x1152.jpg 1536w, http:\/\/modernebiotechnologie.de\/wp-content\/uploads\/2026\/02\/Rotary-Gruppenbild.jpg 1600w\" sizes=\"(max-width: 1024px) 100vw, 1024px\" \/><\/figure>\n\n\n\n<p>Schwerpunkt des Treffens war die Laborarbeit im Bereich der modernen Biotechnologie. Gemeinsam mit den indischen Sch\u00fclern wurden Inhaltsstoffe aus indischen Heilpflanzen isoliert und auf deren Wirkung sowohl als neue Antibiotika, als auch auf deren Einfluss auf die Entwicklung von Stammzellen untersucht. \u201eGemeinsam arbeiten und voneinander lernen, auf einem Gebiet, das uns alle begeistert\u201c, war f\u00fcr Fabian Klingel das Besondere an diesem Aufenthalt in Indien.<\/p>\n\n\n\n<figure class=\"wp-block-image size-large\"><img loading=\"lazy\" decoding=\"async\" width=\"1024\" height=\"768\" src=\"http:\/\/modernebiotechnologie.de\/wp-content\/uploads\/2026\/02\/Gerbera-Indien-1024x768.jpg\" alt=\"\" class=\"wp-image-3211\" srcset=\"http:\/\/modernebiotechnologie.de\/wp-content\/uploads\/2026\/02\/Gerbera-Indien-1024x768.jpg 1024w, http:\/\/modernebiotechnologie.de\/wp-content\/uploads\/2026\/02\/Gerbera-Indien-300x225.jpg 300w, http:\/\/modernebiotechnologie.de\/wp-content\/uploads\/2026\/02\/Gerbera-Indien-768x576.jpg 768w, http:\/\/modernebiotechnologie.de\/wp-content\/uploads\/2026\/02\/Gerbera-Indien-1536x1152.jpg 1536w, http:\/\/modernebiotechnologie.de\/wp-content\/uploads\/2026\/02\/Gerbera-Indien-2048x1536.jpg 2048w\" sizes=\"(max-width: 1024px) 100vw, 1024px\" \/><\/figure>\n\n\n\n<p>\u00dcber ihre Erfahrungen bei der gemeinsamen Laborarbeit, dem Leben in den indischen Gastfamilien und insbesondere auch den kulturellen Erlebnissen, berichteten die Sch\u00fcler am 2.2.2026 im Meeting des Rotary Clubs Pforzheim und bedankten sich bei den Mitgliedern f\u00fcr die Unterst\u00fctzung des Austauschs.<\/p>\n\n\n\n<p><span style=\"color: #777777;\"><span style=\"font-family: Verdana, serif;\"><span style=\"font-size: large;\">Pressemitteilung der JWS zur Schulpartnerschaft mit dem Modern College of Arts, Science and Commerce in Pune, Indien<\/span><\/span><\/span><\/p>\n","protected":false},"excerpt":{"rendered":"<p>Unterst\u00fctzt durch den Rotary Club Pforzheim hat die Johanna-Wittum-Schule im Jahr 2021 eine Schulpartnerschaft mit dem Modern College of Arts, Science and Commerce in Pune, Indien initiiert. Ziel der Partnerschaft ist ein Erfahrungsaustausch auf dem Gebiet der Biotechnologie. Nach der erfolgreichen Teilnahme der indischen Sch\u00fcler beim Internationalen Biotechnologie Kongress der Johanna-Wittum-Schule im Januar 2025 in [&hellip;]<\/p>\n","protected":false},"author":15,"featured_media":0,"parent":0,"menu_order":0,"comment_status":"closed","ping_status":"closed","template":"","meta":{"footnotes":""},"_links":{"self":[{"href":"http:\/\/modernebiotechnologie.de\/index.php?rest_route=\/wp\/v2\/pages\/3209"}],"collection":[{"href":"http:\/\/modernebiotechnologie.de\/index.php?rest_route=\/wp\/v2\/pages"}],"about":[{"href":"http:\/\/modernebiotechnologie.de\/index.php?rest_route=\/wp\/v2\/types\/page"}],"author":[{"embeddable":true,"href":"http:\/\/modernebiotechnologie.de\/index.php?rest_route=\/wp\/v2\/users\/15"}],"replies":[{"embeddable":true,"href":"http:\/\/modernebiotechnologie.de\/index.php?rest_route=%2Fwp%2Fv2%2Fcomments&post=3209"}],"version-history":[{"count":1,"href":"http:\/\/modernebiotechnologie.de\/index.php?rest_route=\/wp\/v2\/pages\/3209\/revisions"}],"predecessor-version":[{"id":3212,"href":"http:\/\/modernebiotechnologie.de\/index.php?rest_route=\/wp\/v2\/pages\/3209\/revisions\/3212"}],"wp:attachment":[{"href":"http:\/\/modernebiotechnologie.de\/index.php?rest_route=%2Fwp%2Fv2%2Fmedia&parent=3209"}],"curies":[{"name":"wp","href":"https:\/\/api.w.org\/{rel}","templated":true}]}}