{"id":3017,"date":"2025-05-20T23:34:08","date_gmt":"2025-05-20T21:34:08","guid":{"rendered":"http:\/\/modernebiotechnologie.de\/?page_id=3017"},"modified":"2025-07-08T22:50:23","modified_gmt":"2025-07-08T20:50:23","slug":"fortbildung-zum-downstream-processing","status":"publish","type":"page","link":"http:\/\/modernebiotechnologie.de\/?page_id=3017","title":{"rendered":"Fortbildung zum Downstream Processing ab Oktober 2025"},"content":{"rendered":"\n<figure class=\"wp-block-video\"><video controls src=\"http:\/\/modernebiotechnologie.de\/wp-content\/uploads\/2025\/07\/TEASER-beta-Galactosidase-NEU-24-25-Video-Standard.mp4\"><\/video><\/figure>\n\n\n\n\n\n<p><strong>Lehrgangstitel: Workshop Molekularbiologie am Beispiel der Produktion, Isolation und Aufreinigung der \u03b2-Galactosidase aus <\/strong><em><strong>E. coli<\/strong><\/em><\/p>\n\n\n\n<p>Die diesj\u00e4hrigen Fortbildungen 2025\/2026 der WUN-Gruppe widmen sich dem letzten Schritt einer Fermentation, dem Downstream Processing. Isoliert und aufreinigt wird die \u00df-Galactosidase aus <em>E. coli<\/em> und anschlie\u00dfend wird die Aktivit\u00e4t des Enzyms bestimmt.<\/p>\n\n\n\n<p>Die \u03b2-Galactosidase wird aus <em>E. coli<\/em> isoliert und mittels S\u00e4ulen-Chromatographie aufgereinigt. Durch SDS-PAGE erfolgt die Reinheitspr\u00fcfung des Proteins. Daran schlie\u00dft sich ein Enzym-Assay zum Nachweis der Aktivit\u00e4t des Enzyms an. Die Experimente werden in Kleingruppen durchgef\u00fchrt und zeigen auf, wie ein handlungsorientierter Unterricht auf diesem Gebiet gestaltet werden kann. In der Fortbildung wird der aktuelle wissenschaftliche Stand des Downstream Processing vorgestellt.<\/p>\n\n\n\n<p>Fortbildungstermine der WUN-Gruppe<\/p>\n\n\n\n<table style=\"width: 100%;\" border=\"1\" width=\"604\" cellspacing=\"0\" cellpadding=\"7\">\n<tbody>\n<tr valign=\"TOP\">\n<td style=\"width: 37.8125%;\" width=\"221\">\n<p><b>Thema der Unterrichtseinheit<\/b><\/p>\n<\/td>\n<td style=\"width: 30.4688%;\" width=\"175\">\n<p><b>Ort<\/b><\/p>\n<\/td>\n<td style=\"width: 15.3125%;\" width=\"80\">\n<p><b>Datum<\/b><\/p>\n<\/td>\n<td style=\"width: 15.9375%;\" width=\"69\">\n<p><b>Nummer<\/b><\/p>\n<\/td>\n<\/tr>\n<tr valign=\"TOP\">\n<td style=\"width: 37.8125%;\" width=\"221\">\n<p><span lang=\"en-US\">Downstream Processing<br \/>am Beispiel \u03b2<\/span><span lang=\"en-US\">-Galactosidase<\/span><\/p>\n<\/td>\n<td style=\"width: 30.4688%;\" width=\"175\">\n<p>Akademie, <br \/>Esslingen<\/p>\n<\/td>\n<td style=\"width: 15.3125%;\" width=\"80\">\n<p>08. \u2013 10.10.2025<\/p>\n<\/td>\n<td style=\"width: 15.9375%;\" width=\"69\">\n<p>J8VN9<\/p>\n<\/td>\n<\/tr>\n<tr valign=\"TOP\">\n<td style=\"width: 37.8125%;\" width=\"221\">\n<p><span lang=\"en-US\">Downstream Processing<br \/>am Beispiel \u03b2<\/span><span lang=\"en-US\">-Galactosidase<\/span><\/p>\n<\/td>\n<td style=\"width: 30.4688%;\" width=\"175\">\n<p>Johanna-Wittum-Schule, Pforzheim<\/p>\n<\/td>\n<td style=\"width: 15.3125%;\" width=\"80\">\n<p>21.10.2025<\/p>\n<\/td>\n<td style=\"width: 15.9375%;\" width=\"69\">\n<p>PRRG9N<\/p>\n<\/td>\n<\/tr>\n<tr valign=\"TOP\">\n<td style=\"width: 37.8125%;\" width=\"221\">\n<p><span lang=\"en-US\">Downstream Processing<br \/>am Beispiel \u03b2<\/span><span lang=\"en-US\">-Galactosidase<\/span><\/p>\n<\/td>\n<td style=\"width: 30.4688%;\" width=\"175\">\n<p>Merian Schule,<\/p>\n<p>Freiburg<\/p>\n<\/td>\n<td style=\"width: 15.3125%;\" width=\"80\">\n<p>11.11.2025<\/p>\n<\/td>\n<td style=\"width: 15.9375%;\" width=\"69\">\n<p>DD2MMQ<\/p>\n<\/td>\n<\/tr>\n<tr valign=\"TOP\">\n<td style=\"width: 37.8125%;\" width=\"221\">\n<p><span lang=\"en-US\">Downstream Processing<br \/>am Beispiel \u03b2<\/span><span lang=\"en-US\">-Galactosidase<\/span><\/p>\n<\/td>\n<td style=\"width: 30.4688%;\" width=\"175\">\n<p>Valckenburg-Schule,<\/p>\n<p>Ulm<\/p>\n<\/td>\n<td style=\"width: 15.3125%;\" width=\"80\">\n<p>18.11.2025<\/p>\n<\/td>\n<td style=\"width: 15.9375%;\" width=\"69\">\n<div>\n<div>744R48\u00a0<\/div>\n<\/div>\n<\/td>\n<\/tr>\n<tr valign=\"TOP\">\n<td style=\"width: 37.8125%;\" width=\"221\">\n<p><span lang=\"en-US\">Downstream Processing<br \/>am Beispiel \u03b2<\/span><span lang=\"en-US\">-Galactosidase<\/span><\/p>\n<\/td>\n<td style=\"width: 30.4688%;\" width=\"175\">\n<p><span lang=\"en-US\">Christiane-Herzog-Schule,<\/span><\/p>\n<p><span lang=\"en-US\">Heilbronn<\/span><\/p>\n<\/td>\n<td style=\"width: 15.3125%;\" width=\"80\">\n<p><span lang=\"en-US\">25.11.2025<\/span><\/p>\n<\/td>\n<td style=\"width: 15.9375%;\" width=\"69\">\n<div>\n<div>VN8ZNG<\/div>\n<\/div>\n<\/td>\n<\/tr>\n<\/tbody>\n<\/table>\n","protected":false},"excerpt":{"rendered":"<p>Lehrgangstitel: Workshop Molekularbiologie am Beispiel der Produktion, Isolation und Aufreinigung der \u03b2-Galactosidase aus E. coli Die diesj\u00e4hrigen Fortbildungen 2025\/2026 der WUN-Gruppe widmen sich dem letzten Schritt einer Fermentation, dem Downstream Processing. Isoliert und aufreinigt wird die \u00df-Galactosidase aus E. coli und anschlie\u00dfend wird die Aktivit\u00e4t des Enzyms bestimmt. Die \u03b2-Galactosidase wird aus E. coli isoliert [&hellip;]<\/p>\n","protected":false},"author":15,"featured_media":3082,"parent":0,"menu_order":0,"comment_status":"closed","ping_status":"closed","template":"","meta":{"footnotes":""},"_links":{"self":[{"href":"http:\/\/modernebiotechnologie.de\/index.php?rest_route=\/wp\/v2\/pages\/3017"}],"collection":[{"href":"http:\/\/modernebiotechnologie.de\/index.php?rest_route=\/wp\/v2\/pages"}],"about":[{"href":"http:\/\/modernebiotechnologie.de\/index.php?rest_route=\/wp\/v2\/types\/page"}],"author":[{"embeddable":true,"href":"http:\/\/modernebiotechnologie.de\/index.php?rest_route=\/wp\/v2\/users\/15"}],"replies":[{"embeddable":true,"href":"http:\/\/modernebiotechnologie.de\/index.php?rest_route=%2Fwp%2Fv2%2Fcomments&post=3017"}],"version-history":[{"count":9,"href":"http:\/\/modernebiotechnologie.de\/index.php?rest_route=\/wp\/v2\/pages\/3017\/revisions"}],"predecessor-version":[{"id":3101,"href":"http:\/\/modernebiotechnologie.de\/index.php?rest_route=\/wp\/v2\/pages\/3017\/revisions\/3101"}],"wp:featuredmedia":[{"embeddable":true,"href":"http:\/\/modernebiotechnologie.de\/index.php?rest_route=\/wp\/v2\/media\/3082"}],"wp:attachment":[{"href":"http:\/\/modernebiotechnologie.de\/index.php?rest_route=%2Fwp%2Fv2%2Fmedia&parent=3017"}],"curies":[{"name":"wp","href":"https:\/\/api.w.org\/{rel}","templated":true}]}}