{"id":3008,"date":"2025-04-11T13:31:34","date_gmt":"2025-04-11T11:31:34","guid":{"rendered":"http:\/\/modernebiotechnologie.de\/?page_id=3008"},"modified":"2025-04-11T13:31:34","modified_gmt":"2025-04-11T11:31:34","slug":"erasmus-projekttreffen-in-thisted-einstieg-in-die-hefebiomasseproduktion","status":"publish","type":"page","link":"http:\/\/modernebiotechnologie.de\/?page_id=3008","title":{"rendered":"Erasmus+ Projekttreffen in Thisted: Einstieg in die Hefebiomasseproduktion"},"content":{"rendered":"\n<p>Vom 31. M\u00e4rz bis zum 4. April 2025 fand in Thisted, D\u00e4nemark, das erste Erasmus+ Treffen zum Thema Hefebiomasseproduktion statt. Sch\u00fcler\/innen und Lehrkr\u00e4fte aus Frankreich, Griechenland, Litauen, Polen, Deutschland, D\u00e4nemark, der Slowakei und der Tschechischen Republik kamen zusammen, um sich mit dem Stoffwechsel von Hefe und deren industrieller Nutzung auseinanderzusetzen.<\/p>\n\n\n\n<figure class=\"wp-block-image size-full is-resized\"><img loading=\"lazy\" decoding=\"async\" width=\"450\" height=\"338\" src=\"http:\/\/modernebiotechnologie.de\/wp-content\/uploads\/2025\/04\/image.png\" alt=\"\" class=\"wp-image-3009\" style=\"width:684px;height:auto\" srcset=\"http:\/\/modernebiotechnologie.de\/wp-content\/uploads\/2025\/04\/image.png 450w, http:\/\/modernebiotechnologie.de\/wp-content\/uploads\/2025\/04\/image-300x225.png 300w\" sizes=\"(max-width: 450px) 100vw, 450px\" \/><\/figure>\n\n\n\n<p>Bereits am Wochenende vor dem offiziellen Start trafen sich die Sch\u00fclermentoren aus D\u00e4nemark, Polen und Frankreich zu einem Vorbereitungstreffen. In den ersten Tagen erhielten alle Teilnehmer eine Einf\u00fchrung in die Hefebiologie und lernten grundlegende Labortechniken kennen \u2013 wie pr\u00e4zises Pipettieren, das Arbeiten mit dem Photometer und das Messen von optischer Dichte, Ethanol und Glukose.<\/p>\n\n\n\n<p>Ein besonderer Programmpunkt war der Fachvortrag von Per Halkj\u00e6r Nielsen von der<br>Universit\u00e4t Aalborg am Mittwoch. Er erkl\u00e4rte die Rolle von Bakterien in der<br>Biotechnologie und schlug so eine Br\u00fccke zu aktuellen Anwendungen im Bereich<br>nachhaltiger Produktion.<\/p>\n\n\n\n<p>Die Laborarbeit wurde in international gemischten Gruppen durchgef\u00fchrt. Ziel war es,<br>herauszufinden, unter welchen Bedingungen Hefe am effizientesten Biomasse bildet \u2013<br>beispielsweise unter aeroben oder anaeroben Bedingungen oder bei verschiedenen<br>Zuckerarten. Die Gruppen pr\u00e4sentierten ihre Ergebnisse anschlie\u00dfend in Kurzvortr\u00e4gen<br>und tauschten sich \u00fcber ihre Beobachtungen aus.<\/p>\n\n\n\n<figure class=\"wp-block-image size-full is-resized\"><img loading=\"lazy\" decoding=\"async\" width=\"407\" height=\"307\" src=\"http:\/\/modernebiotechnologie.de\/wp-content\/uploads\/2025\/04\/image-1.png\" alt=\"\" class=\"wp-image-3010\" style=\"width:542px;height:auto\" srcset=\"http:\/\/modernebiotechnologie.de\/wp-content\/uploads\/2025\/04\/image-1.png 407w, http:\/\/modernebiotechnologie.de\/wp-content\/uploads\/2025\/04\/image-1-300x226.png 300w\" sizes=\"(max-width: 407px) 100vw, 407px\" \/><\/figure>\n\n\n\n<p>Neben der wissenschaftlichen Arbeit gab es auch kulturelle Programmpunkte: Am Donnerstag unternahm die Gruppe einen Ausflug nach Aarhus, besuchte das Moesgaard Museum und hatte danach Zeit, die Stadt zu erkunden. Am letzten Tag gab es noch eine gemeinsame Wanderung entlang des Strandes \u2013 ein sch\u00f6ner, ruhiger Abschluss der intensiven Woche.<\/p>\n\n\n\n<figure class=\"wp-block-image size-full is-resized\"><img loading=\"lazy\" decoding=\"async\" width=\"414\" height=\"312\" src=\"http:\/\/modernebiotechnologie.de\/wp-content\/uploads\/2025\/04\/image-2.png\" alt=\"\" class=\"wp-image-3011\" style=\"width:633px;height:auto\" srcset=\"http:\/\/modernebiotechnologie.de\/wp-content\/uploads\/2025\/04\/image-2.png 414w, http:\/\/modernebiotechnologie.de\/wp-content\/uploads\/2025\/04\/image-2-300x226.png 300w\" sizes=\"(max-width: 414px) 100vw, 414px\" \/><\/figure>\n\n\n\n<p>Die meisten Teilnehmenden wohnten in Gastfamilien, einige in kleinen H\u00fctten direkt am Meer, was f\u00fcr eine besondere Atmosph\u00e4re und viele sch\u00f6ne Ausblicke sorgte. Die d\u00e4nische Gastfreundschaft und die entspannte Umgebung machten das Treffen zu einem tollen Erlebnis.<\/p>\n\n\n\n<p>Das Projekt endete mit einer kleinen Abschlussfeier an der Schule, bei der man<br>gemeinsam a\u00df, eine Diashow mit Bildern der Woche anschaute und viele pers\u00f6nliche<br>Eindr\u00fccke miteinander teilte. Neue Freundschaften wurden geschlossen \u2013 und alle<br>freuen sich schon jetzt auf das n\u00e4chste Treffen in Brno, Tschechien.<\/p>\n\n\n\n<p><\/p>\n","protected":false},"excerpt":{"rendered":"<p>Vom 31. M\u00e4rz bis zum 4. April 2025 fand in Thisted, D\u00e4nemark, das erste Erasmus+ Treffen zum Thema Hefebiomasseproduktion statt. Sch\u00fcler\/innen und Lehrkr\u00e4fte aus Frankreich, Griechenland, Litauen, Polen, Deutschland, D\u00e4nemark, der Slowakei und der Tschechischen Republik kamen zusammen, um sich mit dem Stoffwechsel von Hefe und deren industrieller Nutzung auseinanderzusetzen. Bereits am Wochenende vor dem [&hellip;]<\/p>\n","protected":false},"author":15,"featured_media":0,"parent":0,"menu_order":0,"comment_status":"closed","ping_status":"closed","template":"","meta":{"footnotes":""},"_links":{"self":[{"href":"http:\/\/modernebiotechnologie.de\/index.php?rest_route=\/wp\/v2\/pages\/3008"}],"collection":[{"href":"http:\/\/modernebiotechnologie.de\/index.php?rest_route=\/wp\/v2\/pages"}],"about":[{"href":"http:\/\/modernebiotechnologie.de\/index.php?rest_route=\/wp\/v2\/types\/page"}],"author":[{"embeddable":true,"href":"http:\/\/modernebiotechnologie.de\/index.php?rest_route=\/wp\/v2\/users\/15"}],"replies":[{"embeddable":true,"href":"http:\/\/modernebiotechnologie.de\/index.php?rest_route=%2Fwp%2Fv2%2Fcomments&post=3008"}],"version-history":[{"count":1,"href":"http:\/\/modernebiotechnologie.de\/index.php?rest_route=\/wp\/v2\/pages\/3008\/revisions"}],"predecessor-version":[{"id":3012,"href":"http:\/\/modernebiotechnologie.de\/index.php?rest_route=\/wp\/v2\/pages\/3008\/revisions\/3012"}],"wp:attachment":[{"href":"http:\/\/modernebiotechnologie.de\/index.php?rest_route=%2Fwp%2Fv2%2Fmedia&parent=3008"}],"curies":[{"name":"wp","href":"https:\/\/api.w.org\/{rel}","templated":true}]}}