{"id":2938,"date":"2024-10-18T20:56:37","date_gmt":"2024-10-18T18:56:37","guid":{"rendered":"http:\/\/modernebiotechnologie.de\/?page_id=2938"},"modified":"2024-10-18T20:57:58","modified_gmt":"2024-10-18T18:57:58","slug":"meeting-in-levoca","status":"publish","type":"page","link":"http:\/\/modernebiotechnologie.de\/?page_id=2938","title":{"rendered":"Meeting in Levo\u010da"},"content":{"rendered":"\n<p>After the two-years long project \u201cEuropean Challenges in Gene Editing by CRISPR\u201d, the Erasmus+ team met at Gym\u00e1zium sv. Franti\u0161ka Assisk\u00e9ho in Levo<\/p>\n\n\n\n<p>a again to start a new project with the title \u201eMicrobiome Analysis\u201c. Newest science results show that the gut microbiome is correspondent to brain diseases like Alzheimer, Parkinson or Dimentia. To analyze the microbiome in the gut, could help to find new treatments for these diseases.<\/p>\n\n\n\n<p>In this meeting, the participants trained to work sterile with bacteria and learned more about the microbiome analysis by DNA sequencing.<\/p>\n\n\n\n<p>The students and their teachers from France, Denmark, Germany, Greece, Poland, the\u00a0Czech Republic and Lithuania were warmly welcomed by the Slovak hosts. All the students from abroad had the opportunity to live in Slovak host families and had an amazing experience within the families.<\/p>\n\n\n\n<figure class=\"wp-block-image size-full is-resized\"><img loading=\"lazy\" decoding=\"async\" width=\"1011\" height=\"759\" src=\"http:\/\/modernebiotechnologie.de\/wp-content\/uploads\/2024\/10\/image-7.png\" alt=\"\" class=\"wp-image-2939\" style=\"width:565px;height:auto\" srcset=\"http:\/\/modernebiotechnologie.de\/wp-content\/uploads\/2024\/10\/image-7.png 1011w, http:\/\/modernebiotechnologie.de\/wp-content\/uploads\/2024\/10\/image-7-300x225.png 300w, http:\/\/modernebiotechnologie.de\/wp-content\/uploads\/2024\/10\/image-7-768x577.png 768w\" sizes=\"(max-width: 1011px) 100vw, 1011px\" \/><\/figure>\n\n\n\n<p>From 04.10.2024 \u2013 11.10.2024, the laboratory internship was instructed by an international mentor team, consisting of students from Slovakia, Greece and Denmark.<\/p>\n\n\n\n<p>The experiments for this meeting were focused on studying the metabolism of two bacteria, <em>Escherichia coli<\/em> and <em>Bacillus subtilis<\/em>. Furthermore, the students were introduced to microbiome analysis and isolated the DNA of their own prepared bacteria cultures.<\/p>\n\n\n\n<figure class=\"wp-block-image size-full is-resized\"><img loading=\"lazy\" decoding=\"async\" width=\"752\" height=\"563\" src=\"http:\/\/modernebiotechnologie.de\/wp-content\/uploads\/2024\/10\/image-8.png\" alt=\"\" class=\"wp-image-2940\" style=\"width:486px;height:auto\" srcset=\"http:\/\/modernebiotechnologie.de\/wp-content\/uploads\/2024\/10\/image-8.png 752w, http:\/\/modernebiotechnologie.de\/wp-content\/uploads\/2024\/10\/image-8-300x225.png 300w\" sizes=\"(max-width: 752px) 100vw, 752px\" \/><\/figure>\n\n\n\n<p>In the first step, the bacteria were distinguished by their metabolic abilities. Therefore, they were analyzed on their starch metabolism, oxygen need and cell wall thickness. It has been shown that <em>Escherichia coli<\/em> can\u2019t metabolize starch, is&nbsp;facultative anaerobe and is Gram-negative, meaning that it has a thin cell wall. <em>Bacillus subtilis<\/em> on the other hand can metabolize starch, is aerobe and is Gram-positive, meaning that it has a thick cell wall.<\/p>\n\n\n\n<p>The second experiment consisted of taking and culturing microbiomes. Each work group chose their own microbiome, such as e.g. fingerprints. After culturing the microbiomes the DNA of each bacteria culture was isolated with the help of the InstaGene-Matrix. By using a photometer, the concentration of DNA in each tube could be measured and compared to other values.<\/p>\n\n\n\n<p>Besides the practical execution of the experiment, background information about the experiments was presented. To figure out the best of the best student, the students were challenged in a multiple-choice exam at the end of the meeting. The winner was awarded by a project certificate and was given a reward.<\/p>\n\n\n\n<figure class=\"wp-block-image size-large is-resized\"><img loading=\"lazy\" decoding=\"async\" width=\"768\" height=\"1024\" src=\"http:\/\/modernebiotechnologie.de\/wp-content\/uploads\/2024\/10\/image-9-768x1024.png\" alt=\"\" class=\"wp-image-2941\" style=\"width:409px;height:auto\" srcset=\"http:\/\/modernebiotechnologie.de\/wp-content\/uploads\/2024\/10\/image-9-768x1024.png 768w, http:\/\/modernebiotechnologie.de\/wp-content\/uploads\/2024\/10\/image-9-225x300.png 225w, http:\/\/modernebiotechnologie.de\/wp-content\/uploads\/2024\/10\/image-9-1152x1536.png 1152w, http:\/\/modernebiotechnologie.de\/wp-content\/uploads\/2024\/10\/image-9.png 1200w\" sizes=\"(max-width: 768px) 100vw, 768px\" \/><\/figure>\n\n\n\n<p>Furthermore, the students could learn more about Levo\u010da\u2019s history, nature and culture.<br>The visit of the world cultural heritage Spi\u0161 castle, highlighted the significance of history and culture in the region. The invitation of the school authority, from the bishop of the diocese of Spi\u0161 to visit the cathedral and to have a dinner together with bishop Franti\u0161ek.<\/p>\n\n\n\n<figure class=\"wp-block-image size-full is-resized\"><img loading=\"lazy\" decoding=\"async\" width=\"896\" height=\"672\" src=\"http:\/\/modernebiotechnologie.de\/wp-content\/uploads\/2024\/10\/image-10.png\" alt=\"\" class=\"wp-image-2942\" style=\"width:540px;height:auto\" srcset=\"http:\/\/modernebiotechnologie.de\/wp-content\/uploads\/2024\/10\/image-10.png 896w, http:\/\/modernebiotechnologie.de\/wp-content\/uploads\/2024\/10\/image-10-300x225.png 300w, http:\/\/modernebiotechnologie.de\/wp-content\/uploads\/2024\/10\/image-10-768x576.png 768w\" sizes=\"(max-width: 896px) 100vw, 896px\" \/><\/figure>\n\n\n\n<figure class=\"wp-block-image size-full is-resized\"><img loading=\"lazy\" decoding=\"async\" width=\"702\" height=\"936\" src=\"http:\/\/modernebiotechnologie.de\/wp-content\/uploads\/2024\/10\/image-11.png\" alt=\"\" class=\"wp-image-2943\" style=\"width:341px;height:auto\" srcset=\"http:\/\/modernebiotechnologie.de\/wp-content\/uploads\/2024\/10\/image-11.png 702w, http:\/\/modernebiotechnologie.de\/wp-content\/uploads\/2024\/10\/image-11-225x300.png 225w\" sizes=\"(max-width: 702px) 100vw, 702px\" \/><\/figure>\n\n\n\n<p>Another highlight was the trip to the High Tatras, with impressive views from the Treetop Walk in Bachleda Valley on the High Tatras and a connection to Slovakia&#8217;s wonderful nature.<\/p>\n\n\n\n<figure class=\"wp-block-image size-full is-resized\"><img loading=\"lazy\" decoding=\"async\" width=\"921\" height=\"691\" src=\"http:\/\/modernebiotechnologie.de\/wp-content\/uploads\/2024\/10\/image-12.png\" alt=\"\" class=\"wp-image-2944\" style=\"width:451px;height:auto\" srcset=\"http:\/\/modernebiotechnologie.de\/wp-content\/uploads\/2024\/10\/image-12.png 921w, http:\/\/modernebiotechnologie.de\/wp-content\/uploads\/2024\/10\/image-12-300x225.png 300w, http:\/\/modernebiotechnologie.de\/wp-content\/uploads\/2024\/10\/image-12-768x576.png 768w\" sizes=\"(max-width: 921px) 100vw, 921px\" \/><\/figure>\n\n\n\n<figure class=\"wp-block-image size-large\"><img loading=\"lazy\" decoding=\"async\" width=\"1024\" height=\"236\" src=\"http:\/\/modernebiotechnologie.de\/wp-content\/uploads\/2024\/10\/image-13-1024x236.png\" alt=\"\" class=\"wp-image-2945\" srcset=\"http:\/\/modernebiotechnologie.de\/wp-content\/uploads\/2024\/10\/image-13-1024x236.png 1024w, http:\/\/modernebiotechnologie.de\/wp-content\/uploads\/2024\/10\/image-13-300x69.png 300w, http:\/\/modernebiotechnologie.de\/wp-content\/uploads\/2024\/10\/image-13-768x177.png 768w, http:\/\/modernebiotechnologie.de\/wp-content\/uploads\/2024\/10\/image-13-1536x353.png 1536w, http:\/\/modernebiotechnologie.de\/wp-content\/uploads\/2024\/10\/image-13.png 1600w\" sizes=\"(max-width: 1024px) 100vw, 1024px\" \/><\/figure>\n\n\n\n<p>By the end of the meeting, all participants enjoyed the perfect organized meeting and atmosphere. Therefore, they will keep the experience in a long lasting remembrance.<\/p>\n\n\n\n<p>A big thank you to the European Union for the support of our international team work.<\/p>\n\n\n","protected":false},"excerpt":{"rendered":"<p>After the two-years long project \u201cEuropean Challenges in Gene Editing by CRISPR\u201d, the Erasmus+ team met at Gym\u00e1zium sv. Franti\u0161ka Assisk\u00e9ho in Levo a again to start a new project with the title \u201eMicrobiome Analysis\u201c. Newest science results show that the gut microbiome is correspondent to brain diseases like Alzheimer, Parkinson or Dimentia. To analyze [&hellip;]<\/p>\n","protected":false},"author":15,"featured_media":0,"parent":0,"menu_order":0,"comment_status":"closed","ping_status":"closed","template":"","meta":{"footnotes":""},"_links":{"self":[{"href":"http:\/\/modernebiotechnologie.de\/index.php?rest_route=\/wp\/v2\/pages\/2938"}],"collection":[{"href":"http:\/\/modernebiotechnologie.de\/index.php?rest_route=\/wp\/v2\/pages"}],"about":[{"href":"http:\/\/modernebiotechnologie.de\/index.php?rest_route=\/wp\/v2\/types\/page"}],"author":[{"embeddable":true,"href":"http:\/\/modernebiotechnologie.de\/index.php?rest_route=\/wp\/v2\/users\/15"}],"replies":[{"embeddable":true,"href":"http:\/\/modernebiotechnologie.de\/index.php?rest_route=%2Fwp%2Fv2%2Fcomments&post=2938"}],"version-history":[{"count":1,"href":"http:\/\/modernebiotechnologie.de\/index.php?rest_route=\/wp\/v2\/pages\/2938\/revisions"}],"predecessor-version":[{"id":2946,"href":"http:\/\/modernebiotechnologie.de\/index.php?rest_route=\/wp\/v2\/pages\/2938\/revisions\/2946"}],"wp:attachment":[{"href":"http:\/\/modernebiotechnologie.de\/index.php?rest_route=%2Fwp%2Fv2%2Fmedia&parent=2938"}],"curies":[{"name":"wp","href":"https:\/\/api.w.org\/{rel}","templated":true}]}}