{"id":2928,"date":"2024-10-18T20:35:55","date_gmt":"2024-10-18T18:35:55","guid":{"rendered":"http:\/\/modernebiotechnologie.de\/?page_id=2928"},"modified":"2024-10-18T20:35:55","modified_gmt":"2024-10-18T18:35:55","slug":"erasmus-treffen-in-levoca","status":"publish","type":"page","link":"http:\/\/modernebiotechnologie.de\/?page_id=2928","title":{"rendered":"Erasmus+ Treffen in Levo\u010da"},"content":{"rendered":"\n<p>Nach Abschluss des 2-j\u00e4hrigen Projekts \u201eEurop\u00e4ische Herausforderungen zum Thema Genschere mit CRISPR\u201c, traf sich das Erasmus+ Team zur Bearbeitung eines neuen Themas, der Mikrobiom-Analyse. Die neuesten wissenschaftlichen Erkenntnisse zeigen, dass das Darmmikrobiom f\u00fcr Erkrankungen des Gehirns, wie zum Beispiel Parkinson, Alzheimer oder Demenz mitverantwortlich gemacht wird. Mit der Analyse des Darmmikrobms verspricht man sich neue Behandlungsmethoden f\u00fcr diese Erkrankungen zu finden.<\/p>\n\n\n\n<p>Treffpunkt war das Gymnasium sv. Franti\u0161ka Assisk\u00e9ho in Levo\u010da, Slowakei. W\u00e4hrend des Workshops \u00fcbten die Teilnehmer den sterilen Umgang mit Bakterien und lernten mehr zur Analyse von Mikrobiomen mittels DNA-Sequenzierung.<\/p>\n\n\n\n<p>Die Sch\u00fcler und ihre Fachlehrer aus den L\u00e4ndern Frankreich, D\u00e4nemark, Deutschland, Griechenland, Polen, der Tschechischen Republik und Litauen, wurden herzlich von ihren Gastgebern in der Slowakei willkommen gehei\u00dfen. Die angereisten Sch\u00fcler wohnten w\u00e4hrend des Workshops in slowakischen Gastfamilien und konnten dort zus\u00e4tzliche Eindr\u00fccke und kulturelle Erfahrungen im Gastland sammeln.<\/p>\n\n\n\n<figure class=\"wp-block-image size-full is-resized\"><img loading=\"lazy\" decoding=\"async\" width=\"1011\" height=\"759\" src=\"http:\/\/modernebiotechnologie.de\/wp-content\/uploads\/2024\/10\/image.png\" alt=\"\" class=\"wp-image-2929\" style=\"width:671px;height:auto\" srcset=\"http:\/\/modernebiotechnologie.de\/wp-content\/uploads\/2024\/10\/image.png 1011w, http:\/\/modernebiotechnologie.de\/wp-content\/uploads\/2024\/10\/image-300x225.png 300w, http:\/\/modernebiotechnologie.de\/wp-content\/uploads\/2024\/10\/image-768x577.png 768w\" sizes=\"(max-width: 1011px) 100vw, 1011px\" \/><\/figure>\n\n\n\n<p>Das Laborpraktikum in der Zeit vom 04.10.2024 bis zum 11.10.2024 wurde von einem Team internationaler Mentoren aus der Slowakei, Griechenland und D\u00e4nemark geleitet.<\/p>\n\n\n\n<p>Die Experimente w\u00e4hrend dieses Treffens konzentrierten sich auf die Untersuchung der Stoffwechselunterschiede der zwei Bakterienarten: <em>Escherichia coli<\/em> und <em>Bacillus subtilis<\/em>. Au\u00dferdem wurden die Sch\u00fcler in die genetische Analyse durch DNA Sequenzierung von Mikrobiomen eingef\u00fchrt und isolierten die DNA aus ihren vorbereiteten Bakterienkulturen.<\/p>\n\n\n\n<figure class=\"wp-block-image size-full\"><img loading=\"lazy\" decoding=\"async\" width=\"695\" height=\"520\" src=\"http:\/\/modernebiotechnologie.de\/wp-content\/uploads\/2024\/10\/image-1.png\" alt=\"\" class=\"wp-image-2930\" srcset=\"http:\/\/modernebiotechnologie.de\/wp-content\/uploads\/2024\/10\/image-1.png 695w, http:\/\/modernebiotechnologie.de\/wp-content\/uploads\/2024\/10\/image-1-300x224.png 300w\" sizes=\"(max-width: 695px) 100vw, 695px\" \/><\/figure>\n\n\n\n<p>Folgende Stoffwechseleigenschaften der beiden Bakterien wurden untersucht:<br>&#8211; die F\u00e4higkeit St\u00e4rke abzubauen,<br>&#8211; deren Bedarf an Sauerstoff<br>&#8211; und die Dicke der Zellwand getestet.<\/p>\n\n\n\n<p>Entsprechend ihrer Lebensr\u00e4ume zeigte sich, dass <em>Escherichia coli <\/em>nicht in der Lage ist St\u00e4rke abbzubauen, eine d\u00fcnne Zellwand besitzt und au\u00dferdem nicht zwingend Sauerstoff zum Leben ben\u00f6tigt, wodurch es fakultativ anaerob ist. <em>Bacillus subtilis<\/em> hingegen kann St\u00e4rke abbauen, besitzt eine dicke Zellwand und ben\u00f6tigt Sauerstoff zum Leben und ist somit obligat aerob.<\/p>\n\n\n\n<p>Im 4. Experiment wurden Mikrobiome von verschiedenen Lebensr\u00e4umen isoliert und kultiviert. Jede Arbeitsgruppe w\u00e4hlte ihre eigenen Mikrobiome aus, wie zum Beispiel den eigenen Fingerabdruck. Nach der Kultivierung der Mikrobiome, wurde die DNA jeder Kultur mithilfe der InstaGene-Matrix isoliert. Mit einem Photometer konnte die Konzentration an DNA in den einzelnen Tubes gemessen werden. Die Proben wurden nach der Konzentrationsbestimmung verglichen und eingefroren, um sie f\u00fcr das n\u00e4chste Erasmustreffen in Pforzheim, Deutschlad zu verwenden.<\/p>\n\n\n\n<p>Neben der praktischen Durchf\u00fchrung des Experiments, wurden notwendige Hintergrundinformationen pr\u00e4sentiert und sp\u00e4ter in einem Test abgefragt.<\/p>\n\n\n\n<figure class=\"wp-block-image size-large is-resized\"><img loading=\"lazy\" decoding=\"async\" width=\"768\" height=\"1024\" src=\"http:\/\/modernebiotechnologie.de\/wp-content\/uploads\/2024\/10\/image-2-768x1024.png\" alt=\"\" class=\"wp-image-2931\" style=\"width:455px;height:auto\" srcset=\"http:\/\/modernebiotechnologie.de\/wp-content\/uploads\/2024\/10\/image-2-768x1024.png 768w, http:\/\/modernebiotechnologie.de\/wp-content\/uploads\/2024\/10\/image-2-225x300.png 225w, http:\/\/modernebiotechnologie.de\/wp-content\/uploads\/2024\/10\/image-2-1152x1536.png 1152w, http:\/\/modernebiotechnologie.de\/wp-content\/uploads\/2024\/10\/image-2.png 1200w\" sizes=\"(max-width: 768px) 100vw, 768px\" \/><\/figure>\n\n\n\n<p>Neben der fachlichen Arbeit erfuhren die Teilnehmer mehr \u00fcber die Geschichte, Natur und Kultur von Levo\u010da. Der Besuch des Weltkulturerbens Spi\u0161-Burg, brachte den Sch\u00fclern die Geschichte und Kultur der Region nah. Die Einladung des Schultr\u00e4gers, des Bischoffs des Bistums Spi\u0161 zum Besuch des Doms und einem gemeinsamen Abendessen, durften wir mit Bischoff Franti\u0161ek genie\u00dfen.<\/p>\n\n\n\n<figure class=\"wp-block-image size-full is-resized\"><img loading=\"lazy\" decoding=\"async\" width=\"896\" height=\"672\" src=\"http:\/\/modernebiotechnologie.de\/wp-content\/uploads\/2024\/10\/image-3.png\" alt=\"\" class=\"wp-image-2932\" style=\"width:593px;height:auto\" srcset=\"http:\/\/modernebiotechnologie.de\/wp-content\/uploads\/2024\/10\/image-3.png 896w, http:\/\/modernebiotechnologie.de\/wp-content\/uploads\/2024\/10\/image-3-300x225.png 300w, http:\/\/modernebiotechnologie.de\/wp-content\/uploads\/2024\/10\/image-3-768x576.png 768w\" sizes=\"(max-width: 896px) 100vw, 896px\" \/><\/figure>\n\n\n\n<figure class=\"wp-block-image size-full is-resized\"><img loading=\"lazy\" decoding=\"async\" width=\"674\" height=\"899\" src=\"http:\/\/modernebiotechnologie.de\/wp-content\/uploads\/2024\/10\/image-4.png\" alt=\"\" class=\"wp-image-2933\" style=\"width:332px;height:auto\" srcset=\"http:\/\/modernebiotechnologie.de\/wp-content\/uploads\/2024\/10\/image-4.png 674w, http:\/\/modernebiotechnologie.de\/wp-content\/uploads\/2024\/10\/image-4-225x300.png 225w\" sizes=\"(max-width: 674px) 100vw, 674px\" \/><\/figure>\n\n\n\n<p>Ein weiteres Highlight war der Ausflug in die Hohe Tatra, wo die Teilnehmer beeindruckende Ausblicke vom Baumwipfelpfad im Bachledatal genie\u00dfen konnten.<\/p>\n\n\n\n<figure class=\"wp-block-image size-full is-resized\"><img loading=\"lazy\" decoding=\"async\" width=\"817\" height=\"613\" src=\"http:\/\/modernebiotechnologie.de\/wp-content\/uploads\/2024\/10\/image-5.png\" alt=\"\" class=\"wp-image-2934\" style=\"width:486px;height:auto\" srcset=\"http:\/\/modernebiotechnologie.de\/wp-content\/uploads\/2024\/10\/image-5.png 817w, http:\/\/modernebiotechnologie.de\/wp-content\/uploads\/2024\/10\/image-5-300x225.png 300w, http:\/\/modernebiotechnologie.de\/wp-content\/uploads\/2024\/10\/image-5-768x576.png 768w\" sizes=\"(max-width: 817px) 100vw, 817px\" \/><\/figure>\n\n\n\n<figure class=\"wp-block-image size-large\"><img loading=\"lazy\" decoding=\"async\" width=\"1024\" height=\"236\" src=\"http:\/\/modernebiotechnologie.de\/wp-content\/uploads\/2024\/10\/image-6-1024x236.png\" alt=\"\" class=\"wp-image-2935\" srcset=\"http:\/\/modernebiotechnologie.de\/wp-content\/uploads\/2024\/10\/image-6-1024x236.png 1024w, http:\/\/modernebiotechnologie.de\/wp-content\/uploads\/2024\/10\/image-6-300x69.png 300w, http:\/\/modernebiotechnologie.de\/wp-content\/uploads\/2024\/10\/image-6-768x177.png 768w, http:\/\/modernebiotechnologie.de\/wp-content\/uploads\/2024\/10\/image-6-1536x353.png 1536w, http:\/\/modernebiotechnologie.de\/wp-content\/uploads\/2024\/10\/image-6.png 1600w\" sizes=\"(max-width: 1024px) 100vw, 1024px\" \/><\/figure>\n\n\n\n<p>Am Ende des Treffens hatten alle Teilnehmer umfangreiche Erfahrungen im Bereich der sterilen Laborarbeit mit Bakterien und \u00fcber die Analyse von Mikrobiomen gesammelt.<\/p>\n\n\n\n<p>Ein gro\u00dfes Dankesch\u00f6n gilt der Europ\u00e4ischen Union f\u00fcr die Unterst\u00fctzung unserer internationalen Zusammenarbeit im Rahmen von Erasmus+.<\/p>\n","protected":false},"excerpt":{"rendered":"<p>Nach Abschluss des 2-j\u00e4hrigen Projekts \u201eEurop\u00e4ische Herausforderungen zum Thema Genschere mit CRISPR\u201c, traf sich das Erasmus+ Team zur Bearbeitung eines neuen Themas, der Mikrobiom-Analyse. Die neuesten wissenschaftlichen Erkenntnisse zeigen, dass das Darmmikrobiom f\u00fcr Erkrankungen des Gehirns, wie zum Beispiel Parkinson, Alzheimer oder Demenz mitverantwortlich gemacht wird. Mit der Analyse des Darmmikrobms verspricht man sich neue [&hellip;]<\/p>\n","protected":false},"author":15,"featured_media":0,"parent":1960,"menu_order":0,"comment_status":"closed","ping_status":"closed","template":"","meta":{"footnotes":""},"_links":{"self":[{"href":"http:\/\/modernebiotechnologie.de\/index.php?rest_route=\/wp\/v2\/pages\/2928"}],"collection":[{"href":"http:\/\/modernebiotechnologie.de\/index.php?rest_route=\/wp\/v2\/pages"}],"about":[{"href":"http:\/\/modernebiotechnologie.de\/index.php?rest_route=\/wp\/v2\/types\/page"}],"author":[{"embeddable":true,"href":"http:\/\/modernebiotechnologie.de\/index.php?rest_route=\/wp\/v2\/users\/15"}],"replies":[{"embeddable":true,"href":"http:\/\/modernebiotechnologie.de\/index.php?rest_route=%2Fwp%2Fv2%2Fcomments&post=2928"}],"version-history":[{"count":1,"href":"http:\/\/modernebiotechnologie.de\/index.php?rest_route=\/wp\/v2\/pages\/2928\/revisions"}],"predecessor-version":[{"id":2936,"href":"http:\/\/modernebiotechnologie.de\/index.php?rest_route=\/wp\/v2\/pages\/2928\/revisions\/2936"}],"up":[{"embeddable":true,"href":"http:\/\/modernebiotechnologie.de\/index.php?rest_route=\/wp\/v2\/pages\/1960"}],"wp:attachment":[{"href":"http:\/\/modernebiotechnologie.de\/index.php?rest_route=%2Fwp%2Fv2%2Fmedia&parent=2928"}],"curies":[{"name":"wp","href":"https:\/\/api.w.org\/{rel}","templated":true}]}}