{"id":2866,"date":"2024-05-24T16:53:48","date_gmt":"2024-05-24T14:53:48","guid":{"rendered":"http:\/\/modernebiotechnologie.de\/?page_id=2866"},"modified":"2024-05-24T16:59:01","modified_gmt":"2024-05-24T14:59:01","slug":"im-austausch-mit-indien","status":"publish","type":"page","link":"http:\/\/modernebiotechnologie.de\/?page_id=2866","title":{"rendered":"Im Austausch mit Indien"},"content":{"rendered":"\n<p>Pressemitteilung der JWS zur Schulpartnerschaft mit dem Modern College of Arts, Science and Commerce in Pune, Indien<\/p>\n\n\n\n<p>Unterst\u00fctzt durch das Goethe-Institut und den Rotary Club Pforzheim hat die Johanna-Wittum-Schule im Jahr 2021 eine Schulpartnerschaft mit dem Modern College of Arts, Science and Commerce in Pune, Indien initiiert. Ziel der Partnerschaft ist ein Erfahrungsaustausch auf dem Gebiet der Biotechnologie. Nach einem erfolgreichen virtuellen Austausch w\u00e4hrend der Pandemie, fand ein erstes Treffen vom 27.10. bis 7.11.2023 in Pune statt. Die Sch\u00fclerinnen Helena Burckhart, Viviane Neugebauer und Mina \u00d6zisletici sowie Biotechnologie Lehrer Braun waren zu Gast in Indien. Schwerpunkt dieses Treffens war die Gr\u00fcne Biotechnologie, also die genetische Optimierung von Nutzpflanzen. Diese hat in Indien gro\u00dfe Bedeutung, um die Ern\u00e4hrung der Bev\u00f6lkerung sicher zu stellen, sagt die Sch\u00fclerin Mina \u00d6zisletici, die am Indienaustausch teilgenommen hat.<\/p>\n\n\n\n<figure class=\"wp-block-image size-large is-resized\"><img loading=\"lazy\" decoding=\"async\" width=\"1024\" height=\"759\" src=\"http:\/\/modernebiotechnologie.de\/wp-content\/uploads\/2024\/05\/WhatsApp-Image-2024-05-24-at-16.50.41-1024x759.jpeg\" alt=\"\" class=\"wp-image-2872\" style=\"width:634px;height:auto\" srcset=\"http:\/\/modernebiotechnologie.de\/wp-content\/uploads\/2024\/05\/WhatsApp-Image-2024-05-24-at-16.50.41-1024x759.jpeg 1024w, http:\/\/modernebiotechnologie.de\/wp-content\/uploads\/2024\/05\/WhatsApp-Image-2024-05-24-at-16.50.41-300x223.jpeg 300w, http:\/\/modernebiotechnologie.de\/wp-content\/uploads\/2024\/05\/WhatsApp-Image-2024-05-24-at-16.50.41-768x570.jpeg 768w, http:\/\/modernebiotechnologie.de\/wp-content\/uploads\/2024\/05\/WhatsApp-Image-2024-05-24-at-16.50.41.jpeg 1080w\" sizes=\"(max-width: 1024px) 100vw, 1024px\" \/><figcaption class=\"wp-element-caption\">Mukta Kothari und Mina \u00d6zisletici bei der Arbeit im Labor <\/figcaption><\/figure>\n\n\n\n<p>Zum Gegenbesuch befinden sich vom 10.5. \u2013 20.5. 5 Sch\u00fclerinnen und Sch\u00fcler und zwei Lehrerinnen des Modern College in Pforzheim. Sie leben in Gastfamilien und werden auch auf diese Weise Pforzheim in guter Erinnerung behalten. Schwerpunkt ihres Aufenthalts ist die Rote Biotechnologie. Ein Besuch der Pharmafirma Roche GmbH in Mannheim und des Deutschen Krebsforschungszentrums in Heidelberg stehen deshalb auf dem Programm.<\/p>\n\n\n\n<figure class=\"wp-block-image size-full\"><img loading=\"lazy\" decoding=\"async\" width=\"1024\" height=\"768\" src=\"http:\/\/modernebiotechnologie.de\/wp-content\/uploads\/2024\/05\/WhatsApp-Image-2024-05-24-at-16.30.07.jpeg\" alt=\"\" class=\"wp-image-2868\" srcset=\"http:\/\/modernebiotechnologie.de\/wp-content\/uploads\/2024\/05\/WhatsApp-Image-2024-05-24-at-16.30.07.jpeg 1024w, http:\/\/modernebiotechnologie.de\/wp-content\/uploads\/2024\/05\/WhatsApp-Image-2024-05-24-at-16.30.07-300x225.jpeg 300w, http:\/\/modernebiotechnologie.de\/wp-content\/uploads\/2024\/05\/WhatsApp-Image-2024-05-24-at-16.30.07-768x576.jpeg 768w\" sizes=\"(max-width: 1024px) 100vw, 1024px\" \/><figcaption class=\"wp-element-caption\">Besuch bei der Roch GmbH in Mannheim<\/figcaption><\/figure>\n\n\n\n<p>Aber auch die Kernkompetenz der JWS in der Biotechnologie, die experimentelle Arbeit im Sicherheitslabor der Schule, wird den Austausch bereichern. Ein mehrt\u00e4giges Experiment zur neuen Genschere wird gemeinsam durchgef\u00fchrt. Dabei werden die Sch\u00fcler der JWS ihr Labor-Knowhow in kleinen internationalen Arbeitsgruppen an die indischen G\u00e4ste weitergeben.<\/p>\n\n\n\n<figure class=\"wp-block-image size-large\"><img loading=\"lazy\" decoding=\"async\" width=\"1024\" height=\"768\" src=\"http:\/\/modernebiotechnologie.de\/wp-content\/uploads\/2024\/05\/WhatsApp-Image-2024-05-24-at-16.36.23-1024x768.jpeg\" alt=\"\" class=\"wp-image-2869\" srcset=\"http:\/\/modernebiotechnologie.de\/wp-content\/uploads\/2024\/05\/WhatsApp-Image-2024-05-24-at-16.36.23-1024x768.jpeg 1024w, http:\/\/modernebiotechnologie.de\/wp-content\/uploads\/2024\/05\/WhatsApp-Image-2024-05-24-at-16.36.23-300x225.jpeg 300w, http:\/\/modernebiotechnologie.de\/wp-content\/uploads\/2024\/05\/WhatsApp-Image-2024-05-24-at-16.36.23-768x576.jpeg 768w, http:\/\/modernebiotechnologie.de\/wp-content\/uploads\/2024\/05\/WhatsApp-Image-2024-05-24-at-16.36.23-1536x1152.jpeg 1536w, http:\/\/modernebiotechnologie.de\/wp-content\/uploads\/2024\/05\/WhatsApp-Image-2024-05-24-at-16.36.23.jpeg 1600w\" sizes=\"(max-width: 1024px) 100vw, 1024px\" \/><figcaption class=\"wp-element-caption\">Arbeiten an der Schuleigenen Cleanbench <\/figcaption><\/figure>\n\n\n\n<p>Mit gro\u00dfer Freude aber auch etwas aufgeregt, sehen wir den Herausforderungen des Besuchs unserer indischen Freunde entgegen, sagt die ebenfalls indienerfahrene Sch\u00fclerin Helena Burckhart.\u00a0 Neben dem fachlichen Austausch wird nat\u00fcrlich der kulturelle Aspekt des Aufenthalts nicht zu kurz kommen, wir wollen unseren G\u00e4sten die Stadt Pforzheim, deren Geschichte sowie den Schwarzwald vorstellen, erg\u00e4nzt Viviane Neugebauer.<\/p>\n\n\n\n<figure class=\"wp-block-image size-large\"><img loading=\"lazy\" decoding=\"async\" width=\"1024\" height=\"768\" src=\"http:\/\/modernebiotechnologie.de\/wp-content\/uploads\/2024\/05\/WhatsApp-Image-2024-05-24-at-16.29.58-1024x768.jpeg\" alt=\"\" class=\"wp-image-2867\" srcset=\"http:\/\/modernebiotechnologie.de\/wp-content\/uploads\/2024\/05\/WhatsApp-Image-2024-05-24-at-16.29.58-1024x768.jpeg 1024w, http:\/\/modernebiotechnologie.de\/wp-content\/uploads\/2024\/05\/WhatsApp-Image-2024-05-24-at-16.29.58-300x225.jpeg 300w, http:\/\/modernebiotechnologie.de\/wp-content\/uploads\/2024\/05\/WhatsApp-Image-2024-05-24-at-16.29.58-768x576.jpeg 768w, http:\/\/modernebiotechnologie.de\/wp-content\/uploads\/2024\/05\/WhatsApp-Image-2024-05-24-at-16.29.58-1536x1152.jpeg 1536w, http:\/\/modernebiotechnologie.de\/wp-content\/uploads\/2024\/05\/WhatsApp-Image-2024-05-24-at-16.29.58.jpeg 1600w\" sizes=\"(max-width: 1024px) 100vw, 1024px\" \/><figcaption class=\"wp-element-caption\">Willkommen hei\u00dfen der Indischen Austauschsch\u00fcler von der Schulleitung und den Sch\u00fclern <\/figcaption><\/figure>\n","protected":false},"excerpt":{"rendered":"<p>Pressemitteilung der JWS zur Schulpartnerschaft mit dem Modern College of Arts, Science and Commerce in Pune, Indien Unterst\u00fctzt durch das Goethe-Institut und den Rotary Club Pforzheim hat die Johanna-Wittum-Schule im Jahr 2021 eine Schulpartnerschaft mit dem Modern College of Arts, Science and Commerce in Pune, Indien initiiert. Ziel der Partnerschaft ist ein Erfahrungsaustausch auf dem [&hellip;]<\/p>\n","protected":false},"author":11,"featured_media":0,"parent":0,"menu_order":0,"comment_status":"closed","ping_status":"closed","template":"","meta":{"footnotes":""},"_links":{"self":[{"href":"http:\/\/modernebiotechnologie.de\/index.php?rest_route=\/wp\/v2\/pages\/2866"}],"collection":[{"href":"http:\/\/modernebiotechnologie.de\/index.php?rest_route=\/wp\/v2\/pages"}],"about":[{"href":"http:\/\/modernebiotechnologie.de\/index.php?rest_route=\/wp\/v2\/types\/page"}],"author":[{"embeddable":true,"href":"http:\/\/modernebiotechnologie.de\/index.php?rest_route=\/wp\/v2\/users\/11"}],"replies":[{"embeddable":true,"href":"http:\/\/modernebiotechnologie.de\/index.php?rest_route=%2Fwp%2Fv2%2Fcomments&post=2866"}],"version-history":[{"count":2,"href":"http:\/\/modernebiotechnologie.de\/index.php?rest_route=\/wp\/v2\/pages\/2866\/revisions"}],"predecessor-version":[{"id":2876,"href":"http:\/\/modernebiotechnologie.de\/index.php?rest_route=\/wp\/v2\/pages\/2866\/revisions\/2876"}],"wp:attachment":[{"href":"http:\/\/modernebiotechnologie.de\/index.php?rest_route=%2Fwp%2Fv2%2Fmedia&parent=2866"}],"curies":[{"name":"wp","href":"https:\/\/api.w.org\/{rel}","templated":true}]}}