{"id":277,"date":"2019-02-14T09:55:14","date_gmt":"2019-02-14T09:55:14","guid":{"rendered":"http:\/\/modernebiotechnologie.de\/?page_id=277"},"modified":"2023-09-07T14:32:05","modified_gmt":"2023-09-07T12:32:05","slug":"genetischer-fingerabdruck","status":"publish","type":"page","link":"http:\/\/modernebiotechnologie.de\/?page_id=277","title":{"rendered":"Genetischer Fingerabdruck"},"content":{"rendered":"\n<p><strong>Liebe Kolleginnen und Kollegen,<\/strong><\/p>\n\n\n\n<p><strong>am 15. Februar 2023 haben wir das Projekt \u201eAusleihbares Experiment zum Genetischen Fingerabdruck\u201c, gef\u00f6rdert durch den FONDS der Chemischen Industrie, nach 15-j\u00e4hriger Laufzeit beendet.<br>Ohne Ihr gro\u00dfes Engagement w\u00e4re das Projekt nicht m\u00f6glich gewesen. F\u00fcr Ihr entgegengebrachtes Vertrauen m\u00f6chten wir uns herzlich bedanken.<\/strong><\/p>\n","protected":false},"excerpt":{"rendered":"<p>Liebe Kolleginnen und Kollegen, am 15. Februar 2023 haben wir das Projekt \u201eAusleihbares Experiment zum Genetischen Fingerabdruck\u201c, gef\u00f6rdert durch den FONDS der Chemischen Industrie, nach 15-j\u00e4hriger Laufzeit beendet.Ohne Ihr gro\u00dfes Engagement w\u00e4re das Projekt nicht m\u00f6glich gewesen. F\u00fcr Ihr entgegengebrachtes Vertrauen m\u00f6chten wir uns herzlich bedanken.<\/p>\n","protected":false},"author":2,"featured_media":0,"parent":0,"menu_order":0,"comment_status":"closed","ping_status":"closed","template":"","meta":{"footnotes":""},"_links":{"self":[{"href":"http:\/\/modernebiotechnologie.de\/index.php?rest_route=\/wp\/v2\/pages\/277"}],"collection":[{"href":"http:\/\/modernebiotechnologie.de\/index.php?rest_route=\/wp\/v2\/pages"}],"about":[{"href":"http:\/\/modernebiotechnologie.de\/index.php?rest_route=\/wp\/v2\/types\/page"}],"author":[{"embeddable":true,"href":"http:\/\/modernebiotechnologie.de\/index.php?rest_route=\/wp\/v2\/users\/2"}],"replies":[{"embeddable":true,"href":"http:\/\/modernebiotechnologie.de\/index.php?rest_route=%2Fwp%2Fv2%2Fcomments&post=277"}],"version-history":[{"count":14,"href":"http:\/\/modernebiotechnologie.de\/index.php?rest_route=\/wp\/v2\/pages\/277\/revisions"}],"predecessor-version":[{"id":2694,"href":"http:\/\/modernebiotechnologie.de\/index.php?rest_route=\/wp\/v2\/pages\/277\/revisions\/2694"}],"wp:attachment":[{"href":"http:\/\/modernebiotechnologie.de\/index.php?rest_route=%2Fwp%2Fv2%2Fmedia&parent=277"}],"curies":[{"name":"wp","href":"https:\/\/api.w.org\/{rel}","templated":true}]}}