{"id":2663,"date":"2023-09-04T10:26:23","date_gmt":"2023-09-04T08:26:23","guid":{"rendered":"http:\/\/modernebiotechnologie.de\/?page_id=2663"},"modified":"2023-09-07T14:09:34","modified_gmt":"2023-09-07T12:09:34","slug":"deutsche-schueler-forschen-in-den-amerika","status":"publish","type":"page","link":"http:\/\/modernebiotechnologie.de\/?page_id=2663","title":{"rendered":"Deutsche Sch\u00fcler forschen in Amerika"},"content":{"rendered":"\n<figure class=\"wp-block-image size-large is-resized\"><img loading=\"lazy\" decoding=\"async\" src=\"http:\/\/modernebiotechnologie.de\/wp-content\/uploads\/2023\/09\/WhatsApp-Image-2023-09-04-at-14.05.45-768x1024.jpeg\" alt=\"\" class=\"wp-image-2675\" width=\"578\" height=\"770\" srcset=\"http:\/\/modernebiotechnologie.de\/wp-content\/uploads\/2023\/09\/WhatsApp-Image-2023-09-04-at-14.05.45-768x1024.jpeg 768w, http:\/\/modernebiotechnologie.de\/wp-content\/uploads\/2023\/09\/WhatsApp-Image-2023-09-04-at-14.05.45-225x300.jpeg 225w, http:\/\/modernebiotechnologie.de\/wp-content\/uploads\/2023\/09\/WhatsApp-Image-2023-09-04-at-14.05.45-1152x1536.jpeg 1152w, http:\/\/modernebiotechnologie.de\/wp-content\/uploads\/2023\/09\/WhatsApp-Image-2023-09-04-at-14.05.45.jpeg 1512w\" sizes=\"(max-width: 578px) 100vw, 578px\" \/><figcaption>Nico Biesinger, Minh Lai, Lilian Lukacs, Dr. J\u00fcrgen Braun, Randy LaCross (Stellvertretender Schulleiter der GSSM)<\/figcaption><\/figure>\n\n\n\n<p>Die Johanna-Wittum-Schule bietet uns die gro\u00dfartige M\u00f6glichkeit in Amerika ein sechsw\u00f6chiges Forschungspraktikum in unserem Profilfach Biotechnologie durchf\u00fchren zu d\u00fcrfen, sagt Nico Biesinger, Sch\u00fcler des Biotechnologischen Gymnasiums in Pforzheim. Gemeinsam mit Lilian Lukacs und Minh Lai wurde er f\u00fcr diesen seit 2009 stattfindenden Sch\u00fcleraustausch mit der Governor`s School for Science and Mathematics in Hartsville ausgew\u00e4hlt. Die drei Pforzheimer Sch\u00fcler leben w\u00e4hrend ihres Aufenthalts vom 16. August bis 28. September an der Partnerschule. Das Forschungspraktikum absolvieren Sie am PEE DEE Research and Education Center der Universit\u00e4t Clemson in Florence, South Carolina. Betreut werden sie vom renommierten Wissenschaftler Prof. Sachin Rustgi. Seine Forschungsarbeiten besch\u00e4ftigen sich mit der Optimierung von Nutzpflanzen im Rahmen des Klimawandels. Auch in der Europ\u00e4ischen Union wird diese Notwendigkeit aktuell diskutiert, sagt Lilian Lukacs und hofft mit ihren Forschungsarbeiten einen Beitrag dazu leisten zu k\u00f6nnen. Neben unseren Forschungsarbeiten haben wir die M\u00f6glichkeit unsere Sprachkenntnisse aufzubessern, Land und Leute sowie auch das Schulsystem kennenlernen zu d\u00fcrfen, erg\u00e4nzt Minh Lai.<\/p>\n<p>\u00a0<\/p>\n\n\n\n<figure class=\"wp-block-image size-large is-resized\"><img loading=\"lazy\" decoding=\"async\" src=\"http:\/\/modernebiotechnologie.de\/wp-content\/uploads\/2023\/08\/Bild_2023-08-18_021301239.png\" alt=\"\" class=\"wp-image-2659\" width=\"657\" height=\"408\"\/><figcaption>Im Bild von links:<br>Randy LaCross ( assistant principal of the GSSM), Grayson Gibson, Minh Lai, Nico Biesinger,  Dr. J\u00fcrgen Braun, Lilian Lukacs <\/figcaption><\/figure>\n","protected":false},"excerpt":{"rendered":"<p>Die Johanna-Wittum-Schule bietet uns die gro\u00dfartige M\u00f6glichkeit in Amerika ein sechsw\u00f6chiges Forschungspraktikum in unserem Profilfach Biotechnologie durchf\u00fchren zu d\u00fcrfen, sagt Nico Biesinger, Sch\u00fcler des Biotechnologischen Gymnasiums in Pforzheim. Gemeinsam mit Lilian Lukacs und Minh Lai wurde er f\u00fcr diesen seit 2009 stattfindenden Sch\u00fcleraustausch mit der Governor`s School for Science and Mathematics in Hartsville ausgew\u00e4hlt. Die [&hellip;]<\/p>\n","protected":false},"author":11,"featured_media":0,"parent":0,"menu_order":0,"comment_status":"closed","ping_status":"closed","template":"","meta":{"footnotes":""},"_links":{"self":[{"href":"http:\/\/modernebiotechnologie.de\/index.php?rest_route=\/wp\/v2\/pages\/2663"}],"collection":[{"href":"http:\/\/modernebiotechnologie.de\/index.php?rest_route=\/wp\/v2\/pages"}],"about":[{"href":"http:\/\/modernebiotechnologie.de\/index.php?rest_route=\/wp\/v2\/types\/page"}],"author":[{"embeddable":true,"href":"http:\/\/modernebiotechnologie.de\/index.php?rest_route=\/wp\/v2\/users\/11"}],"replies":[{"embeddable":true,"href":"http:\/\/modernebiotechnologie.de\/index.php?rest_route=%2Fwp%2Fv2%2Fcomments&post=2663"}],"version-history":[{"count":6,"href":"http:\/\/modernebiotechnologie.de\/index.php?rest_route=\/wp\/v2\/pages\/2663\/revisions"}],"predecessor-version":[{"id":2685,"href":"http:\/\/modernebiotechnologie.de\/index.php?rest_route=\/wp\/v2\/pages\/2663\/revisions\/2685"}],"wp:attachment":[{"href":"http:\/\/modernebiotechnologie.de\/index.php?rest_route=%2Fwp%2Fv2%2Fmedia&parent=2663"}],"curies":[{"name":"wp","href":"https:\/\/api.w.org\/{rel}","templated":true}]}}