{"id":2640,"date":"2023-07-21T15:42:56","date_gmt":"2023-07-21T13:42:56","guid":{"rendered":"http:\/\/modernebiotechnologie.de\/?page_id=2640"},"modified":"2023-07-23T20:38:37","modified_gmt":"2023-07-23T18:38:37","slug":"lehrerkongress-17-november-2022","status":"publish","type":"page","link":"http:\/\/modernebiotechnologie.de\/?page_id=2640","title":{"rendered":"Lehrerkongress 17. November 2022"},"content":{"rendered":"\n<p>Am 17.11.22 waren wir eingeladen, mit Dr. J\u00fcrgen Braun und den vier Sch\u00fclern Lilian Lukacs, Alina<br data-rich-text-line-break=\"true\" \/>Hayer, Pascal Krueger und Minh Lai auf dem Lehrerkongress der Verb\u00e4nde der Chemischen Industrie<br data-rich-text-line-break=\"true\" \/>Baden W\u00fcrttemberg in Freiburg im Konzerthaus teilzunehmen.<br data-rich-text-line-break=\"true\" \/>Wir hatten hier einen Ausstellungsstand auf dem Markt der M\u00f6glichkeiten mit dem Alina und Lilian<br data-rich-text-line-break=\"true\" \/>die Aktivit\u00e4ten der AG vorstellen durften. Wir konnten hier Lehrer und Lehrerinnen an unserem<br data-rich-text-line-break=\"true\" \/>Stand \u00fcber unsere Unterrichtsmaterialien informieren. Au\u00dferdem war unser aktuelles Experiment,<br data-rich-text-line-break=\"true\" \/>welches beim Kongress in einem Infoforum durchgef\u00fchrt wurde und an welchem 38 P\u00e4dagogen und<br data-rich-text-line-break=\"true\" \/>P\u00e4dagoginnen teilgenommen haben, sehr gefragt.<br data-rich-text-line-break=\"true\" \/>Bei dem besagten Experiment hatten wir die Gelegenheit, CRISPR\/Cas9 -die Genschere- und DNASequenzierung nach Oxford Nanopore zu kombinieren.<br data-rich-text-line-break=\"true\" \/>Oxford Nanopore ist ein System des 3rd Generation Sequencing, welches Innovation und Fortschritt<br data-rich-text-line-break=\"true\" \/>bringt, da es portabel, preisg\u00fcnstig und sehr schnell ist (400 Basenpaare pro Sekunde). Bei der<br data-rich-text-line-break=\"true\" \/>allgemein bekannten Sequenzierung nach Sanger werden ca. 300-400 Basenpaare pro Tag<br data-rich-text-line-break=\"true\" \/>sequenziert. Im Vergleich ist es nun also einfach m\u00f6glich, ein menschliches Genom von 3 Milliarden<br data-rich-text-line-break=\"true\" \/>Basenpaaren in absehbarer Zeit zu ,,entschl\u00fcsseln\u201c.<br data-rich-text-line-break=\"true\" \/>Wir freuen uns, dass wir dabei sein konnten. Auch wir konnten von den ebenfalls sehr informativen<br data-rich-text-line-break=\"true\" \/>und interessanten Vortr\u00e4gen und St\u00e4nden der Chemischen Industrie und den anderen Teilnehmern<br data-rich-text-line-break=\"true\" \/>profitieren und vieles mitnehmen<\/p>\n\n\n\n<figure class=\"wp-block-image size-large\"><img loading=\"lazy\" decoding=\"async\" width=\"1024\" height=\"768\" src=\"http:\/\/modernebiotechnologie.de\/wp-content\/uploads\/2023\/07\/WhatsApp-Image-2023-07-23-at-18.41.13-1024x768.jpeg\" alt=\"\" class=\"wp-image-2653\" srcset=\"http:\/\/modernebiotechnologie.de\/wp-content\/uploads\/2023\/07\/WhatsApp-Image-2023-07-23-at-18.41.13-1024x768.jpeg 1024w, http:\/\/modernebiotechnologie.de\/wp-content\/uploads\/2023\/07\/WhatsApp-Image-2023-07-23-at-18.41.13-300x225.jpeg 300w, http:\/\/modernebiotechnologie.de\/wp-content\/uploads\/2023\/07\/WhatsApp-Image-2023-07-23-at-18.41.13-768x576.jpeg 768w, http:\/\/modernebiotechnologie.de\/wp-content\/uploads\/2023\/07\/WhatsApp-Image-2023-07-23-at-18.41.13-1536x1152.jpeg 1536w, http:\/\/modernebiotechnologie.de\/wp-content\/uploads\/2023\/07\/WhatsApp-Image-2023-07-23-at-18.41.13.jpeg 2048w\" sizes=\"(max-width: 1024px) 100vw, 1024px\" \/><\/figure>\n","protected":false},"excerpt":{"rendered":"<p>Am 17.11.22 waren wir eingeladen, mit Dr. J\u00fcrgen Braun und den vier Sch\u00fclern Lilian Lukacs, AlinaHayer, Pascal Krueger und Minh Lai auf dem Lehrerkongress der Verb\u00e4nde der Chemischen IndustrieBaden W\u00fcrttemberg in Freiburg im Konzerthaus teilzunehmen.Wir hatten hier einen Ausstellungsstand auf dem Markt der M\u00f6glichkeiten mit dem Alina und Liliandie Aktivit\u00e4ten der AG vorstellen durften. Wir [&hellip;]<\/p>\n","protected":false},"author":11,"featured_media":0,"parent":0,"menu_order":0,"comment_status":"closed","ping_status":"closed","template":"","meta":{"footnotes":""},"_links":{"self":[{"href":"http:\/\/modernebiotechnologie.de\/index.php?rest_route=\/wp\/v2\/pages\/2640"}],"collection":[{"href":"http:\/\/modernebiotechnologie.de\/index.php?rest_route=\/wp\/v2\/pages"}],"about":[{"href":"http:\/\/modernebiotechnologie.de\/index.php?rest_route=\/wp\/v2\/types\/page"}],"author":[{"embeddable":true,"href":"http:\/\/modernebiotechnologie.de\/index.php?rest_route=\/wp\/v2\/users\/11"}],"replies":[{"embeddable":true,"href":"http:\/\/modernebiotechnologie.de\/index.php?rest_route=%2Fwp%2Fv2%2Fcomments&post=2640"}],"version-history":[{"count":3,"href":"http:\/\/modernebiotechnologie.de\/index.php?rest_route=\/wp\/v2\/pages\/2640\/revisions"}],"predecessor-version":[{"id":2655,"href":"http:\/\/modernebiotechnologie.de\/index.php?rest_route=\/wp\/v2\/pages\/2640\/revisions\/2655"}],"wp:attachment":[{"href":"http:\/\/modernebiotechnologie.de\/index.php?rest_route=%2Fwp%2Fv2%2Fmedia&parent=2640"}],"curies":[{"name":"wp","href":"https:\/\/api.w.org\/{rel}","templated":true}]}}