{"id":2563,"date":"2023-07-18T20:11:15","date_gmt":"2023-07-18T18:11:15","guid":{"rendered":"http:\/\/modernebiotechnologie.de\/?page_id=2563"},"modified":"2023-07-18T20:24:46","modified_gmt":"2023-07-18T18:24:46","slug":"amerikanische-schueler-forschen-am-dkfz-2","status":"publish","type":"page","link":"http:\/\/modernebiotechnologie.de\/?page_id=2563","title":{"rendered":"Amerikanische Sch\u00fcler forschen am DKFZ"},"content":{"rendered":"\n<p>Der deutsch-amerikanische Sch\u00fcleraustausch zwischen der Governor School for Science &amp; Mathematics (GSSM) in Hartsville, South Carolina und der Johanna-Wittum Schule (JWS) in Pforzheim findet 2023 zum dreizehnten Mal statt. Auch in diesem Jahr haben die drei amerikanischen Sch\u00fclerInnen Ashley Niu, Mary O`Brien und Peter Hoegy die M\u00f6glichkeit vom 6. Juni bis 14. Juli in den deutschen Gastfamilien Biesinger, Lai und Lukacs zu leben. W\u00e4hrend dieses Zeitraumes absolvieren sie ein Forschungspraktikum am Deutschen Krebsforschungszentrum (DKFZ) in Heidelberg. Mentoren der amerikanischen Austauschsch\u00fcler am DKFZ sind Dr. Angel Cid-Arregui, Dr. Stefan Pusch und Prof. Dr. Stefan Wiemann.<\/p>\n\n\n\n<figure class=\"wp-block-image size-large\"><img loading=\"lazy\" decoding=\"async\" width=\"1024\" height=\"768\" src=\"http:\/\/modernebiotechnologie.de\/wp-content\/uploads\/2023\/07\/WhatsApp-Image-2023-07-11-at-19.59.13-1024x768.jpeg\" alt=\"\" class=\"wp-image-2558\" srcset=\"http:\/\/modernebiotechnologie.de\/wp-content\/uploads\/2023\/07\/WhatsApp-Image-2023-07-11-at-19.59.13-1024x768.jpeg 1024w, http:\/\/modernebiotechnologie.de\/wp-content\/uploads\/2023\/07\/WhatsApp-Image-2023-07-11-at-19.59.13-300x225.jpeg 300w, http:\/\/modernebiotechnologie.de\/wp-content\/uploads\/2023\/07\/WhatsApp-Image-2023-07-11-at-19.59.13-768x576.jpeg 768w, http:\/\/modernebiotechnologie.de\/wp-content\/uploads\/2023\/07\/WhatsApp-Image-2023-07-11-at-19.59.13-1536x1152.jpeg 1536w, http:\/\/modernebiotechnologie.de\/wp-content\/uploads\/2023\/07\/WhatsApp-Image-2023-07-11-at-19.59.13.jpeg 2016w\" sizes=\"(max-width: 1024px) 100vw, 1024px\" \/><\/figure>\n\n\n\n<p>W\u00e4hrend ihres Aufenthalts in Deutschland konnten Ashley, Mary und Peter beim Besuch des Speyerer Doms und der Burg Trifels tief in die deutsche Geschichte des 11. \u2013 13. Jahrhunderts eintauschen.<\/p>\n\n\n\n<figure class=\"wp-block-image size-large is-resized\"><img loading=\"lazy\" decoding=\"async\" src=\"http:\/\/modernebiotechnologie.de\/wp-content\/uploads\/2023\/07\/WhatsApp-Image-2023-07-18-at-20.23.23.jpeg\" alt=\"\" class=\"wp-image-2574\" width=\"565\" height=\"750\" srcset=\"http:\/\/modernebiotechnologie.de\/wp-content\/uploads\/2023\/07\/WhatsApp-Image-2023-07-18-at-20.23.23.jpeg 597w, http:\/\/modernebiotechnologie.de\/wp-content\/uploads\/2023\/07\/WhatsApp-Image-2023-07-18-at-20.23.23-226x300.jpeg 226w\" sizes=\"(max-width: 565px) 100vw, 565px\" \/><\/figure>\n\n\n\n<p>Am 16. August werden die drei JWS-Sch\u00fclerInnen Lilian Lukacs, Nico Biesinger und Minh Lai nach Amerika reisen und am Forschungszentrum der Clemson University in Florence bis zum 28. September ebenfalls ein Forschungspraktikum durchf\u00fchren. W\u00e4hrend des Praktikums wohnen sie an der GSSM.<\/p>\n\n\n\n<figure class=\"wp-block-image size-large\"><img loading=\"lazy\" decoding=\"async\" width=\"1024\" height=\"768\" src=\"http:\/\/modernebiotechnologie.de\/wp-content\/uploads\/2023\/07\/WhatsApp-Image-2023-07-18-at-20.00.01-1024x768.jpeg\" alt=\"\" class=\"wp-image-2559\" srcset=\"http:\/\/modernebiotechnologie.de\/wp-content\/uploads\/2023\/07\/WhatsApp-Image-2023-07-18-at-20.00.01-1024x768.jpeg 1024w, http:\/\/modernebiotechnologie.de\/wp-content\/uploads\/2023\/07\/WhatsApp-Image-2023-07-18-at-20.00.01-300x225.jpeg 300w, http:\/\/modernebiotechnologie.de\/wp-content\/uploads\/2023\/07\/WhatsApp-Image-2023-07-18-at-20.00.01-768x576.jpeg 768w, http:\/\/modernebiotechnologie.de\/wp-content\/uploads\/2023\/07\/WhatsApp-Image-2023-07-18-at-20.00.01-1536x1152.jpeg 1536w, http:\/\/modernebiotechnologie.de\/wp-content\/uploads\/2023\/07\/WhatsApp-Image-2023-07-18-at-20.00.01.jpeg 2048w\" sizes=\"(max-width: 1024px) 100vw, 1024px\" \/><\/figure>\n","protected":false},"excerpt":{"rendered":"<p>Der deutsch-amerikanische Sch\u00fcleraustausch zwischen der Governor School for Science &amp; Mathematics (GSSM) in Hartsville, South Carolina und der Johanna-Wittum Schule (JWS) in Pforzheim findet 2023 zum dreizehnten Mal statt. Auch in diesem Jahr haben die drei amerikanischen Sch\u00fclerInnen Ashley Niu, Mary O`Brien und Peter Hoegy die M\u00f6glichkeit vom 6. Juni bis 14. Juli in den [&hellip;]<\/p>\n","protected":false},"author":11,"featured_media":0,"parent":0,"menu_order":0,"comment_status":"closed","ping_status":"closed","template":"","meta":{"footnotes":""},"_links":{"self":[{"href":"http:\/\/modernebiotechnologie.de\/index.php?rest_route=\/wp\/v2\/pages\/2563"}],"collection":[{"href":"http:\/\/modernebiotechnologie.de\/index.php?rest_route=\/wp\/v2\/pages"}],"about":[{"href":"http:\/\/modernebiotechnologie.de\/index.php?rest_route=\/wp\/v2\/types\/page"}],"author":[{"embeddable":true,"href":"http:\/\/modernebiotechnologie.de\/index.php?rest_route=\/wp\/v2\/users\/11"}],"replies":[{"embeddable":true,"href":"http:\/\/modernebiotechnologie.de\/index.php?rest_route=%2Fwp%2Fv2%2Fcomments&post=2563"}],"version-history":[{"count":2,"href":"http:\/\/modernebiotechnologie.de\/index.php?rest_route=\/wp\/v2\/pages\/2563\/revisions"}],"predecessor-version":[{"id":2576,"href":"http:\/\/modernebiotechnologie.de\/index.php?rest_route=\/wp\/v2\/pages\/2563\/revisions\/2576"}],"wp:attachment":[{"href":"http:\/\/modernebiotechnologie.de\/index.php?rest_route=%2Fwp%2Fv2%2Fmedia&parent=2563"}],"curies":[{"name":"wp","href":"https:\/\/api.w.org\/{rel}","templated":true}]}}