{"id":2537,"date":"2023-06-01T17:43:11","date_gmt":"2023-06-01T15:43:11","guid":{"rendered":"http:\/\/modernebiotechnologie.de\/?page_id=2537"},"modified":"2023-12-12T21:02:30","modified_gmt":"2023-12-12T20:02:30","slug":"erasmus-treffen-in-istanbul-30-04-11-05-2023","status":"publish","type":"page","link":"http:\/\/modernebiotechnologie.de\/?page_id=2537","title":{"rendered":"ERASMUS+ Treffen in Istanbul 30.04-11.05.2023:"},"content":{"rendered":"\n<p>F\u00fcr das dritte Treffen des zwei Jahre langen Projekts \u201eModern Challenges in Gene Editing by CRISPR\u201c traf sich das ERASMUS+ Team erneut zu einen Laborworkshop in der T\u00fcrkei. An diesem nahmen Sch\u00fcler und Lehrer der Tschechischen Republik, D\u00e4nemark, Deutschland, Griechenland, Litauen, Polen, der Slowakei sowie mehreren Schulen der T\u00fcrkei teil.<\/p>\n\n\n\n<div class=\"wp-block-image\"><figure class=\"aligncenter size-large is-resized\"><img loading=\"lazy\" decoding=\"async\" src=\"http:\/\/modernebiotechnologie.de\/wp-content\/uploads\/2023\/06\/WhatsApp-Image-2023-05-28-at-19.19.10-1.jpeg\" alt=\"\" class=\"wp-image-2538\" width=\"321\" height=\"236\"\/><figcaption>Internationale Teilnehmer des Projekts<\/figcaption><\/figure><\/div>\n\n\n\n<p>Wir brachten jedoch nicht nur unser fachliches know how in Istanbul in die Laborarbeiten ein. Im Vorfeld des Workshops hatten wir die Idee entwickelt, mit allen Partnern gemeinsam, eine Spendensammelaktion f\u00fcr die Erdbebenopfer in der T\u00fcrkei zu initiieren. Dabei kam die stattliche Summe von 1100 Euro zusammen, die von Mina und Anna an die t\u00fcrkische Schulleiterin \u00fcberreicht werden konnte. Die t\u00fcrkischen Gastgeber zeigten sich von der Spendenaktion \u00fcberrascht und lobten den europ\u00e4ischen Gedanken dieser Aktion.<\/p>\n\n\n\n<div class=\"wp-block-image\"><figure class=\"aligncenter size-large is-resized\"><img loading=\"lazy\" decoding=\"async\" src=\"http:\/\/modernebiotechnologie.de\/wp-content\/uploads\/2023\/06\/WhatsApp-Image-2023-05-28-at-19.19.24-1.jpeg\" alt=\"\" class=\"wp-image-2539\" width=\"298\" height=\"224\"\/><figcaption>\u00dcbergabe des Schecks an die Schulleiterin der Ko\u00e7 Schule<\/figcaption><\/figure><\/div>\n\n\n\n<p>Der Nachweis von genetisch ver\u00e4nderten Pflanzen in Lebensmitteln durch PCR und Auswertung der Ergebnisse mittels Gel Elektrophorese wurde an der Ko\u00e7 Schule in Istanbul durchgef\u00fchrt. Hintergrundinformationen \u00fcber die DNA, Gel Elektrophorese, PCR und genetisch ver\u00e4nderte Organismen (GMOs) wurden von dem internationalen Mentor Team aus Pforzheim, Brno und den Gastgebern in englisch und t\u00fcrkisch pr\u00e4sentiert. 21 internationale Arbeitsgruppen f\u00fchrten das PCR- Experiment durch.<\/p>\n\n\n\n<div class=\"wp-block-image\"><figure class=\"aligncenter size-large is-resized\"><img loading=\"lazy\" decoding=\"async\" src=\"http:\/\/modernebiotechnologie.de\/wp-content\/uploads\/2023\/06\/WhatsApp-Image-2023-05-28-at-19.19.36-1.jpeg\" alt=\"\" class=\"wp-image-2540\" width=\"510\" height=\"267\" srcset=\"http:\/\/modernebiotechnologie.de\/wp-content\/uploads\/2023\/06\/WhatsApp-Image-2023-05-28-at-19.19.36-1.jpeg 500w, http:\/\/modernebiotechnologie.de\/wp-content\/uploads\/2023\/06\/WhatsApp-Image-2023-05-28-at-19.19.36-1-300x157.jpeg 300w\" sizes=\"(max-width: 510px) 100vw, 510px\" \/><figcaption>Vorbereitung der PCR-Proben<\/figcaption><\/figure><\/div>\n\n\n\n<p>W\u00e4hrend des ersten Tages des Experiments extrahierten die Arbeitsgruppen die DNA aus Haferflocken, als Negativkontrolle. Jede der 21 Arbeitsgruppen untersuchte dann ein Lebensmittel, ob diese gentechnisch ver\u00e4ndert ist. Insgesamt bereitete jede Arbeitsgruppe jeweils sechs Proben, einschlie\u00dflich Negativ- und Positiv-Kontrollen, f\u00fcr die PCR vor. Bevor die PCR gestartet wurde programmierten die Mentoren den Thermocycler entsprechend des 40-Zyklen langen Programms. Am Ende des Tages wurden die Proben der ersten 16 Arbeitsgruppen in den Thermocycler gegeben, um \u00dcbernacht vervielf\u00e4ltigt zu werden.<br>Am zweiten Tag des Workshops wurden die Proben der \u00fcbrigen f\u00fcnf Gruppen mittels PCR vervielf\u00e4ltigt. Gleichzeitig wurden Agarose Gele f\u00fcr die Auswertung des PCR-Experiments hergestellt. Es kamen zwei verschiedene Arten von Gel Elektrophorese Systemen zum Einsatz, selbst-hergestellte Agarose Gele mit Gel-Red als Farbstoff und Fertiggele der Firma Lonza. Nachdem alle Proben mittels Elektrophorese ausgewertet waren, bereiteten die Arbeitsgruppen eine Pr\u00e4sentation vor, in welcher sie ihre Versuchsergebnisse vorstellten.<\/p>\n\n\n\n<figure class=\"wp-block-image size-large\"><img loading=\"lazy\" decoding=\"async\" width=\"605\" height=\"234\" src=\"http:\/\/modernebiotechnologie.de\/wp-content\/uploads\/2023\/06\/WhatsApp-Image-2023-05-28-at-19.19.59-1.jpeg\" alt=\"\" class=\"wp-image-2541\" srcset=\"http:\/\/modernebiotechnologie.de\/wp-content\/uploads\/2023\/06\/WhatsApp-Image-2023-05-28-at-19.19.59-1.jpeg 605w, http:\/\/modernebiotechnologie.de\/wp-content\/uploads\/2023\/06\/WhatsApp-Image-2023-05-28-at-19.19.59-1-300x116.jpeg 300w\" sizes=\"(max-width: 605px) 100vw, 605px\" \/><\/figure>\n\n\n\n<p>Der Gro\u00dfteil der Arbeitsgruppen extrahierte erfolgreich DNA aus ihren Proben und die Amplifikation dieser DNA mittels PCR funktionierte ebenfalls. Jedoch war das Ergebnis der Negativkontrolle bei allen Gruppen \u00fcberraschenderweise positiv mit den Primern f\u00fcr die in der Gentechnik h\u00e4ufig verwendeten 35S-Promotor (aus dem Cauliflower Mosaik Virus, CaMV) und\/oder dem NOS-Terminator (aus Agrobacterium tumefaciens).<br>Fazit der Untersuchungen:<br>Alle untersuchten Lebensmittel aus USA waren gentechnisch ver\u00e4ndert. Alle aus europ\u00e4ischen Superm\u00e4rkten gekauften Lebensmittel waren nicht gentechnisch ver\u00e4ndert.<br>Nach der erfolgreichen Laborarbeit unternahm die Erasmus-Gruppe eine Tour, um die t\u00fcrkische Kultur zu erleben und Sehensw\u00fcrdigkeiten wie die Blaue Moschee, den Topkap\u0131 Palast und den Gro\u00dfen Bazar zu besichtigen.<\/p>\n\n\n\n<div class=\"wp-block-image\"><figure class=\"aligncenter size-large is-resized\"><img loading=\"lazy\" decoding=\"async\" src=\"http:\/\/modernebiotechnologie.de\/wp-content\/uploads\/2023\/06\/WhatsApp-Image-2023-05-28-at-19.19.49-1.jpeg\" alt=\"\" class=\"wp-image-2542\" width=\"273\" height=\"205\"\/><figcaption>Blaue Moschee<\/figcaption><\/figure><\/div>\n","protected":false},"excerpt":{"rendered":"<p>F\u00fcr das dritte Treffen des zwei Jahre langen Projekts \u201eModern Challenges in Gene Editing by CRISPR\u201c traf sich das ERASMUS+ Team erneut zu einen Laborworkshop in der T\u00fcrkei. An diesem nahmen Sch\u00fcler und Lehrer der Tschechischen Republik, D\u00e4nemark, Deutschland, Griechenland, Litauen, Polen, der Slowakei sowie mehreren Schulen der T\u00fcrkei teil. Wir brachten jedoch nicht nur [&hellip;]<\/p>\n","protected":false},"author":11,"featured_media":0,"parent":0,"menu_order":0,"comment_status":"closed","ping_status":"closed","template":"","meta":{"footnotes":""},"_links":{"self":[{"href":"http:\/\/modernebiotechnologie.de\/index.php?rest_route=\/wp\/v2\/pages\/2537"}],"collection":[{"href":"http:\/\/modernebiotechnologie.de\/index.php?rest_route=\/wp\/v2\/pages"}],"about":[{"href":"http:\/\/modernebiotechnologie.de\/index.php?rest_route=\/wp\/v2\/types\/page"}],"author":[{"embeddable":true,"href":"http:\/\/modernebiotechnologie.de\/index.php?rest_route=\/wp\/v2\/users\/11"}],"replies":[{"embeddable":true,"href":"http:\/\/modernebiotechnologie.de\/index.php?rest_route=%2Fwp%2Fv2%2Fcomments&post=2537"}],"version-history":[{"count":1,"href":"http:\/\/modernebiotechnologie.de\/index.php?rest_route=\/wp\/v2\/pages\/2537\/revisions"}],"predecessor-version":[{"id":2543,"href":"http:\/\/modernebiotechnologie.de\/index.php?rest_route=\/wp\/v2\/pages\/2537\/revisions\/2543"}],"wp:attachment":[{"href":"http:\/\/modernebiotechnologie.de\/index.php?rest_route=%2Fwp%2Fv2%2Fmedia&parent=2537"}],"curies":[{"name":"wp","href":"https:\/\/api.w.org\/{rel}","templated":true}]}}