{"id":2484,"date":"2023-02-09T20:31:24","date_gmt":"2023-02-09T19:31:24","guid":{"rendered":"http:\/\/modernebiotechnologie.de\/?page_id=2484"},"modified":"2023-12-12T20:59:20","modified_gmt":"2023-12-12T19:59:20","slug":"erasmus-treffen-in-evreux","status":"publish","type":"page","link":"http:\/\/modernebiotechnologie.de\/?page_id=2484","title":{"rendered":"Erasmus+ Treffen in \u00c9vreux"},"content":{"rendered":"\n<p>Zum zweiten Projekttreffen im zwei j\u00e4hrigen Projekt \u201eEuropean Challenges in Geneediting by CRISPR\u201c traf sich das Erasmus+ Team zum Laborworkshop am Lyc\u00e9e Senghor in \u00c9vreux, Frankreich. Teilnehmer waren Sch\u00fclerinnen und Sch\u00fcler und Lehrerinnen und Lehrer aus Frankreich, D\u00e4nemark, Deutschland, Litauen, Griechenland, Polen, Slowakei und der Tschechischen Republik.<\/p>\n\n\n\n<figure class=\"wp-block-image size-large is-resized\"><img loading=\"lazy\" decoding=\"async\" src=\"http:\/\/modernebiotechnologie.de\/wp-content\/uploads\/2023\/02\/WhatsApp-Image-2023-02-09-at-20.24.37.jpeg\" alt=\"\" class=\"wp-image-2485\" width=\"654\" height=\"490\" srcset=\"http:\/\/modernebiotechnologie.de\/wp-content\/uploads\/2023\/02\/WhatsApp-Image-2023-02-09-at-20.24.37.jpeg 335w, http:\/\/modernebiotechnologie.de\/wp-content\/uploads\/2023\/02\/WhatsApp-Image-2023-02-09-at-20.24.37-300x225.jpeg 300w\" sizes=\"(max-width: 654px) 100vw, 654px\" \/><\/figure>\n\n\n\n<p>Das Erasmus+ Team vor der Partnerschule Lyc\u00e9e Senghor<\/p>\n<p>Vom 27.01. &#8211; 07.02.2023 wurde am Lyc\u00e9e Senghor, die in Thisted erarbeitete Unterrichtseinheit zum Thema CRISPR in vitro, evaluiert. Dabei wurden sowohl die erarbeiteten Unterrichtsmaterialien vorgestellt als auch das eigens entwickelte Experiment zum Thema praktisch durchgef\u00fchrt.<\/p>\n\n\n\n<figure class=\"wp-block-image size-large is-resized\"><img loading=\"lazy\" decoding=\"async\" src=\"http:\/\/modernebiotechnologie.de\/wp-content\/uploads\/2023\/02\/WhatsApp-Image-2023-02-09-at-20.24.46.jpeg\" alt=\"\" class=\"wp-image-2486\" width=\"651\" height=\"487\" srcset=\"http:\/\/modernebiotechnologie.de\/wp-content\/uploads\/2023\/02\/WhatsApp-Image-2023-02-09-at-20.24.46.jpeg 349w, http:\/\/modernebiotechnologie.de\/wp-content\/uploads\/2023\/02\/WhatsApp-Image-2023-02-09-at-20.24.46-300x224.jpeg 300w\" sizes=\"(max-width: 651px) 100vw, 651px\" \/><\/figure>\n\n\n\n<p>Bei der Laborarbeit: Vorbereitung der Gelelektrophorese<\/p>\n<p>Angeleitet wurde das Laborpraktikum von einem internationalen Mentorenteam, bestehend aus Sch\u00fclerinnen und Sch\u00fcler aus Litauen, Griechenland und Frankreich. Im ersten Arbeitsschritt des mehrt\u00e4gigen Laborpraktikums wurde das Plasmid pBR322 mit dem Restriktionsenzym PSTI geschnitten und damit linearisiert. Eine eigene guide-RNA (gRNA) wurde durch in-vitro Transkription daraufhin hergestellt.<\/p>\n\n\n\n<figure class=\"wp-block-image size-large is-resized\"><img loading=\"lazy\" decoding=\"async\" src=\"http:\/\/modernebiotechnologie.de\/wp-content\/uploads\/2023\/02\/WhatsApp-Image-2023-02-09-at-20.24.58.jpeg\" alt=\"\" class=\"wp-image-2487\" width=\"658\" height=\"490\" srcset=\"http:\/\/modernebiotechnologie.de\/wp-content\/uploads\/2023\/02\/WhatsApp-Image-2023-02-09-at-20.24.58.jpeg 441w, http:\/\/modernebiotechnologie.de\/wp-content\/uploads\/2023\/02\/WhatsApp-Image-2023-02-09-at-20.24.58-300x224.jpeg 300w\" sizes=\"(max-width: 658px) 100vw, 658px\" \/><\/figure>\n\n\n\n<p>Nachweis der gebildeten gRNA durch Gelelektrophorese<\/p>\n<p>Schlie\u00dflich wurde die gRNA mit der Nuklease Cas9 zusammengebracht und das linearisierte Plasmid damit programmierbar geschnitten. Die dabei entstandenen Fragmente wurden mithilfe der Gelelektrophorese aufgetrennt und deren L\u00e4nge mittels Eichkurve bestimmt. <\/p>\n\n\n\n<figure class=\"wp-block-image size-large is-resized\"><img loading=\"lazy\" decoding=\"async\" src=\"http:\/\/modernebiotechnologie.de\/wp-content\/uploads\/2023\/02\/WhatsApp-Image-2023-02-09-at-20.25.05.jpeg\" alt=\"\" class=\"wp-image-2488\" width=\"654\" height=\"674\" srcset=\"http:\/\/modernebiotechnologie.de\/wp-content\/uploads\/2023\/02\/WhatsApp-Image-2023-02-09-at-20.25.05.jpeg 329w, http:\/\/modernebiotechnologie.de\/wp-content\/uploads\/2023\/02\/WhatsApp-Image-2023-02-09-at-20.25.05-291x300.jpeg 291w\" sizes=\"(max-width: 654px) 100vw, 654px\" \/><\/figure>\n\n\n\n<p>Nachweis des CRISPR\/Cas9-Schnitts durch Gelelektrophorese<\/p>\n<p>Die dabei ermittelten Fragmentl\u00e4ngen der 19 Arbeitsgruppen entsprachen n\u00e4herungsweise den erwarteten Werten. Im weiteren Verlauf des Projekts soll durch Oxford Nanopore-Sequenzierung der Fragmente gepr\u00fcft werden, ob der CRISPR\/Cas9-Schnitt tats\u00e4chlich basengenau erfolgt ist.<\/p>\n<p>Nach dem erfolgreichen Laborpraktikum besuchten wir auch bekannte Sehensw\u00fcrdigkeiten der Normandie wie z. B. das Jeanne d\u2018Arc Museum in Rouen. Ein besonderes Erlebnis f\u00fcr alle Teilnehmer war das Leben in franz\u00f6sischen Gastfamilien, in denen wir auch die franz\u00f6sische K\u00fcche genie\u00dfen durften.<\/p>\n","protected":false},"excerpt":{"rendered":"<p>Zum zweiten Projekttreffen im zwei j\u00e4hrigen Projekt \u201eEuropean Challenges in Geneediting by CRISPR\u201c traf sich das Erasmus+ Team zum Laborworkshop am Lyc\u00e9e Senghor in \u00c9vreux, Frankreich. Teilnehmer waren Sch\u00fclerinnen und Sch\u00fcler und Lehrerinnen und Lehrer aus Frankreich, D\u00e4nemark, Deutschland, Litauen, Griechenland, Polen, Slowakei und der Tschechischen Republik. Das Erasmus+ Team vor der Partnerschule Lyc\u00e9e Senghor [&hellip;]<\/p>\n","protected":false},"author":11,"featured_media":0,"parent":0,"menu_order":0,"comment_status":"closed","ping_status":"closed","template":"","meta":{"footnotes":""},"_links":{"self":[{"href":"http:\/\/modernebiotechnologie.de\/index.php?rest_route=\/wp\/v2\/pages\/2484"}],"collection":[{"href":"http:\/\/modernebiotechnologie.de\/index.php?rest_route=\/wp\/v2\/pages"}],"about":[{"href":"http:\/\/modernebiotechnologie.de\/index.php?rest_route=\/wp\/v2\/types\/page"}],"author":[{"embeddable":true,"href":"http:\/\/modernebiotechnologie.de\/index.php?rest_route=\/wp\/v2\/users\/11"}],"replies":[{"embeddable":true,"href":"http:\/\/modernebiotechnologie.de\/index.php?rest_route=%2Fwp%2Fv2%2Fcomments&post=2484"}],"version-history":[{"count":1,"href":"http:\/\/modernebiotechnologie.de\/index.php?rest_route=\/wp\/v2\/pages\/2484\/revisions"}],"predecessor-version":[{"id":2489,"href":"http:\/\/modernebiotechnologie.de\/index.php?rest_route=\/wp\/v2\/pages\/2484\/revisions\/2489"}],"wp:attachment":[{"href":"http:\/\/modernebiotechnologie.de\/index.php?rest_route=%2Fwp%2Fv2%2Fmedia&parent=2484"}],"curies":[{"name":"wp","href":"https:\/\/api.w.org\/{rel}","templated":true}]}}