{"id":2216,"date":"2022-08-05T01:17:09","date_gmt":"2022-08-04T23:17:09","guid":{"rendered":"http:\/\/modernebiotechnologie.de\/?page_id=2216"},"modified":"2022-08-05T01:17:10","modified_gmt":"2022-08-04T23:17:10","slug":"pressemitteilung-26-07-2022","status":"publish","type":"page","link":"http:\/\/modernebiotechnologie.de\/?page_id=2216","title":{"rendered":"Pressemitteilung 26.07.2022"},"content":{"rendered":"\n\n\n<p>Pressemitteilung der Johanna-Wittum-Schule<\/p>\n\n\n\n<p>Amerikanische Sch\u00fcler zu Gast an der Johanna-Wittum-Schule.<\/p>\n\n\n\n<p>Nach zwei Jahren coronabedingter Zwangspause ist der transatlantische Sch\u00fcleraustausch zwischen der Johanna-Wittum-Schule und der Partnerschule Governor School for Science and Mathematics in Hartsville (South Carolina, USA) wieder in vollem Gange.<\/p>\n\n\n\n<p>Die drei Sch\u00fclerinnen des Biotechnologischen Gymnasiums der Pforzheimer Schule Tina Enderle, Johanna Staudacher und Mina \u00d6zisletici freuen sich gemeinsam mit ihren Familien \u00fcber ihren sechsw\u00f6chigen Besuch aus Amerika. \u201eAnna Kiley, Sare Koruk und Demetrius Jackson sind w\u00e4hrend den Pfingstferien angereist und haben sich sehr schnell in den Gastfamilien eingelebt\u201c, berichtet Tina Enderle.<\/p>\n\n\n\n<p>Schwerpunkt des von den Sch\u00fclern beider Schulen sehr stark nachgefragten Austausch-projekts ist ein 6-w\u00f6chiges Forschungspraktikum. Das Deutsche Krebsforschungszentrum (DKFZ) in Heidelberg hat daf\u00fcr freundlicherweise wieder die Praktikumspl\u00e4tze zur Verf\u00fcgung gestellt. \u201eWir k\u00f6nnen uns keinen besseren Partner als das DKFZ vorstellen, unsere amerikanischen G\u00e4ste bekommen Einblicke in deutsche Spitzenforschung\u201c, so Frau Dr. Kagerhuber, Schulleiterin der JWS.<\/p>\n\n\n\n<p>Im August und September werden dann die drei Pforzheimer Sch\u00fclerinnen, begleitet durch den Projektverantwortlichen Dr. Braun, den Gegenbesuch nach Amerika antreten. Die Sch\u00fclerinnen werden an der Partnerschule wohnen und an der Universit\u00e4t Columbia ebenfalls ein 6-w\u00f6chiges Forschungspraktikum im Bereich Biotechnologie absolvieren.&nbsp;<\/p>\n\n\n\n<p>Nat\u00fcrlich sieht das Projekt nicht nur den fachlichen Austausch vor. \u201eIch bin sehr gespannt auf Amerika, was uns dort auch neben dem Praktikum erwarten wird. Wir jedenfalls sind an den Wochenenden sehr aktiv und zeigen unseren G\u00e4sten die Stadt und die Region. Sie sollen Deutschland in sehr guter Erinnerung behalten\u201c, schildert Johanna Staudacher.<\/p>\n\n\n\n<p><\/p>\n\n\n\n<p><\/p>\n\n\n\n<figure class=\"wp-block-image size-large\"><img loading=\"lazy\" decoding=\"async\" width=\"1024\" height=\"859\" src=\"http:\/\/modernebiotechnologie.de\/wp-content\/uploads\/2022\/08\/Deutsch-amerikanischer-Austausch-1024x859.jpeg\" alt=\"\" class=\"wp-image-2217\" srcset=\"http:\/\/modernebiotechnologie.de\/wp-content\/uploads\/2022\/08\/Deutsch-amerikanischer-Austausch-1024x859.jpeg 1024w, http:\/\/modernebiotechnologie.de\/wp-content\/uploads\/2022\/08\/Deutsch-amerikanischer-Austausch-300x252.jpeg 300w, http:\/\/modernebiotechnologie.de\/wp-content\/uploads\/2022\/08\/Deutsch-amerikanischer-Austausch-768x644.jpeg 768w, http:\/\/modernebiotechnologie.de\/wp-content\/uploads\/2022\/08\/Deutsch-amerikanischer-Austausch-1536x1288.jpeg 1536w, http:\/\/modernebiotechnologie.de\/wp-content\/uploads\/2022\/08\/Deutsch-amerikanischer-Austausch-2048x1717.jpeg 2048w\" sizes=\"(max-width: 1024px) 100vw, 1024px\" \/><\/figure>\n","protected":false},"excerpt":{"rendered":"<p>Pressemitteilung der Johanna-Wittum-Schule Amerikanische Sch\u00fcler zu Gast an der Johanna-Wittum-Schule. Nach zwei Jahren coronabedingter Zwangspause ist der transatlantische Sch\u00fcleraustausch zwischen der Johanna-Wittum-Schule und der Partnerschule Governor School for Science and Mathematics in Hartsville (South Carolina, USA) wieder in vollem Gange. Die drei Sch\u00fclerinnen des Biotechnologischen Gymnasiums der Pforzheimer Schule Tina Enderle, Johanna Staudacher und Mina [&hellip;]<\/p>\n","protected":false},"author":7,"featured_media":0,"parent":0,"menu_order":0,"comment_status":"closed","ping_status":"closed","template":"","meta":{"footnotes":""},"_links":{"self":[{"href":"http:\/\/modernebiotechnologie.de\/index.php?rest_route=\/wp\/v2\/pages\/2216"}],"collection":[{"href":"http:\/\/modernebiotechnologie.de\/index.php?rest_route=\/wp\/v2\/pages"}],"about":[{"href":"http:\/\/modernebiotechnologie.de\/index.php?rest_route=\/wp\/v2\/types\/page"}],"author":[{"embeddable":true,"href":"http:\/\/modernebiotechnologie.de\/index.php?rest_route=\/wp\/v2\/users\/7"}],"replies":[{"embeddable":true,"href":"http:\/\/modernebiotechnologie.de\/index.php?rest_route=%2Fwp%2Fv2%2Fcomments&post=2216"}],"version-history":[{"count":1,"href":"http:\/\/modernebiotechnologie.de\/index.php?rest_route=\/wp\/v2\/pages\/2216\/revisions"}],"predecessor-version":[{"id":2218,"href":"http:\/\/modernebiotechnologie.de\/index.php?rest_route=\/wp\/v2\/pages\/2216\/revisions\/2218"}],"wp:attachment":[{"href":"http:\/\/modernebiotechnologie.de\/index.php?rest_route=%2Fwp%2Fv2%2Fmedia&parent=2216"}],"curies":[{"name":"wp","href":"https:\/\/api.w.org\/{rel}","templated":true}]}}