{"id":1960,"date":"2021-09-22T18:36:52","date_gmt":"2021-09-22T16:36:52","guid":{"rendered":"http:\/\/modernebiotechnologie.de\/?page_id=1960"},"modified":"2021-10-02T11:34:42","modified_gmt":"2021-10-02T09:34:42","slug":"erasmus-2021-2027","status":"publish","type":"page","link":"http:\/\/modernebiotechnologie.de\/?page_id=1960","title":{"rendered":"Erasmus 2021-2027"},"content":{"rendered":"\n<p style=\"font-size:23px\"><strong>Die Eintrittskarte f\u00fcr Erasmus gel\u00f6st<\/strong><\/p>\n\n\n\n<p>Mit der Akkreditierungsurkunde von der Deutschen Nationalen Erasmus Agentur in Bonn hat die Johanna-Wittum-Schule die Berechtigung erhalten auch im neuen Erasmus+ Programm der Europ\u00e4ischen Union von 2021 bis 2027, teilnehmen zu d\u00fcrfen. Damit f\u00f6rdert die EU die internationale Zusammenarbeit von Schulen in gemeinsamen Projekten.<\/p>\n\n\n\n<p>Bereits seit 15 Jahren ist die Johanna-Wittum-Schule \u00fcber dieses Programm international aktiv und bietet damit ihren Sch\u00fclerinnen und Sch\u00fclern auf europ\u00e4ischer Ebene die M\u00f6glichkeit Erfahrungen auf dem Gebiet der Naturwissenschaften, insbesondere der Biotechnologie, zu sammeln. Dabei sind auch nachhaltige Freundschaften mit den Partnerschulen zum Beispiel in Wien, Brno, Evreux, Athen, Istanbul, Vicenza, Vilnius, Miskolc, Riga oder Madrid entstanden. Mehrfach wurden die durchgef\u00fchrten Projekte, wie zum Beispiel das Projekt \u201eEuropean Challenges in Sustainabilty by Biotechnology\u201c mit Preisen f\u00fcr hervorragende europ\u00e4ische Zusammenarbeit ausgezeichnet.<\/p>\n\n\n\n<p>Insbesondere das mit den Partnerschulen gemeinsam entwickelte Mentorenkonzept wurde beispielgebend in Europa. Das Konzept sieht vor, dass internationale Sch\u00fclerteams sowohl die teilnehmenden Lehrerinnen und Lehrer als auch Sch\u00fclerinnen und Sch\u00fcler bei der experimentellen Arbeit im Labor unterrichten.<\/p>\n\n\n\n<p>Das Sch\u00fcler-, Lehrer- und Schulleitungsteam der Johanna-Wittum-Schule bedankt sich f\u00fcr das entgegengebrachte Vertrauen bei der Nationalen Agentur und freut sich auf die F\u00f6rderung weiterer k\u00fcnftiger Projekte. In Planung befindet sich bereits ein Projekt mit acht Partnerschulen zum Thema \u201eRevolution in der Biotechnologie durch CRISPR, die Genschere\u201c.<\/p>\n\n\n\n<p><\/p>\n\n\n\n<figure class=\"wp-block-image size-large\"><img loading=\"lazy\" decoding=\"async\" width=\"1024\" height=\"683\" src=\"http:\/\/modernebiotechnologie.de\/wp-content\/uploads\/2021\/09\/DSC03129-1024x683.jpg\" alt=\"\" class=\"wp-image-1958\" srcset=\"http:\/\/modernebiotechnologie.de\/wp-content\/uploads\/2021\/09\/DSC03129-1024x683.jpg 1024w, http:\/\/modernebiotechnologie.de\/wp-content\/uploads\/2021\/09\/DSC03129-300x200.jpg 300w, http:\/\/modernebiotechnologie.de\/wp-content\/uploads\/2021\/09\/DSC03129-768x512.jpg 768w, http:\/\/modernebiotechnologie.de\/wp-content\/uploads\/2021\/09\/DSC03129-1536x1024.jpg 1536w, http:\/\/modernebiotechnologie.de\/wp-content\/uploads\/2021\/09\/DSC03129-2048x1365.jpg 2048w\" sizes=\"(max-width: 1024px) 100vw, 1024px\" \/><\/figure>\n\n\n","protected":false},"excerpt":{"rendered":"<p>Die Eintrittskarte f\u00fcr Erasmus gel\u00f6st Mit der Akkreditierungsurkunde von der Deutschen Nationalen Erasmus Agentur in Bonn hat die Johanna-Wittum-Schule die Berechtigung erhalten auch im neuen Erasmus+ Programm der Europ\u00e4ischen Union von 2021 bis 2027, teilnehmen zu d\u00fcrfen. Damit f\u00f6rdert die EU die internationale Zusammenarbeit von Schulen in gemeinsamen Projekten. Bereits seit 15 Jahren ist die [&hellip;]<\/p>\n","protected":false},"author":7,"featured_media":0,"parent":0,"menu_order":0,"comment_status":"closed","ping_status":"closed","template":"","meta":{"footnotes":""},"_links":{"self":[{"href":"http:\/\/modernebiotechnologie.de\/index.php?rest_route=\/wp\/v2\/pages\/1960"}],"collection":[{"href":"http:\/\/modernebiotechnologie.de\/index.php?rest_route=\/wp\/v2\/pages"}],"about":[{"href":"http:\/\/modernebiotechnologie.de\/index.php?rest_route=\/wp\/v2\/types\/page"}],"author":[{"embeddable":true,"href":"http:\/\/modernebiotechnologie.de\/index.php?rest_route=\/wp\/v2\/users\/7"}],"replies":[{"embeddable":true,"href":"http:\/\/modernebiotechnologie.de\/index.php?rest_route=%2Fwp%2Fv2%2Fcomments&post=1960"}],"version-history":[{"count":2,"href":"http:\/\/modernebiotechnologie.de\/index.php?rest_route=\/wp\/v2\/pages\/1960\/revisions"}],"predecessor-version":[{"id":1965,"href":"http:\/\/modernebiotechnologie.de\/index.php?rest_route=\/wp\/v2\/pages\/1960\/revisions\/1965"}],"wp:attachment":[{"href":"http:\/\/modernebiotechnologie.de\/index.php?rest_route=%2Fwp%2Fv2%2Fmedia&parent=1960"}],"curies":[{"name":"wp","href":"https:\/\/api.w.org\/{rel}","templated":true}]}}