{"id":1460,"date":"2020-04-12T02:31:24","date_gmt":"2020-04-12T00:31:24","guid":{"rendered":"http:\/\/modernebiotechnologie.de\/?page_id=1460"},"modified":"2025-06-03T07:02:17","modified_gmt":"2025-06-03T05:02:17","slug":"internationale-freundschaft-ermoeglicht-spendenaktion","status":"publish","type":"page","link":"http:\/\/modernebiotechnologie.de\/?page_id=1460","title":{"rendered":"AG-Sch\u00fcler f\u00fcr V\u00f6lkerverst\u00e4ndigung bei rotarischer Distriktkonferenz aktiv"},"content":{"rendered":"\n<p>Auf Einladung waren die Sch\u00fcler der Johanna-Wittum-Schule Sarah Thiem, Selin M\u00fcller und Thorben Ernst mit ihrem Lehrer und Mitglied beim Rotary Club Pforzheim J\u00fcrgen Braun, bei der rotarischen Distriktkonferenz am 31.05.2025 in Plochingen aktiv. Dort stellten sie zum Thema V\u00f6lkerverst\u00e4ndigung ihr Projekt, den Biotechnologie Kongress vor.<\/p>\n\n\n\n<p>Bei diesem Kongress waren vom 12.01. bis 18.01.2025 insgesamt 13 Schulen aus zehn europ\u00e4ischen L\u00e4ndern und den USA, China und Indien nach Pforzheim gekommen, um sich gemeinsam mit der Entstehung von Gehirnerkrankungen wie Demenz, Parkinson oder Alzheimer zu besch\u00e4ftigen. Schwerpunkt war dabei das experimentelle Arbeiten im Labor. Die Arbeitssprache war Englisch. Sowohl der Rotary Club Pforzheim als auch der \u00fcbergeordnete Rotary Distrikt waren der Meinung, dass dieses Projekt die rotarischen Ziele Frieden und V\u00f6lkerverst\u00e4ndigung bestens repr\u00e4sentiert und hatten das Projekt in der Durchf\u00fchrung intensiv gef\u00f6rdert.<\/p>\n<p>In Plochingen durften die Sch\u00fcler ihren Kongress den anwesenden 175 Rotariern vorstellen. \u201eWir hatten viel zu tun, das Interesse an unserem Biotechnologie Kongress war immens\u201c, so Sarah Thiem. Dabei gab es zwei Diskussions-Schwerpunkte erg\u00e4nzt Selin M\u00fcller: \u201eZum einen die Frage nach der gro\u00dfen Anzahl der teilnehmenden Schulen und zum anderen nach den wissenschaftlichen Ergebnissen der gemeinsamen Untersuchungen\u201c.<\/p>\n\n\n\n\n\n<figure class=\"wp-block-image size-large\"><img loading=\"lazy\" decoding=\"async\" width=\"1024\" height=\"768\" src=\"http:\/\/modernebiotechnologie.de\/wp-content\/uploads\/2025\/06\/Gruppe-bei-Distriktkonferenz-31.5.2024-1024x768.jpg\" alt=\"\" class=\"wp-image-3031\" srcset=\"http:\/\/modernebiotechnologie.de\/wp-content\/uploads\/2025\/06\/Gruppe-bei-Distriktkonferenz-31.5.2024-1024x768.jpg 1024w, http:\/\/modernebiotechnologie.de\/wp-content\/uploads\/2025\/06\/Gruppe-bei-Distriktkonferenz-31.5.2024-300x225.jpg 300w, http:\/\/modernebiotechnologie.de\/wp-content\/uploads\/2025\/06\/Gruppe-bei-Distriktkonferenz-31.5.2024-768x576.jpg 768w, http:\/\/modernebiotechnologie.de\/wp-content\/uploads\/2025\/06\/Gruppe-bei-Distriktkonferenz-31.5.2024-1536x1152.jpg 1536w, http:\/\/modernebiotechnologie.de\/wp-content\/uploads\/2025\/06\/Gruppe-bei-Distriktkonferenz-31.5.2024-2048x1536.jpg 2048w\" sizes=\"(max-width: 1024px) 100vw, 1024px\" \/><\/figure>\n","protected":false},"excerpt":{"rendered":"<p>Auf Einladung waren die Sch\u00fcler der Johanna-Wittum-Schule Sarah Thiem, Selin M\u00fcller und Thorben Ernst mit ihrem Lehrer und Mitglied beim Rotary Club Pforzheim J\u00fcrgen Braun, bei der rotarischen Distriktkonferenz am 31.05.2025 in Plochingen aktiv. Dort stellten sie zum Thema V\u00f6lkerverst\u00e4ndigung ihr Projekt, den Biotechnologie Kongress vor. Bei diesem Kongress waren vom 12.01. bis 18.01.2025 insgesamt [&hellip;]<\/p>\n","protected":false},"author":5,"featured_media":3031,"parent":0,"menu_order":0,"comment_status":"closed","ping_status":"closed","template":"","meta":{"footnotes":""},"_links":{"self":[{"href":"http:\/\/modernebiotechnologie.de\/index.php?rest_route=\/wp\/v2\/pages\/1460"}],"collection":[{"href":"http:\/\/modernebiotechnologie.de\/index.php?rest_route=\/wp\/v2\/pages"}],"about":[{"href":"http:\/\/modernebiotechnologie.de\/index.php?rest_route=\/wp\/v2\/types\/page"}],"author":[{"embeddable":true,"href":"http:\/\/modernebiotechnologie.de\/index.php?rest_route=\/wp\/v2\/users\/5"}],"replies":[{"embeddable":true,"href":"http:\/\/modernebiotechnologie.de\/index.php?rest_route=%2Fwp%2Fv2%2Fcomments&post=1460"}],"version-history":[{"count":14,"href":"http:\/\/modernebiotechnologie.de\/index.php?rest_route=\/wp\/v2\/pages\/1460\/revisions"}],"predecessor-version":[{"id":3032,"href":"http:\/\/modernebiotechnologie.de\/index.php?rest_route=\/wp\/v2\/pages\/1460\/revisions\/3032"}],"wp:featuredmedia":[{"embeddable":true,"href":"http:\/\/modernebiotechnologie.de\/index.php?rest_route=\/wp\/v2\/media\/3031"}],"wp:attachment":[{"href":"http:\/\/modernebiotechnologie.de\/index.php?rest_route=%2Fwp%2Fv2%2Fmedia&parent=1460"}],"curies":[{"name":"wp","href":"https:\/\/api.w.org\/{rel}","templated":true}]}}