{"id":1397,"date":"2020-03-02T21:59:49","date_gmt":"2020-03-02T20:59:49","guid":{"rendered":"http:\/\/modernebiotechnologie.de\/?page_id=1397"},"modified":"2025-07-01T23:38:10","modified_gmt":"2025-07-01T21:38:10","slug":"publicity","status":"publish","type":"page","link":"http:\/\/modernebiotechnologie.de\/?page_id=1397","title":{"rendered":"\u00d6ffentlichkeit"},"content":{"rendered":"\n<figure class=\"wp-block-image size-large\"><img loading=\"lazy\" decoding=\"async\" width=\"565\" height=\"1024\" src=\"http:\/\/modernebiotechnologie.de\/wp-content\/uploads\/2025\/07\/WhatsApp-Bild-2025-07-01-um-23.10.22_37c19490-565x1024.jpg\" alt=\"\" class=\"wp-image-3068\" srcset=\"http:\/\/modernebiotechnologie.de\/wp-content\/uploads\/2025\/07\/WhatsApp-Bild-2025-07-01-um-23.10.22_37c19490-565x1024.jpg 565w, http:\/\/modernebiotechnologie.de\/wp-content\/uploads\/2025\/07\/WhatsApp-Bild-2025-07-01-um-23.10.22_37c19490-166x300.jpg 166w, http:\/\/modernebiotechnologie.de\/wp-content\/uploads\/2025\/07\/WhatsApp-Bild-2025-07-01-um-23.10.22_37c19490-768x1391.jpg 768w, http:\/\/modernebiotechnologie.de\/wp-content\/uploads\/2025\/07\/WhatsApp-Bild-2025-07-01-um-23.10.22_37c19490.jpg 774w\" sizes=\"(max-width: 565px) 100vw, 565px\" \/><figcaption class=\"wp-element-caption\">Artikel \u00fcber Erasmus+ Treffen in Pforzheimer erschienen am 4.2025 im Rotary Magazin<\/figcaption><\/figure>\n\n\n\n<figure class=\"wp-block-gallery has-nested-images columns-default is-cropped wp-block-gallery-1 is-layout-flex wp-block-gallery-is-layout-flex\">\n<figure class=\"wp-block-image size-large\"><img loading=\"lazy\" decoding=\"async\" width=\"703\" height=\"1024\" data-id=\"3066\" src=\"http:\/\/modernebiotechnologie.de\/wp-content\/uploads\/2025\/07\/WhatsApp-Bild-2025-07-01-um-23.10.22_839d56aa-703x1024.jpg\" alt=\"\" class=\"wp-image-3066\" srcset=\"http:\/\/modernebiotechnologie.de\/wp-content\/uploads\/2025\/07\/WhatsApp-Bild-2025-07-01-um-23.10.22_839d56aa-703x1024.jpg 703w, http:\/\/modernebiotechnologie.de\/wp-content\/uploads\/2025\/07\/WhatsApp-Bild-2025-07-01-um-23.10.22_839d56aa-206x300.jpg 206w, http:\/\/modernebiotechnologie.de\/wp-content\/uploads\/2025\/07\/WhatsApp-Bild-2025-07-01-um-23.10.22_839d56aa-768x1119.jpg 768w, http:\/\/modernebiotechnologie.de\/wp-content\/uploads\/2025\/07\/WhatsApp-Bild-2025-07-01-um-23.10.22_839d56aa.jpg 982w\" sizes=\"(max-width: 703px) 100vw, 703px\" \/><\/figure>\n<\/figure>\n\n\n\n<figure class=\"wp-block-image size-large\"><img loading=\"lazy\" decoding=\"async\" width=\"846\" height=\"1024\" src=\"http:\/\/modernebiotechnologie.de\/wp-content\/uploads\/2025\/07\/WhatsApp-Bild-2025-07-01-um-23.10.20_d301b4b4-1-846x1024.jpg\" alt=\"\" class=\"wp-image-3067\" srcset=\"http:\/\/modernebiotechnologie.de\/wp-content\/uploads\/2025\/07\/WhatsApp-Bild-2025-07-01-um-23.10.20_d301b4b4-1-846x1024.jpg 846w, http:\/\/modernebiotechnologie.de\/wp-content\/uploads\/2025\/07\/WhatsApp-Bild-2025-07-01-um-23.10.20_d301b4b4-1-248x300.jpg 248w, http:\/\/modernebiotechnologie.de\/wp-content\/uploads\/2025\/07\/WhatsApp-Bild-2025-07-01-um-23.10.20_d301b4b4-1-768x929.jpg 768w, http:\/\/modernebiotechnologie.de\/wp-content\/uploads\/2025\/07\/WhatsApp-Bild-2025-07-01-um-23.10.20_d301b4b4-1.jpg 975w\" sizes=\"(max-width: 846px) 100vw, 846px\" \/><figcaption class=\"wp-element-caption\">Artikel \u00fcber Erasmus+ Treffen in Pforzheimer erschienen am 1.2025 im BVL-Magazin<\/figcaption><\/figure>\n\n\n\n<figure class=\"wp-block-image size-full is-resized\"><img loading=\"lazy\" decoding=\"async\" width=\"371\" height=\"386\" src=\"http:\/\/modernebiotechnologie.de\/wp-content\/uploads\/2025\/01\/image.png\" alt=\"\" class=\"wp-image-3001\" style=\"width:547px;height:auto\" srcset=\"http:\/\/modernebiotechnologie.de\/wp-content\/uploads\/2025\/01\/image.png 371w, http:\/\/modernebiotechnologie.de\/wp-content\/uploads\/2025\/01\/image-288x300.png 288w\" sizes=\"(max-width: 371px) 100vw, 371px\" \/><figcaption class=\"wp-element-caption\">Artikel \u00fcber Erasmus+ Treffen im Pforzheimer Rathaus erschienen am 18.1.2025 in Pforzheimer Zeitung<\/figcaption><\/figure>\n\n\n\n<figure class=\"wp-block-image size-large\"><img loading=\"lazy\" decoding=\"async\" width=\"1024\" height=\"344\" src=\"http:\/\/modernebiotechnologie.de\/wp-content\/uploads\/2025\/01\/BNN-Bericht-Rathaus-1024x344.jpg\" alt=\"\" class=\"wp-image-3003\" srcset=\"http:\/\/modernebiotechnologie.de\/wp-content\/uploads\/2025\/01\/BNN-Bericht-Rathaus-1024x344.jpg 1024w, http:\/\/modernebiotechnologie.de\/wp-content\/uploads\/2025\/01\/BNN-Bericht-Rathaus-300x101.jpg 300w, http:\/\/modernebiotechnologie.de\/wp-content\/uploads\/2025\/01\/BNN-Bericht-Rathaus-768x258.jpg 768w, http:\/\/modernebiotechnologie.de\/wp-content\/uploads\/2025\/01\/BNN-Bericht-Rathaus-1536x516.jpg 1536w, http:\/\/modernebiotechnologie.de\/wp-content\/uploads\/2025\/01\/BNN-Bericht-Rathaus.jpg 1600w\" sizes=\"(max-width: 1024px) 100vw, 1024px\" \/><\/figure>\n\n\n\n<figure class=\"wp-block-image size-large\"><img loading=\"lazy\" decoding=\"async\" width=\"1024\" height=\"494\" src=\"http:\/\/modernebiotechnologie.de\/wp-content\/uploads\/2025\/07\/WhatsApp-Bild-2025-07-01-um-23.12.47_954223be-1024x494.jpg\" alt=\"\" class=\"wp-image-3070\" srcset=\"http:\/\/modernebiotechnologie.de\/wp-content\/uploads\/2025\/07\/WhatsApp-Bild-2025-07-01-um-23.12.47_954223be-1024x494.jpg 1024w, http:\/\/modernebiotechnologie.de\/wp-content\/uploads\/2025\/07\/WhatsApp-Bild-2025-07-01-um-23.12.47_954223be-300x145.jpg 300w, http:\/\/modernebiotechnologie.de\/wp-content\/uploads\/2025\/07\/WhatsApp-Bild-2025-07-01-um-23.12.47_954223be-768x371.jpg 768w, http:\/\/modernebiotechnologie.de\/wp-content\/uploads\/2025\/07\/WhatsApp-Bild-2025-07-01-um-23.12.47_954223be.jpg 1463w\" sizes=\"(max-width: 1024px) 100vw, 1024px\" \/><figcaption class=\"wp-element-caption\">Artikel \u00fcber Erasmus+ Treffen in Pforzheim erschienen am 14.1.2025 in Pforzheimer Zeitung<\/figcaption><\/figure>\n\n\n\n<figure class=\"wp-block-image size-large\"><img loading=\"lazy\" decoding=\"async\" width=\"1024\" height=\"644\" src=\"http:\/\/modernebiotechnologie.de\/wp-content\/uploads\/2025\/01\/Kurier_Di_14.1.2025_-Kongress-1024x644.jpg\" alt=\"\" class=\"wp-image-3002\" srcset=\"http:\/\/modernebiotechnologie.de\/wp-content\/uploads\/2025\/01\/Kurier_Di_14.1.2025_-Kongress-1024x644.jpg 1024w, http:\/\/modernebiotechnologie.de\/wp-content\/uploads\/2025\/01\/Kurier_Di_14.1.2025_-Kongress-300x189.jpg 300w, http:\/\/modernebiotechnologie.de\/wp-content\/uploads\/2025\/01\/Kurier_Di_14.1.2025_-Kongress-768x483.jpg 768w, http:\/\/modernebiotechnologie.de\/wp-content\/uploads\/2025\/01\/Kurier_Di_14.1.2025_-Kongress-1536x966.jpg 1536w, http:\/\/modernebiotechnologie.de\/wp-content\/uploads\/2025\/01\/Kurier_Di_14.1.2025_-Kongress.jpg 1600w\" sizes=\"(max-width: 1024px) 100vw, 1024px\" \/><figcaption class=\"wp-element-caption\">Artikel \u00fcber Erasmus+ Treffen in Pforzheim erschienen am 14.1.2025 in Pforzheimer Zeitung<\/figcaption><\/figure>\n\n\n\n<div class=\"wp-block-file\"><a id=\"wp-block-file--media-aa61ee21-4674-47b0-8fdd-1e6bab06dc1d\" href=\"http:\/\/modernebiotechnologie.de\/wp-content\/uploads\/2025\/01\/Zusammenarbeit-ueber-Grenzen-hinweg.odt\">Rotary Artikel ueber den internationalen Kongress &#8222;Zusammenarbeit-ueber-Grenzen-hinweg&#8220;<\/a><a href=\"http:\/\/modernebiotechnologie.de\/wp-content\/uploads\/2025\/01\/Zusammenarbeit-ueber-Grenzen-hinweg.odt\" class=\"wp-block-file__button wp-element-button\" download aria-describedby=\"wp-block-file--media-aa61ee21-4674-47b0-8fdd-1e6bab06dc1d\">Herunterladen<\/a><\/div>\n\n\n\n<figure class=\"wp-block-image size-large\"><img loading=\"lazy\" decoding=\"async\" width=\"766\" height=\"1024\" src=\"http:\/\/modernebiotechnologie.de\/wp-content\/uploads\/2023\/06\/WhatsApp-Image-2023-06-07-at-16.51.02-766x1024.jpeg\" alt=\"\" class=\"wp-image-2547\" srcset=\"http:\/\/modernebiotechnologie.de\/wp-content\/uploads\/2023\/06\/WhatsApp-Image-2023-06-07-at-16.51.02-766x1024.jpeg 766w, http:\/\/modernebiotechnologie.de\/wp-content\/uploads\/2023\/06\/WhatsApp-Image-2023-06-07-at-16.51.02-224x300.jpeg 224w, http:\/\/modernebiotechnologie.de\/wp-content\/uploads\/2023\/06\/WhatsApp-Image-2023-06-07-at-16.51.02-768x1027.jpeg 768w, http:\/\/modernebiotechnologie.de\/wp-content\/uploads\/2023\/06\/WhatsApp-Image-2023-06-07-at-16.51.02.jpeg 803w\" sizes=\"(max-width: 766px) 100vw, 766px\" \/><figcaption class=\"wp-element-caption\">Artikel \u00fcber Erasmus+ Treffen in Istanbul erschienen am 07.06.2023 in der Pforzheimer Zeitung<\/figcaption><\/figure>\n\n\n\n<p><\/p>\n\n\n<div class=\"wp-block-image\">\n<figure class=\"aligncenter size-large\"><img loading=\"lazy\" decoding=\"async\" width=\"1024\" height=\"484\" src=\"http:\/\/modernebiotechnologie.de\/wp-content\/uploads\/2022\/11\/Bildschirmfoto-2022-11-08-um-18.03.38-1024x484.png\" alt=\"\" class=\"wp-image-2440\" srcset=\"http:\/\/modernebiotechnologie.de\/wp-content\/uploads\/2022\/11\/Bildschirmfoto-2022-11-08-um-18.03.38-1024x484.png 1024w, http:\/\/modernebiotechnologie.de\/wp-content\/uploads\/2022\/11\/Bildschirmfoto-2022-11-08-um-18.03.38-300x142.png 300w, http:\/\/modernebiotechnologie.de\/wp-content\/uploads\/2022\/11\/Bildschirmfoto-2022-11-08-um-18.03.38-768x363.png 768w, http:\/\/modernebiotechnologie.de\/wp-content\/uploads\/2022\/11\/Bildschirmfoto-2022-11-08-um-18.03.38-1536x726.png 1536w, http:\/\/modernebiotechnologie.de\/wp-content\/uploads\/2022\/11\/Bildschirmfoto-2022-11-08-um-18.03.38.png 2006w\" sizes=\"(max-width: 1024px) 100vw, 1024px\" \/><figcaption class=\"wp-element-caption\">Artikel \u00fcber Erasmus+ Treffen<br>erschienen 11.10.2022 in der Pforzheimer Zeitung<\/figcaption><\/figure><\/div>\n\n<div class=\"wp-block-image\">\n<figure class=\"aligncenter size-large\"><img loading=\"lazy\" decoding=\"async\" width=\"376\" height=\"1024\" src=\"http:\/\/modernebiotechnologie.de\/wp-content\/uploads\/2022\/11\/Bildschirmfoto-2022-11-08-um-17.59.40-376x1024.png\" alt=\"\" class=\"wp-image-2437\" srcset=\"http:\/\/modernebiotechnologie.de\/wp-content\/uploads\/2022\/11\/Bildschirmfoto-2022-11-08-um-17.59.40-376x1024.png 376w, http:\/\/modernebiotechnologie.de\/wp-content\/uploads\/2022\/11\/Bildschirmfoto-2022-11-08-um-17.59.40-110x300.png 110w, http:\/\/modernebiotechnologie.de\/wp-content\/uploads\/2022\/11\/Bildschirmfoto-2022-11-08-um-17.59.40.png 518w\" sizes=\"(max-width: 376px) 100vw, 376px\" \/><figcaption class=\"wp-element-caption\">Artikel \u00fcber den Deutsch &#8211; Amerikanischen Sch\u00fcleraustausch erschienen am 12.09.2022 in der Pforzheimer Zeitung<\/figcaption><\/figure><\/div>\n\n\n<p><\/p>\n\n\n\n<p><strong>Artikel \u00fcber das Meeting in Brno vom 05.04.-09.04.2022:<\/strong><\/p>\n\n\n\n<p><a href=\"http:\/\/modernebiotechnologie.de\/?page_id=2140\">Pressemitteilung der Johanna-Wittum-Schule <\/a><\/p>\n\n\n\n<p><strong>Artikel \u00fcber den Deutsch &#8211; Amerikanischen Sch\u00fcleraustausch:<\/strong><\/p>\n\n\n\n<p><a href=\"http:\/\/modernebiotechnologie.de\/?page_id=2216\" target=\"_blank\" rel=\"noreferrer noopener\">Pressemitteilung der JWS<\/a><\/p>\n\n\n\n<figure class=\"wp-block-image\"><img loading=\"lazy\" decoding=\"async\" width=\"1024\" height=\"576\" src=\"http:\/\/modernebiotechnologie.de\/wp-content\/uploads\/2020\/03\/20200219_134238-1024x576.jpg\" alt=\"\" class=\"wp-image-1420\" srcset=\"http:\/\/modernebiotechnologie.de\/wp-content\/uploads\/2020\/03\/20200219_134238-1024x576.jpg 1024w, http:\/\/modernebiotechnologie.de\/wp-content\/uploads\/2020\/03\/20200219_134238-300x169.jpg 300w, http:\/\/modernebiotechnologie.de\/wp-content\/uploads\/2020\/03\/20200219_134238-768x432.jpg 768w, http:\/\/modernebiotechnologie.de\/wp-content\/uploads\/2020\/03\/20200219_134238-1110x624.jpg 1110w, http:\/\/modernebiotechnologie.de\/wp-content\/uploads\/2020\/03\/20200219_134238-528x297.jpg 528w\" sizes=\"(max-width: 1024px) 100vw, 1024px\" \/><figcaption class=\"wp-element-caption\"><em>Artikel \u00fcber das Erasmus+ Projekt in lokalen Zeitschriften&nbsp;in&nbsp;Pforzheim.<\/em><\/figcaption><\/figure>\n\n\n\n<figure class=\"wp-block-image\"><img loading=\"lazy\" decoding=\"async\" width=\"1024\" height=\"768\" src=\"http:\/\/modernebiotechnologie.de\/wp-content\/uploads\/2020\/03\/IMG_5073-e1583182206614-1024x768.jpg\" alt=\"\" class=\"wp-image-1421\" srcset=\"http:\/\/modernebiotechnologie.de\/wp-content\/uploads\/2020\/03\/IMG_5073-e1583182206614-1024x768.jpg 1024w, http:\/\/modernebiotechnologie.de\/wp-content\/uploads\/2020\/03\/IMG_5073-e1583182206614-300x225.jpg 300w, http:\/\/modernebiotechnologie.de\/wp-content\/uploads\/2020\/03\/IMG_5073-e1583182206614-768x576.jpg 768w\" sizes=\"(max-width: 1024px) 100vw, 1024px\" \/><\/figure>\n\n\n\n<figure class=\"wp-block-image\"><img loading=\"lazy\" decoding=\"async\" width=\"1024\" height=\"768\" src=\"http:\/\/modernebiotechnologie.de\/wp-content\/uploads\/2020\/05\/IMG_5160-1-1024x768.jpg\" alt=\"\" class=\"wp-image-1530\" srcset=\"http:\/\/modernebiotechnologie.de\/wp-content\/uploads\/2020\/05\/IMG_5160-1-1024x768.jpg 1024w, http:\/\/modernebiotechnologie.de\/wp-content\/uploads\/2020\/05\/IMG_5160-1-300x225.jpg 300w, http:\/\/modernebiotechnologie.de\/wp-content\/uploads\/2020\/05\/IMG_5160-1-768x576.jpg 768w\" sizes=\"(max-width: 1024px) 100vw, 1024px\" \/><figcaption class=\"wp-element-caption\">Aktueller Zeitungsbericht \u00fcber <a href=\"http:\/\/modernebiotechnologie.de\/?page_id=1460\">die Spendenaktion<\/a> der Johanna-Wittum-Schule.<\/figcaption><\/figure>\n\n\n\n\n","protected":false},"excerpt":{"rendered":"<p>Artikel \u00fcber das Meeting in Brno vom 05.04.-09.04.2022: Pressemitteilung der Johanna-Wittum-Schule Artikel \u00fcber den Deutsch &#8211; Amerikanischen Sch\u00fcleraustausch: Pressemitteilung der JWS<\/p>\n","protected":false},"author":5,"featured_media":0,"parent":0,"menu_order":0,"comment_status":"closed","ping_status":"closed","template":"","meta":{"footnotes":""},"_links":{"self":[{"href":"http:\/\/modernebiotechnologie.de\/index.php?rest_route=\/wp\/v2\/pages\/1397"}],"collection":[{"href":"http:\/\/modernebiotechnologie.de\/index.php?rest_route=\/wp\/v2\/pages"}],"about":[{"href":"http:\/\/modernebiotechnologie.de\/index.php?rest_route=\/wp\/v2\/types\/page"}],"author":[{"embeddable":true,"href":"http:\/\/modernebiotechnologie.de\/index.php?rest_route=\/wp\/v2\/users\/5"}],"replies":[{"embeddable":true,"href":"http:\/\/modernebiotechnologie.de\/index.php?rest_route=%2Fwp%2Fv2%2Fcomments&post=1397"}],"version-history":[{"count":17,"href":"http:\/\/modernebiotechnologie.de\/index.php?rest_route=\/wp\/v2\/pages\/1397\/revisions"}],"predecessor-version":[{"id":3071,"href":"http:\/\/modernebiotechnologie.de\/index.php?rest_route=\/wp\/v2\/pages\/1397\/revisions\/3071"}],"wp:attachment":[{"href":"http:\/\/modernebiotechnologie.de\/index.php?rest_route=%2Fwp%2Fv2%2Fmedia&parent=1397"}],"curies":[{"name":"wp","href":"https:\/\/api.w.org\/{rel}","templated":true}]}}