{"id":1307,"date":"2020-02-21T01:10:28","date_gmt":"2020-02-21T00:10:28","guid":{"rendered":"http:\/\/modernebiotechnologie.de\/?page_id=1307"},"modified":"2020-03-02T20:46:42","modified_gmt":"2020-03-02T19:46:42","slug":"treffen-in-pforzheim-11-02-15-02-2020","status":"publish","type":"page","link":"http:\/\/modernebiotechnologie.de\/?page_id=1307","title":{"rendered":"Treffen in Pforzheim 11.02. &#8211; 15.02.2020"},"content":{"rendered":"\n<div class=\"wp-block-button\"><a class=\"wp-block-button__link has-text-color has-very-dark-gray-color has-background has-vivid-cyan-blue-background-color\" href=\"http:\/\/modernebiotechnologie.de\/wp-content\/uploads\/2020\/03\/Diashow-2-1.mp4\"><span style=\"color:#313131\" class=\"tadv-color\">Diashow<\/span><\/a><\/div>\n\n\n\n<p><span style=\"font-weight: 400;\">Etwa 70 Sch\u00fcler und Lehrer aus sieben europ\u00e4ischen L\u00e4ndern arbeiteten im Labor der Johanna-Wittum-Schule vom 11.2. \u2013 15.2.2020 auf dem Gebiet der Biotechnologie zusammen. Gemeinsames Ziel war die Erstellung innovativer Unterrichtseinheiten mit Experimenten auf dem Gebiet der Genetik und Epigenetik. Diese Unterrichtseinheiten sollen k\u00fcnftig im Unterricht an europ\u00e4ischen Schulen zum Einsatz kommen.<\/span><\/p>\n\n\n\n<figure class=\"wp-block-image\"><img loading=\"lazy\" decoding=\"async\" width=\"1024\" height=\"576\" src=\"http:\/\/modernebiotechnologie.de\/wp-content\/uploads\/2020\/02\/Bild-vor-JWS-E-2020-1024x576.jpg\" alt=\"\" class=\"wp-image-1326\" srcset=\"http:\/\/modernebiotechnologie.de\/wp-content\/uploads\/2020\/02\/Bild-vor-JWS-E-2020-1024x576.jpg 1024w, http:\/\/modernebiotechnologie.de\/wp-content\/uploads\/2020\/02\/Bild-vor-JWS-E-2020-300x169.jpg 300w, http:\/\/modernebiotechnologie.de\/wp-content\/uploads\/2020\/02\/Bild-vor-JWS-E-2020-768x432.jpg 768w, http:\/\/modernebiotechnologie.de\/wp-content\/uploads\/2020\/02\/Bild-vor-JWS-E-2020-1110x624.jpg 1110w, http:\/\/modernebiotechnologie.de\/wp-content\/uploads\/2020\/02\/Bild-vor-JWS-E-2020-528x297.jpg 528w, http:\/\/modernebiotechnologie.de\/wp-content\/uploads\/2020\/02\/Bild-vor-JWS-E-2020.jpg 1920w\" sizes=\"(max-width: 1024px) 100vw, 1024px\" \/><\/figure>\n\n\n\n<p><span style=\"font-weight: 400;\">Die Experimente besch\u00e4ftigten sich mit der Erstellung eines genetischen Fingerabdrucks, wie dies etwa bei der T\u00e4terermittlung in der Forensik der Fall ist sowie mit der Herstellung eines Schmuckst\u00fccks in Form einer Halskette, die mit eigener Erbinformation aus den Mundschleimhautzellen der Teilnehmer gef\u00fcllt wurde.<\/span><\/p>\n<p><span style=\"font-weight: 400;\">Erg\u00e4nzend dazu pr\u00e4sentierten die Mentoren in internationalen Teams Hintergrundinformationen zu den Experimenten.<\/span><\/p>\n\n\n\n<figure class=\"wp-block-image\"><img loading=\"lazy\" decoding=\"async\" width=\"1024\" height=\"768\" src=\"http:\/\/modernebiotechnologie.de\/wp-content\/uploads\/2020\/02\/P1060791-1024x768.jpg\" alt=\"\" class=\"wp-image-1327\" srcset=\"http:\/\/modernebiotechnologie.de\/wp-content\/uploads\/2020\/02\/P1060791-1024x768.jpg 1024w, http:\/\/modernebiotechnologie.de\/wp-content\/uploads\/2020\/02\/P1060791-300x225.jpg 300w, http:\/\/modernebiotechnologie.de\/wp-content\/uploads\/2020\/02\/P1060791-768x576.jpg 768w\" sizes=\"(max-width: 1024px) 100vw, 1024px\" \/><\/figure>\n\n\n\n<figure class=\"wp-block-image\"><img loading=\"lazy\" decoding=\"async\" width=\"1024\" height=\"768\" src=\"http:\/\/modernebiotechnologie.de\/wp-content\/uploads\/2020\/02\/P1060361-1024x768.jpg\" alt=\"\" class=\"wp-image-1328\" srcset=\"http:\/\/modernebiotechnologie.de\/wp-content\/uploads\/2020\/02\/P1060361-1024x768.jpg 1024w, http:\/\/modernebiotechnologie.de\/wp-content\/uploads\/2020\/02\/P1060361-300x225.jpg 300w, http:\/\/modernebiotechnologie.de\/wp-content\/uploads\/2020\/02\/P1060361-768x576.jpg 768w\" sizes=\"(max-width: 1024px) 100vw, 1024px\" \/><\/figure>\n\n\n\n<p><span style=\"font-weight: 400;\">Gef\u00f6rdert wird das Projekt im Rahmen des Programms Erasmus+ der Europ\u00e4ischen Union. \u201eDas wichtigste Ziel dieses Programms sei es, junge Menschen aus Europa zusammenzubringen und sie gemeinsam an interessanten und herausfordernden Projekten arbeiten zu lassen. Dadurch k\u00f6nne der gemeinsame europ\u00e4ische Gedanke gef\u00f6rdert werden\u201c, sagte die Rektorin Frau Dr. Ulrike Kagerhuber in ihrer Rede bei der Begr\u00fc\u00dfungsfeier.<\/span><\/p>\n<p><span style=\"font-weight: 400;\">Auch Doreen Bayer, Abiturientin der JWS, weist auf diesen Aspekt hin: \u201eDie Europ\u00e4ische Union gibt uns Sch\u00fclern die M\u00f6glichkeit auf internationaler Ebene im Team zusammenzuarbeiten, Verantwortung zu \u00fcbernehmen und damit wichtige Erfahrungen f\u00fcr unser sp\u00e4teres Berufsleben zu sammeln\u201c. Diese Ansicht teilt auch der Projektleiter Dr. J\u00fcrgen Braun: \u201eEs geht mir das Herz auf, wenn ich Sch\u00fcler und Lehrer aus 7 europ\u00e4ischen L\u00e4ndern zusammen arbeiten sehe, die ein gemeinsames Ziel haben und dieses Ziel verwirklichen\u201c.<\/span><\/p>\n<p><span style=\"font-weight: 400;\">Ein weiteres wichtiges Ziel sei es au\u00dferdem, die Sch\u00fcler dabei zu unterst\u00fctzen, ihre Fremdsprachenkenntnisse zu verbessern, berichtet der im Projekt engagierte Englischlehrer Michael Schlindwein. So wird das gesamte Projekt auf Englisch durchgef\u00fchrt.&nbsp;<\/span><\/p>\n<p><span style=\"font-weight: 400;\">Neben den fachlichen und sprachlichen Aspekten ist auch der kulturelle Austausch sowie das Kennenlernen der Stadt Pforzheim und seiner Umgebung ein wichtiges Anliegen der Gastgeber. Im Projekt wird mit den regionalen Betrieben Forestadent, Admedes und C.Hafner zusammengearbeitet, die auch zur Besichtigung eingeladen hatten.&nbsp;<\/span><\/p>\n\n\n\n<div class=\"wp-block-image\"><figure class=\"aligncenter\"><img loading=\"lazy\" decoding=\"async\" width=\"768\" height=\"1024\" src=\"http:\/\/modernebiotechnologie.de\/wp-content\/uploads\/2020\/02\/Admedes-768x1024.jpg\" alt=\"\" class=\"wp-image-1329\" srcset=\"http:\/\/modernebiotechnologie.de\/wp-content\/uploads\/2020\/02\/Admedes-768x1024.jpg 768w, http:\/\/modernebiotechnologie.de\/wp-content\/uploads\/2020\/02\/Admedes-225x300.jpg 225w, http:\/\/modernebiotechnologie.de\/wp-content\/uploads\/2020\/02\/Admedes.jpg 1200w\" sizes=\"(max-width: 768px) 100vw, 768px\" \/><\/figure><\/div>\n\n\n\n<figure class=\"wp-block-image\"><img loading=\"lazy\" decoding=\"async\" width=\"1024\" height=\"768\" src=\"http:\/\/modernebiotechnologie.de\/wp-content\/uploads\/2020\/02\/Roche-1024x768.jpg\" alt=\"\" class=\"wp-image-1330\" srcset=\"http:\/\/modernebiotechnologie.de\/wp-content\/uploads\/2020\/02\/Roche-1024x768.jpg 1024w, http:\/\/modernebiotechnologie.de\/wp-content\/uploads\/2020\/02\/Roche-300x225.jpg 300w, http:\/\/modernebiotechnologie.de\/wp-content\/uploads\/2020\/02\/Roche-768x576.jpg 768w\" sizes=\"(max-width: 1024px) 100vw, 1024px\" \/><\/figure>\n\n\n\n<p><span style=\"font-weight: 400;\">Ferner stand passend zum Projektthema ein Besuch der weltweit aktiven Biotechnologie Firma Roche GmbH in Mannheim auf dem Programm. Ein Besuch des Speyerer Doms rundete das Kulturprogramm ab.<\/span><\/p>\n\n\n\n<figure class=\"wp-block-image\"><img loading=\"lazy\" decoding=\"async\" width=\"1024\" height=\"680\" src=\"http:\/\/modernebiotechnologie.de\/wp-content\/uploads\/2020\/02\/DSC_7642-1024x680.jpg\" alt=\"\" class=\"wp-image-1331\" srcset=\"http:\/\/modernebiotechnologie.de\/wp-content\/uploads\/2020\/02\/DSC_7642-1024x680.jpg 1024w, http:\/\/modernebiotechnologie.de\/wp-content\/uploads\/2020\/02\/DSC_7642-300x199.jpg 300w, http:\/\/modernebiotechnologie.de\/wp-content\/uploads\/2020\/02\/DSC_7642-768x510.jpg 768w\" sizes=\"(max-width: 1024px) 100vw, 1024px\" \/><\/figure>\n\n\n\n<p><span style=\"font-weight: 400;\">Schon seit 2006 arbeiten die Partnerschulen sehr erfolgreich im Bereich Biotechnologie international zusammen. \u201e\u00dcber die Jahre sind intensive Freundschaften zwischen den Partnerschulen entstanden, die weit \u00fcber die Projektarbeit hinausgehen. So reiste auch die ehemalige Erasmus-Partnerschule aus Istanbul nach Pforzheim an, um an dem Kongress teilzunehmen\u201c, betont J\u00fcrgen Braun, der gemeinsam mit Michael Schlindwein das zweij\u00e4hrige Projekt von der JWS aus koordiniert.<\/span><\/p>\n<p><span style=\"font-weight: 400;\">Nach einer stimmungsvollen Abschlussfeier mit einem Wochenr\u00fcckblick im Restaurant Rabeneck nahm die Erasmus-Familie voneinander Abschied mit der Gewissheit, sich im Mai in Brno wiederzusehen.<\/span><\/p>\n<p>&nbsp;<\/p>\n","protected":false},"excerpt":{"rendered":"<p>Etwa 70 Sch\u00fcler und Lehrer aus sieben europ\u00e4ischen L\u00e4ndern arbeiteten im Labor der Johanna-Wittum-Schule vom 11.2. \u2013 15.2.2020 auf dem Gebiet der Biotechnologie zusammen. Gemeinsames Ziel war die Erstellung innovativer Unterrichtseinheiten mit Experimenten auf dem Gebiet der Genetik und Epigenetik. Diese Unterrichtseinheiten sollen k\u00fcnftig im Unterricht an europ\u00e4ischen Schulen zum Einsatz kommen. Die Experimente besch\u00e4ftigten [&hellip;]<\/p>\n","protected":false},"author":5,"featured_media":0,"parent":0,"menu_order":0,"comment_status":"closed","ping_status":"closed","template":"","meta":{"footnotes":""},"_links":{"self":[{"href":"http:\/\/modernebiotechnologie.de\/index.php?rest_route=\/wp\/v2\/pages\/1307"}],"collection":[{"href":"http:\/\/modernebiotechnologie.de\/index.php?rest_route=\/wp\/v2\/pages"}],"about":[{"href":"http:\/\/modernebiotechnologie.de\/index.php?rest_route=\/wp\/v2\/types\/page"}],"author":[{"embeddable":true,"href":"http:\/\/modernebiotechnologie.de\/index.php?rest_route=\/wp\/v2\/users\/5"}],"replies":[{"embeddable":true,"href":"http:\/\/modernebiotechnologie.de\/index.php?rest_route=%2Fwp%2Fv2%2Fcomments&post=1307"}],"version-history":[{"count":5,"href":"http:\/\/modernebiotechnologie.de\/index.php?rest_route=\/wp\/v2\/pages\/1307\/revisions"}],"predecessor-version":[{"id":1436,"href":"http:\/\/modernebiotechnologie.de\/index.php?rest_route=\/wp\/v2\/pages\/1307\/revisions\/1436"}],"wp:attachment":[{"href":"http:\/\/modernebiotechnologie.de\/index.php?rest_route=%2Fwp%2Fv2%2Fmedia&parent=1307"}],"curies":[{"name":"wp","href":"https:\/\/api.w.org\/{rel}","templated":true}]}}